{"id":469,"date":"2013-05-14T17:18:49","date_gmt":"2013-05-14T17:18:49","guid":{"rendered":"http:\/\/69.195.124.91\/~airsensi\/?page_id=469"},"modified":"2014-08-06T15:50:57","modified_gmt":"2014-08-06T15:50:57","slug":"we-are-es","status":"publish","type":"page","link":"https:\/\/airsensing.com\/es\/we-are-es\/","title":{"rendered":"WE ARE &#8211; ES"},"content":{"rendered":"<h5>QUIENES SOMOS<\/h5>\n<p>Desde 1980 y radicado en Toronto, Airborne Sensing ha sido l\u00edder en fotograf\u00eda a\u00e9rea tanto en Canad\u00e1 como internacionalmente. Al adoptar recientemente la tecnolog\u00eda de imagen digital de alta calidad hemos obtenido reflejar nuestro perenne compromiso de mantenernos a la vanguardia de la innovaci\u00f3n. Siempre hemos acogido los \u00faltimos avances tecnol\u00f3gicos para ofrecer los mejores resultados posibles con precisi\u00f3n y rapidez, a tiempo y dentro del presupuesto.\u00a0La conducci\u00f3n de nuestro \u00e9xito se lo debemos a dos caracter\u00edsticas fuertes:<\/p>\n<p><b>Nuestra s\u00f3lida y comprobada experiencia<\/b><\/p>\n<p>Hemos construido nuestra reputaci\u00f3n mediante el trabajo r\u00e1pido y eficiente, con una planificaci\u00f3n inteligente y una excelente gerencia de proyecto. Hemos abordado con \u00e9xito todo tipo de reto, desde las nieblas impredecibles de Terranova, a la medici\u00f3n precisa de las pistas de carrera de NASCAR en el sur de los EE.UU., pasando por la log\u00edstica de operar en alta mar y lugares como Belice o Turcos y Caicos. Resumiendo en una frase \u2013 realizamos con \u00e9xito el trabajo.<\/p>\n<p><strong>Nuestra probada experticia<\/strong><\/p>\n<p>El equipo unificado de Airborne Sensing est\u00e1 integrado por especialistas de gran experiencia en producci\u00f3n de im\u00e1genes, un ingeniero en geom\u00e1tica, y por supuesto, nuestros pilotos profesionales experimentados. Sabemos lo que hacemos tanto en tierra como en aire, y entendemos c\u00f3mo conseguir que nuestra experiencia trabaje para usted &#8211; ya sea nuestra nueva soluci\u00f3n digital de vanguardia o la impecable fotograf\u00eda anal\u00f3gica sobre la que hemos construido nuestra reputaci\u00f3n.<\/p>\n","protected":false},"excerpt":{"rendered":"<p>QUIENES SOMOS Desde 1980 y radicado en Toronto, Airborne Sensing ha sido l\u00edder en fotograf\u00eda a\u00e9rea tanto en Canad\u00e1 como internacionalmente. Al adoptar recientemente la tecnolog\u00eda de imagen digital de alta calidad hemos obtenido reflejar nuestro perenne compromiso de mantenernos a la vanguardia de la&hellip;<\/p>\n","protected":false},"author":1,"featured_media":0,"parent":0,"menu_order":0,"comment_status":"closed","ping_status":"closed","template":"template_fullwidth.php","meta":{"_monsterinsights_skip_tracking":false,"_monsterinsights_sitenote_active":false,"_monsterinsights_sitenote_note":"","_monsterinsights_sitenote_category":0,"footnotes":""},"class_list":["post-469","page","type-page","status-publish","hentry"],"_links":{"self":[{"href":"https:\/\/airsensing.com\/es\/wp-json\/wp\/v2\/pages\/469","targetHints":{"allow":["GET"]}}],"collection":[{"href":"https:\/\/airsensing.com\/es\/wp-json\/wp\/v2\/pages"}],"about":[{"href":"https:\/\/airsensing.com\/es\/wp-json\/wp\/v2\/types\/page"}],"author":[{"embeddable":true,"href":"https:\/\/airsensing.com\/es\/wp-json\/wp\/v2\/users\/1"}],"replies":[{"embeddable":true,"href":"https:\/\/airsensing.com\/es\/wp-json\/wp\/v2\/comments?post=469"}],"version-history":[{"count":6,"href":"https:\/\/airsensing.com\/es\/wp-json\/wp\/v2\/pages\/469\/revisions"}],"predecessor-version":[{"id":1433,"href":"https:\/\/airsensing.com\/es\/wp-json\/wp\/v2\/pages\/469\/revisions\/1433"}],"wp:attachment":[{"href":"https:\/\/airsensing.com\/es\/wp-json\/wp\/v2\/media?parent=469"}],"curies":[{"name":"wp","href":"https:\/\/api.w.org\/{rel}","templated":true}]}}