{"id":472,"date":"2013-05-14T17:30:51","date_gmt":"2013-05-14T17:30:51","guid":{"rendered":"http:\/\/69.195.124.91\/~airsensi\/?page_id=472"},"modified":"2014-08-06T15:52:33","modified_gmt":"2014-08-06T15:52:33","slug":"we-do-es","status":"publish","type":"page","link":"https:\/\/airsensing.com\/es\/we-do-es\/","title":{"rendered":"WE DO &#8211; ES"},"content":{"rendered":"<h5>LO QUE HACEMOS<\/h5>\n<p>Desde nuestro primer vuelo sondeo en 1980, Airborne Sensing ha abordado todo tipo de trabajo de fotograf\u00eda a\u00e9rea: cuencas, vida silvestre e inventarios forestales, calidad del agua y de los estudios ambientales, estudios de exploraci\u00f3n minera, levantamientos topogr\u00e1ficos y muchos m\u00e1s.<\/p>\n<p>Con gran experiencia internacional, desde nuestra base en Toronto, nuestra tripulaci\u00f3n a\u00e9rea ha volado por todo el este de Norteam\u00e9rica, el Caribe y Am\u00e9rica Central. Nuestros aviones multiusos, equipados con la \u00faltima tecnolog\u00eda en imagen y sistemas GPS de precisi\u00f3n, est\u00e1n listos para responder a las necesidades individuales de fotograf\u00eda a\u00e9rea de nuestra clientela.<\/p>\n<p>Y ahora que hemos convertido todo a digital la calidad y precisi\u00f3n de imagen no tiene igual. El tiempo de entrega es m\u00e1s r\u00e1pido. El flujo de trabajo simplificado. La fotograf\u00eda a\u00e9rea digital ofrece todo \u00e9sto y m\u00e1s. Airborne est\u00e1 a la vanguardia en la adopci\u00f3n de la nueva generaci\u00f3n de c\u00e1maras a\u00e9reas digitales y software Vexcel, junto con nuestras soluciones anal\u00f3gicas.<\/p>\n<p><strong>Im\u00e1genes claras y m\u00e1s detalladas<\/strong><br \/>\n\u00c1reas que antes se encontraban en la sombra se rinden ahora ante una fracci\u00f3n de p\u00edxel. Los tres niveles de datos (color, infrarrojo y pancrom\u00e1tico) son capturados simult\u00e1neamente.<\/p>\n<p><strong>GPS integrado<\/strong><br \/>\nLos datos de imagen se pueden combinar al instante con medidas de posicionamiento para el mapeo topogr\u00e1fico preciso.<\/p>\n<p><strong>Automatizaci\u00f3n m\u00e1s sencilla<\/strong><br \/>\nLas im\u00e1genes digitales son m\u00e1s f\u00e1cil y econ\u00f3micamente convertidas \u200b\u200ben mapas sofisticados. Las im\u00e1genes pueden ser entregadas directamente a los sistemas de flujo de trabajo digital \u2013 y Ud. est\u00e1 en una posici\u00f3n ideal, incluso para soluciones m\u00e1s integrales.<\/p>\n","protected":false},"excerpt":{"rendered":"<p>LO QUE HACEMOS Desde nuestro primer vuelo sondeo en 1980, Airborne Sensing ha abordado todo tipo de trabajo de fotograf\u00eda a\u00e9rea: cuencas, vida silvestre e inventarios forestales, calidad del agua y de los estudios ambientales, estudios de exploraci\u00f3n minera, levantamientos topogr\u00e1ficos y muchos m\u00e1s. Con&hellip;<\/p>\n","protected":false},"author":1,"featured_media":0,"parent":0,"menu_order":0,"comment_status":"closed","ping_status":"closed","template":"template_fullwidth.php","meta":{"_monsterinsights_skip_tracking":false,"_monsterinsights_sitenote_active":false,"_monsterinsights_sitenote_note":"","_monsterinsights_sitenote_category":0,"footnotes":""},"class_list":["post-472","page","type-page","status-publish","hentry"],"_links":{"self":[{"href":"https:\/\/airsensing.com\/es\/wp-json\/wp\/v2\/pages\/472","targetHints":{"allow":["GET"]}}],"collection":[{"href":"https:\/\/airsensing.com\/es\/wp-json\/wp\/v2\/pages"}],"about":[{"href":"https:\/\/airsensing.com\/es\/wp-json\/wp\/v2\/types\/page"}],"author":[{"embeddable":true,"href":"https:\/\/airsensing.com\/es\/wp-json\/wp\/v2\/users\/1"}],"replies":[{"embeddable":true,"href":"https:\/\/airsensing.com\/es\/wp-json\/wp\/v2\/comments?post=472"}],"version-history":[{"count":6,"href":"https:\/\/airsensing.com\/es\/wp-json\/wp\/v2\/pages\/472\/revisions"}],"predecessor-version":[{"id":1435,"href":"https:\/\/airsensing.com\/es\/wp-json\/wp\/v2\/pages\/472\/revisions\/1435"}],"wp:attachment":[{"href":"https:\/\/airsensing.com\/es\/wp-json\/wp\/v2\/media?parent=472"}],"curies":[{"name":"wp","href":"https:\/\/api.w.org\/{rel}","templated":true}]}}