{"id":482,"date":"2013-05-14T17:48:57","date_gmt":"2013-05-14T17:48:57","guid":{"rendered":"http:\/\/69.195.124.91\/~airsensi\/?page_id=482"},"modified":"2014-08-06T16:07:16","modified_gmt":"2014-08-06T16:07:16","slug":"agricultura","status":"publish","type":"page","link":"https:\/\/airsensing.com\/es\/para-quien\/agricultura\/","title":{"rendered":"Agricultura"},"content":{"rendered":"<p><img loading=\"lazy\" decoding=\"async\" class=\"alignnone size-full wp-image-484\" src=\"http:\/\/airsensing.com\/wp-content\/uploads\/2014\/06\/LA_Agriculture.gif\" alt=\"airborne_sensing_agriculture_la_sm_02\" width=\"960\" height=\"640\" \/><\/p>\n<h5>Agricultura<\/h5>\n<p>&#8211; La alta precisi\u00f3n fotogram\u00e9trica combinada con la poderosa capacidad multi-espectral de los sensores digitales, facilita enormemente la integraci\u00f3n de proyectos de agricultura de precisi\u00f3n.<br \/>\n&#8211; La nitidez de la imagen y modelado integrado de elevaci\u00f3n digital permiten una cartograf\u00eda de alta precisi\u00f3n de los patrones de drenaje tanto naturales como artificiales y tambi\u00e9n se puede utilizar para trabajos y proyectos de ingenier\u00eda agr\u00edcola de gran escala.<br \/>\n&#8211; Se pueden fotografiar simult\u00e1neamente terrenos cultivados y \u00e1reas adyacentes en blanco y negro, a color y en infrarrojo de tal manera que los estudios sobre la cosecha puedan identificar simult\u00e1neamente distintos tipos de plantas, registrar su posici\u00f3n exacta y evaluar sus condiciones.<\/p>\n","protected":false},"excerpt":{"rendered":"<p>Agricultura &#8211; La alta precisi\u00f3n fotogram\u00e9trica combinada con la poderosa capacidad multi-espectral de los sensores digitales, facilita enormemente la integraci\u00f3n de proyectos de agricultura de precisi\u00f3n. &#8211; La nitidez de la imagen y modelado integrado de elevaci\u00f3n digital permiten una cartograf\u00eda de alta precisi\u00f3n de&hellip;<\/p>\n","protected":false},"author":1,"featured_media":0,"parent":502,"menu_order":1,"comment_status":"closed","ping_status":"closed","template":"template_fullwidth.php","meta":{"_monsterinsights_skip_tracking":false,"_monsterinsights_sitenote_active":false,"_monsterinsights_sitenote_note":"","_monsterinsights_sitenote_category":0,"footnotes":""},"class_list":["post-482","page","type-page","status-publish","hentry"],"_links":{"self":[{"href":"https:\/\/airsensing.com\/es\/wp-json\/wp\/v2\/pages\/482","targetHints":{"allow":["GET"]}}],"collection":[{"href":"https:\/\/airsensing.com\/es\/wp-json\/wp\/v2\/pages"}],"about":[{"href":"https:\/\/airsensing.com\/es\/wp-json\/wp\/v2\/types\/page"}],"author":[{"embeddable":true,"href":"https:\/\/airsensing.com\/es\/wp-json\/wp\/v2\/users\/1"}],"replies":[{"embeddable":true,"href":"https:\/\/airsensing.com\/es\/wp-json\/wp\/v2\/comments?post=482"}],"version-history":[{"count":9,"href":"https:\/\/airsensing.com\/es\/wp-json\/wp\/v2\/pages\/482\/revisions"}],"predecessor-version":[{"id":1451,"href":"https:\/\/airsensing.com\/es\/wp-json\/wp\/v2\/pages\/482\/revisions\/1451"}],"up":[{"embeddable":true,"href":"https:\/\/airsensing.com\/es\/wp-json\/wp\/v2\/pages\/502"}],"wp:attachment":[{"href":"https:\/\/airsensing.com\/es\/wp-json\/wp\/v2\/media?parent=482"}],"curies":[{"name":"wp","href":"https:\/\/api.w.org\/{rel}","templated":true}]}}