{"id":502,"date":"2013-05-15T14:14:57","date_gmt":"2013-05-15T14:14:57","guid":{"rendered":"http:\/\/69.195.124.91\/~airsensi\/?page_id=502"},"modified":"2015-03-05T23:47:59","modified_gmt":"2015-03-05T23:47:59","slug":"para-quien","status":"publish","type":"page","link":"https:\/\/airsensing.com\/es\/para-quien\/","title":{"rendered":"PARA QUIEN"},"content":{"rendered":"<p><img loading=\"lazy\" decoding=\"async\" class=\"alignnone size-full wp-image-200\" src=\"http:\/\/69.195.124.91\/~airsensi\/wp-content\/uploads\/2013\/03\/Airborne_Sensing_forwhom_01.jpg\" alt=\"Airborne_Sensing_forwhom_01\" width=\"960\" height=\"643\" srcset=\"https:\/\/airsensing.com\/wp-content\/uploads\/2013\/03\/Airborne_Sensing_forwhom_01.jpg 960w, https:\/\/airsensing.com\/wp-content\/uploads\/2013\/03\/Airborne_Sensing_forwhom_01-300x200.jpg 300w\" sizes=\"auto, (max-width: 960px) 100vw, 960px\" \/><\/p>\n<h5>PARA QUIEN<\/h5>\n<p>Airborne Sensing proporciona constantemente im\u00e1genes de alta calidad y datos de posicionamiento precisos. Los levantamientos a\u00e9reos de precisi\u00f3n proporcionan las herramientas para hacer frente a los problemas del ma\u00f1ana. Desde el an\u00e1lisis de regiones costeras precarias, a las ecol\u00f3gicamente sensibles operaciones mineras y las im\u00e1genes multi-modales de los bosques y la vida silvestre, la provisi\u00f3n de im\u00e1genes a\u00e9reas permite una responsable toma de decisiones en todos los niveles de planificaci\u00f3n y gesti\u00f3n de proyectos.<\/p>\n<p>La tecnolog\u00eda de imagen digital y posicionamiento de vanguardia utilizada por Airborne Sensing puede producir im\u00e1genes georreferenciadas simult\u00e1neas en blanco y negro, a color y en infrarrojo im\u00e1genes. Producci\u00f3n de imagen digital y la legibilidad digital de los atributos espaciales y espectrales de las im\u00e1genes permite un proceso de dise\u00f1o tridimensional preciso. Airborne Sensing puede proporcionar Modelos Digitales de Superficie (MDS) exactos a los clientes a trav\u00e9s de nuestra georreferenciaci\u00f3n directa y procedimientos de triangulaci\u00f3n a\u00e9rea avanzados. Estos modelos pueden ser utilizados para el trazado de mapas de \u00e1rea superficial para cualquier proyecto que implique cambio en el uso de la tierra o vigilancia ambiental.<\/p>\n<p>Aqu\u00ed puede obtener mayor informacion de nuestras capacidades en las siguientes \u00e1reas:<\/p>\n<p><a href=\"http:\/\/airsensing.com\/es\/para-quien\/agricultura\/\">&gt; Agricultura\u2028<\/a><br \/>\n<a href=\"http:\/\/airsensing.com\/es\/para-quien\/mapas-costeros\/\">&gt; Mapas Costeros\u2028<\/a><br \/>\n<a href=\"http:\/\/airsensing.com\/es\/para-quien\/infraestructura-energetica\/\">&gt; Infraestructura Energ\u00e9tica\u2028<\/a><br \/>\n<a href=\"http:\/\/airsensing.com\/es\/para-quien\/ingenieria-y-medioambiente\/\">&gt; Ingenier\u00eda Ambiental\u2028<\/a><br \/>\n<a href=\"http:\/\/airsensing.com\/es\/para-quien\/silvicultura\/\">&gt; Silvicultura\u2028<\/a><br \/>\n<a href=\"http:\/\/airsensing.com\/es\/para-quien\/cartografia-y-levantamientos\/\">&gt; Cartograf\u00eda y Levantamientos\u2028<\/a><br \/>\n<a href=\"http:\/\/airsensing.com\/es\/para-quien\/ingenieria-minera\/\">&gt; Ingenier\u00eda Minera\u2028<\/a><br \/>\n<a href=\"http:\/\/airsensing.com\/es\/para-quien\/desarrollo-recreacional-y-turistico\/\">&gt; Desarrollo Recreacional y Tur\u00edstico\u2028<\/a><br \/>\n<a href=\"http:\/\/airsensing.com\/es\/para-quien\/transportationutility-corridors-es\/\">&gt; Transporte \/ Desarrollo de Corredores Viales\u00a0<\/a><br \/>\n<a href=\"http:\/\/airsensing.com\/es\/para-quien\/infraestructura-urbana-y-regional\/\">&gt;\u00a0Infraestructura Urbana y Regional<\/a><\/p>\n<p>&nbsp;<\/p>\n","protected":false},"excerpt":{"rendered":"<p>PARA QUIEN Airborne Sensing proporciona constantemente im\u00e1genes de alta calidad y datos de posicionamiento precisos. Los levantamientos a\u00e9reos de precisi\u00f3n proporcionan las herramientas para hacer frente a los problemas del ma\u00f1ana. Desde el an\u00e1lisis de regiones costeras precarias, a las ecol\u00f3gicamente sensibles operaciones mineras y&hellip;<\/p>\n","protected":false},"author":1,"featured_media":0,"parent":0,"menu_order":0,"comment_status":"closed","ping_status":"closed","template":"template_fullwidth.php","meta":{"_monsterinsights_skip_tracking":false,"_monsterinsights_sitenote_active":false,"_monsterinsights_sitenote_note":"","_monsterinsights_sitenote_category":0,"footnotes":""},"class_list":["post-502","page","type-page","status-publish","hentry"],"_links":{"self":[{"href":"https:\/\/airsensing.com\/es\/wp-json\/wp\/v2\/pages\/502","targetHints":{"allow":["GET"]}}],"collection":[{"href":"https:\/\/airsensing.com\/es\/wp-json\/wp\/v2\/pages"}],"about":[{"href":"https:\/\/airsensing.com\/es\/wp-json\/wp\/v2\/types\/page"}],"author":[{"embeddable":true,"href":"https:\/\/airsensing.com\/es\/wp-json\/wp\/v2\/users\/1"}],"replies":[{"embeddable":true,"href":"https:\/\/airsensing.com\/es\/wp-json\/wp\/v2\/comments?post=502"}],"version-history":[{"count":9,"href":"https:\/\/airsensing.com\/es\/wp-json\/wp\/v2\/pages\/502\/revisions"}],"predecessor-version":[{"id":1586,"href":"https:\/\/airsensing.com\/es\/wp-json\/wp\/v2\/pages\/502\/revisions\/1586"}],"wp:attachment":[{"href":"https:\/\/airsensing.com\/es\/wp-json\/wp\/v2\/media?parent=502"}],"curies":[{"name":"wp","href":"https:\/\/api.w.org\/{rel}","templated":true}]}}