{"id":504,"date":"2013-05-15T14:17:23","date_gmt":"2013-05-15T14:17:23","guid":{"rendered":"http:\/\/69.195.124.91\/~airsensi\/?page_id=504"},"modified":"2014-08-06T16:08:31","modified_gmt":"2014-08-06T16:08:31","slug":"mapas-costeros","status":"publish","type":"page","link":"https:\/\/airsensing.com\/es\/para-quien\/mapas-costeros\/","title":{"rendered":"Mapas Costeros"},"content":{"rendered":"<h5><img loading=\"lazy\" decoding=\"async\" class=\"alignnone size-full wp-image-505\" src=\"http:\/\/airsensing.com\/wp-content\/uploads\/2014\/06\/LA_CoastalMapping.gif\" alt=\"airborne_sensing_coastal_mapping_la_sm_02\" width=\"960\" height=\"640\" \/><\/h5>\n<h5>Mapas Costeros<\/h5>\n<p>La experiencia en la captura de im\u00e1genes digitales con un sofisticado flujo de trabajo en el procesamiento de datos facilita la planificaci\u00f3n avanzada de emergencia ya que las regiones costeras de todo el mundo est\u00e1n ganando cada vez m\u00e1s atenci\u00f3n como espacios precarios que requieren este tipo de planificaci\u00f3n.<br \/>\n&#8211; Las im\u00e1genes multiespectrales tridimensionales permiten a los planificadores de emergencias simular y predecir los impactos del aumento en los niveles del agua en una zona costera determinada y mitigar estos efectos por adelantado.<br \/>\n&#8211; Airborne Sensing est\u00e1 equipado para proporcionar todas las etapas de la cartograf\u00eda costera, desde levantamientos terrestres y a\u00e9reos y modelos de elevaci\u00f3n, hasta la entrega de im\u00e1genes ortorectificadas y el suministro de modelos tridimensionales.<br \/>\n&#8211; La obtenci\u00f3n de im\u00e1genes precisas de las caracter\u00edsticas artificiales y naturales es parte integral de los estudios de h\u00e1bitats humanos y la vida silvestre en las regiones costeras.<br \/>\n&#8211; Airborne Sensing no ha (todav\u00eda) cruzado el Oc\u00e9ano Atl\u00e1ntico y tampoco el Pac\u00edfico, pero nuestra versatilidad, de equipos de a bordo y terrestres, y de nuestro personal, es clara en lo que respecta a la gama de nuestro trabajo costero, que se extiende desde el \u00c1rtico canadiense a las costas de Ecuador, desde las costas rocosas de Terranova en el este hasta Vancouver, Nanaimo y San Francisco en el oeste, as\u00ed como una serie de ciudades de la costa de M\u00e9xico y el Caribe.<\/p>\n","protected":false},"excerpt":{"rendered":"<p>Mapas Costeros La experiencia en la captura de im\u00e1genes digitales con un sofisticado flujo de trabajo en el procesamiento de datos facilita la planificaci\u00f3n avanzada de emergencia ya que las regiones costeras de todo el mundo est\u00e1n ganando cada vez m\u00e1s atenci\u00f3n como espacios precarios&hellip;<\/p>\n","protected":false},"author":1,"featured_media":0,"parent":502,"menu_order":0,"comment_status":"closed","ping_status":"open","template":"template_fullwidth.php","meta":{"_monsterinsights_skip_tracking":false,"_monsterinsights_sitenote_active":false,"_monsterinsights_sitenote_note":"","_monsterinsights_sitenote_category":0,"footnotes":""},"class_list":["post-504","page","type-page","status-publish","hentry"],"_links":{"self":[{"href":"https:\/\/airsensing.com\/es\/wp-json\/wp\/v2\/pages\/504","targetHints":{"allow":["GET"]}}],"collection":[{"href":"https:\/\/airsensing.com\/es\/wp-json\/wp\/v2\/pages"}],"about":[{"href":"https:\/\/airsensing.com\/es\/wp-json\/wp\/v2\/types\/page"}],"author":[{"embeddable":true,"href":"https:\/\/airsensing.com\/es\/wp-json\/wp\/v2\/users\/1"}],"replies":[{"embeddable":true,"href":"https:\/\/airsensing.com\/es\/wp-json\/wp\/v2\/comments?post=504"}],"version-history":[{"count":9,"href":"https:\/\/airsensing.com\/es\/wp-json\/wp\/v2\/pages\/504\/revisions"}],"predecessor-version":[{"id":1452,"href":"https:\/\/airsensing.com\/es\/wp-json\/wp\/v2\/pages\/504\/revisions\/1452"}],"up":[{"embeddable":true,"href":"https:\/\/airsensing.com\/es\/wp-json\/wp\/v2\/pages\/502"}],"wp:attachment":[{"href":"https:\/\/airsensing.com\/es\/wp-json\/wp\/v2\/media?parent=504"}],"curies":[{"name":"wp","href":"https:\/\/api.w.org\/{rel}","templated":true}]}}