{"id":520,"date":"2013-05-15T14:29:23","date_gmt":"2013-05-15T14:29:23","guid":{"rendered":"http:\/\/69.195.124.91\/~airsensi\/?page_id=520"},"modified":"2014-08-06T16:05:08","modified_gmt":"2014-08-06T16:05:08","slug":"infraestructura-energetica","status":"publish","type":"page","link":"https:\/\/airsensing.com\/es\/para-quien\/infraestructura-energetica\/","title":{"rendered":"Infraestructura Energ\u00e9tica"},"content":{"rendered":"<h5><img loading=\"lazy\" decoding=\"async\" class=\"alignnone size-full wp-image-521\" src=\"http:\/\/airsensing.com\/wp-content\/uploads\/2014\/06\/LA_Energy.gif\" alt=\"airborne_sensing_energy_qc_sm_02\" width=\"960\" height=\"640\" \/><\/h5>\n<h5>Infraestructura Energ\u00e9tica<\/h5>\n<p>&#8211; Las im\u00e1genes digitales precisas y la obtenci\u00f3n de Modelos Digitales de Superficie son esenciales para los estudios de factibilidad del suelo en dise\u00f1o y desarrollo de proyectos para la extracci\u00f3n de las fuentes de energ\u00eda como el carb\u00f3n, gas natural, energ\u00eda hidroel\u00e9ctrica y e\u00f3lica, as\u00ed como el apoyo continuo para estos proyectos a medida que contin\u00faan su operaciones.<br \/>\n&#8211; Las im\u00e1genes a\u00e9reas permiten la cartograf\u00eda exacta de los corredores de transporte de energ\u00eda, tales como cables el\u00e9ctricos, tuber\u00edas y l\u00edneas de ferrocarril.<br \/>\n&#8211; La r\u00e1pida producci\u00f3n de ortofotos de alta calidad y la triangulaci\u00f3n a\u00e9rea a trav\u00e9s de nuestros sistemas integrados y automatizados permiten un control preciso de la calidad de la infraestructura existente para facilitar la gesti\u00f3n de riesgos para el desarrollo de los recursos de hidrocarburos.<br \/>\n&#8211; La medici\u00f3n precisa de la superficie y el volumen de los edificios puede facilitar la producci\u00f3n de modelos tridimensionales precisos para el c\u00e1lculo de la p\u00e9rdida y ganancia de calor urbano que se utiliza para la evaluaci\u00f3n del consumo energ\u00e9tico de una ciudad a trav\u00e9s de proyectos como el mapeo de calor urbano, estudios de viabilidad de cinturones verdes y el inventario de los bosques urbanos.<\/p>\n","protected":false},"excerpt":{"rendered":"<p>Infraestructura Energ\u00e9tica &#8211; Las im\u00e1genes digitales precisas y la obtenci\u00f3n de Modelos Digitales de Superficie son esenciales para los estudios de factibilidad del suelo en dise\u00f1o y desarrollo de proyectos para la extracci\u00f3n de las fuentes de energ\u00eda como el carb\u00f3n, gas natural, energ\u00eda hidroel\u00e9ctrica&hellip;<\/p>\n","protected":false},"author":1,"featured_media":0,"parent":502,"menu_order":0,"comment_status":"closed","ping_status":"open","template":"template_fullwidth.php","meta":{"_monsterinsights_skip_tracking":false,"_monsterinsights_sitenote_active":false,"_monsterinsights_sitenote_note":"","_monsterinsights_sitenote_category":0,"footnotes":""},"class_list":["post-520","page","type-page","status-publish","hentry"],"_links":{"self":[{"href":"https:\/\/airsensing.com\/es\/wp-json\/wp\/v2\/pages\/520","targetHints":{"allow":["GET"]}}],"collection":[{"href":"https:\/\/airsensing.com\/es\/wp-json\/wp\/v2\/pages"}],"about":[{"href":"https:\/\/airsensing.com\/es\/wp-json\/wp\/v2\/types\/page"}],"author":[{"embeddable":true,"href":"https:\/\/airsensing.com\/es\/wp-json\/wp\/v2\/users\/1"}],"replies":[{"embeddable":true,"href":"https:\/\/airsensing.com\/es\/wp-json\/wp\/v2\/comments?post=520"}],"version-history":[{"count":10,"href":"https:\/\/airsensing.com\/es\/wp-json\/wp\/v2\/pages\/520\/revisions"}],"predecessor-version":[{"id":1449,"href":"https:\/\/airsensing.com\/es\/wp-json\/wp\/v2\/pages\/520\/revisions\/1449"}],"up":[{"embeddable":true,"href":"https:\/\/airsensing.com\/es\/wp-json\/wp\/v2\/pages\/502"}],"wp:attachment":[{"href":"https:\/\/airsensing.com\/es\/wp-json\/wp\/v2\/media?parent=520"}],"curies":[{"name":"wp","href":"https:\/\/api.w.org\/{rel}","templated":true}]}}