{"id":532,"date":"2013-05-15T14:39:40","date_gmt":"2013-05-15T14:39:40","guid":{"rendered":"http:\/\/69.195.124.91\/~airsensi\/?page_id=532"},"modified":"2014-08-07T16:27:09","modified_gmt":"2014-08-07T16:27:09","slug":"ingenieria-y-medioambiente","status":"publish","type":"page","link":"https:\/\/airsensing.com\/es\/para-quien\/ingenieria-y-medioambiente\/","title":{"rendered":"Ingenier\u00eda y Medioambiente"},"content":{"rendered":"<h5><\/h5>\n<p><img loading=\"lazy\" decoding=\"async\" class=\"alignnone size-full wp-image-540\" src=\"http:\/\/airsensing.com\/wp-content\/uploads\/2014\/06\/LA_EnvironEngineering.gif\" alt=\"airborne_sensing_environ_engineering_la_sm_01\" width=\"960\" height=\"640\" \/><\/p>\n<h5>Ingenier\u00eda y Medioambiente<\/h5>\n<p>&#8211; Se puede evaluar una amplia gama de problemas ambientales m\u00e1s f\u00e1cilmente con sofisticados sensores digitales, una potente capacidad multi-espectral y la toma simult\u00e1nea de im\u00e1genes en blanco y negro, a color y en infrarrojo.\u2028<br \/>\n&#8211; La imagen n\u00edtida y el modelado digital de elevaci\u00f3n integrada de nuestros sensores digitales garantizan que todos los datos de imagen a\u00e9rea se entregan en un formato georreferenciado y se pueden importar en SIG y otros dispositivos de visi\u00f3n para la observaci\u00f3n de las condiciones existentes, as\u00ed como informaci\u00f3n \u00fatil para la mitigaci\u00f3n de los desastres ambientales.<br \/>\n&#8211; La clasificaci\u00f3n autom\u00e1tica de im\u00e1genes permite la detecci\u00f3n de objetos o atributos superficiales similares &#8211; por ejemplo, para determinar la presencia y ubicaci\u00f3n precisa de una especie de planta invasora.<br \/>\n&#8211; Con la radiometr\u00eda inigualable y una precisi\u00f3n excelente, los estudios de la fauna (inventarios de reba\u00f1os) pueden combinar identificaci\u00f3n, localizaci\u00f3n y medici\u00f3n dentro del mismo conjunto de datos de imagen, mientras que los estudios acu\u00e1ticos pueden delinear con precisi\u00f3n los patrones costeros y evaluar la posici\u00f3n y las condiciones de la vegetaci\u00f3n.<\/p>\n","protected":false},"excerpt":{"rendered":"<p>Ingenier\u00eda y Medioambiente &#8211; Se puede evaluar una amplia gama de problemas ambientales m\u00e1s f\u00e1cilmente con sofisticados sensores digitales, una potente capacidad multi-espectral y la toma simult\u00e1nea de im\u00e1genes en blanco y negro, a color y en infrarrojo.\u2028 &#8211; La imagen n\u00edtida y el modelado&hellip;<\/p>\n","protected":false},"author":1,"featured_media":0,"parent":502,"menu_order":2,"comment_status":"closed","ping_status":"closed","template":"template_fullwidth.php","meta":{"_monsterinsights_skip_tracking":false,"_monsterinsights_sitenote_active":false,"_monsterinsights_sitenote_note":"","_monsterinsights_sitenote_category":0,"footnotes":""},"class_list":["post-532","page","type-page","status-publish","hentry"],"_links":{"self":[{"href":"https:\/\/airsensing.com\/es\/wp-json\/wp\/v2\/pages\/532","targetHints":{"allow":["GET"]}}],"collection":[{"href":"https:\/\/airsensing.com\/es\/wp-json\/wp\/v2\/pages"}],"about":[{"href":"https:\/\/airsensing.com\/es\/wp-json\/wp\/v2\/types\/page"}],"author":[{"embeddable":true,"href":"https:\/\/airsensing.com\/es\/wp-json\/wp\/v2\/users\/1"}],"replies":[{"embeddable":true,"href":"https:\/\/airsensing.com\/es\/wp-json\/wp\/v2\/comments?post=532"}],"version-history":[{"count":9,"href":"https:\/\/airsensing.com\/es\/wp-json\/wp\/v2\/pages\/532\/revisions"}],"predecessor-version":[{"id":1484,"href":"https:\/\/airsensing.com\/es\/wp-json\/wp\/v2\/pages\/532\/revisions\/1484"}],"up":[{"embeddable":true,"href":"https:\/\/airsensing.com\/es\/wp-json\/wp\/v2\/pages\/502"}],"wp:attachment":[{"href":"https:\/\/airsensing.com\/es\/wp-json\/wp\/v2\/media?parent=532"}],"curies":[{"name":"wp","href":"https:\/\/api.w.org\/{rel}","templated":true}]}}