{"id":545,"date":"2013-05-15T15:12:52","date_gmt":"2013-05-15T15:12:52","guid":{"rendered":"http:\/\/69.195.124.91\/~airsensi\/?page_id=545"},"modified":"2014-08-07T16:28:56","modified_gmt":"2014-08-07T16:28:56","slug":"silvicultura","status":"publish","type":"page","link":"https:\/\/airsensing.com\/es\/para-quien\/silvicultura\/","title":{"rendered":"Silvicultura"},"content":{"rendered":"<h5><img loading=\"lazy\" decoding=\"async\" class=\"alignnone size-full wp-image-546\" src=\"http:\/\/airsensing.com\/wp-content\/uploads\/2014\/06\/LA_Forestry.gif\" alt=\"airborne_sensing_forestry_la_sm_02\" width=\"960\" height=\"640\" \/><\/h5>\n<h5>Silvicultura<\/h5>\n<p>Desde la invenci\u00f3n de la c\u00e1mara de cartograf\u00eda a\u00e9rea moderna en la d\u00e9cada de 1920, los levantamientos a\u00e9reos se han estado utilizando en la mayor\u00eda de los inventarios forestales b\u00e1sicos.<\/p>\n<p>En 1981, ASC fue pionera en el uso de las im\u00e1genes infrarrojas para estudios de regeneraci\u00f3n forestal y contin\u00faa innovando en el campo hoy en d\u00eda.<\/p>\n<p>Los bosques no s\u00f3lo son los pulmones del planeta, sino que tambi\u00e9n funcionan como un sistema de desag\u00fce, un lugar de acumulaci\u00f3n de energ\u00eda, y una fuente de materia prima que puede ser utilizada para protecci\u00f3n y albergue, vestido e inclusive para el intercambio de informaci\u00f3n. Las im\u00e1genes digitales de alta resoluci\u00f3n, multiespectrales, combinadas con la georreferenciaci\u00f3n precisa, pueden ayudar a los gobiernos, los gestores forestales y empresas p\u00fablicas y privadas para evitar los desequilibrios que resultan de poner demasiado \u00e9nfasis en uno a expensas del otro.<\/p>\n<p>Im\u00e1genes multiespectrales y fotogram\u00e9tricamente-correctas permiten a los cient\u00edficos y gestores forestales identificar especies, medir objetos, evaluar las condiciones de la vegetaci\u00f3n y monitorear los h\u00e1bitats (tales como el drenaje y el levantamiento de niveles) dentro de un bosque, a fin de evaluarlo.<\/p>\n<p>Se pueden llevar a cabo intervenciones concretas en la regeneraci\u00f3n de bosques, tales como el control de plagas y acciones contra especies invasoras m\u00e1s f\u00e1cilmente con datos cartogr\u00e1ficos precisos.<\/p>\n<p>La georreferenciaci\u00f3n m\u00e1s precisa facilita el delineamiento claro de las \u00e1reas aprovechables, teniendo en cuenta caracter\u00edsticas tales como las orillas de arroyos y quebradas, subsidios de carreteras y modelos de elevaci\u00f3n digital que se pueden utilizar para extraer datos detallados del terreno para trabajos de ingenier\u00eda y caminos forestales.<\/p>\n<p>La entrega inmediata de fotomapas ortorectificados puede ponerse a la disposici\u00f3n de organizaciones tanto del sector privado como las del sector p\u00fablico para efectos silvicultura e infraestructura.<\/p>\n<p>La tecnolog\u00eda MDS puede medir el volumen de biomasa, el cual se puede utilizar para evaluar las capacidades de detenci\u00f3n de carbono de los bosques; Airborne Sensing demostr\u00f3 sus habilidades en una presentaci\u00f3n para el Instituto Geogr\u00e1fico Militar en Quito, Ecuador en 2012.<\/p>\n","protected":false},"excerpt":{"rendered":"<p>Silvicultura Desde la invenci\u00f3n de la c\u00e1mara de cartograf\u00eda a\u00e9rea moderna en la d\u00e9cada de 1920, los levantamientos a\u00e9reos se han estado utilizando en la mayor\u00eda de los inventarios forestales b\u00e1sicos. En 1981, ASC fue pionera en el uso de las im\u00e1genes infrarrojas para estudios&hellip;<\/p>\n","protected":false},"author":1,"featured_media":0,"parent":502,"menu_order":3,"comment_status":"closed","ping_status":"closed","template":"template_fullwidth.php","meta":{"_monsterinsights_skip_tracking":false,"_monsterinsights_sitenote_active":false,"_monsterinsights_sitenote_note":"","_monsterinsights_sitenote_category":0,"footnotes":""},"class_list":["post-545","page","type-page","status-publish","hentry"],"_links":{"self":[{"href":"https:\/\/airsensing.com\/es\/wp-json\/wp\/v2\/pages\/545","targetHints":{"allow":["GET"]}}],"collection":[{"href":"https:\/\/airsensing.com\/es\/wp-json\/wp\/v2\/pages"}],"about":[{"href":"https:\/\/airsensing.com\/es\/wp-json\/wp\/v2\/types\/page"}],"author":[{"embeddable":true,"href":"https:\/\/airsensing.com\/es\/wp-json\/wp\/v2\/users\/1"}],"replies":[{"embeddable":true,"href":"https:\/\/airsensing.com\/es\/wp-json\/wp\/v2\/comments?post=545"}],"version-history":[{"count":9,"href":"https:\/\/airsensing.com\/es\/wp-json\/wp\/v2\/pages\/545\/revisions"}],"predecessor-version":[{"id":1485,"href":"https:\/\/airsensing.com\/es\/wp-json\/wp\/v2\/pages\/545\/revisions\/1485"}],"up":[{"embeddable":true,"href":"https:\/\/airsensing.com\/es\/wp-json\/wp\/v2\/pages\/502"}],"wp:attachment":[{"href":"https:\/\/airsensing.com\/es\/wp-json\/wp\/v2\/media?parent=545"}],"curies":[{"name":"wp","href":"https:\/\/api.w.org\/{rel}","templated":true}]}}