{"id":556,"date":"2013-03-08T00:57:37","date_gmt":"2013-03-08T00:57:37","guid":{"rendered":"http:\/\/69.195.124.91\/~airsensi\/for-whom-es\/mappingsurveying\/"},"modified":"2014-08-07T16:29:57","modified_gmt":"2014-08-07T16:29:57","slug":"cartografia-y-levantamientos","status":"publish","type":"page","link":"https:\/\/airsensing.com\/es\/para-quien\/cartografia-y-levantamientos\/","title":{"rendered":"Cartograf\u00eda y Levantamientos"},"content":{"rendered":"<h5><img loading=\"lazy\" decoding=\"async\" class=\"alignnone size-full wp-image-552\" src=\"http:\/\/airsensing.com\/wp-content\/uploads\/2014\/06\/mapping_es.jpg\" alt=\"airborne_sensing_generic_sm_01\" width=\"960\" height=\"640\" \/><\/h5>\n<h5>Cartograf\u00eda y Levantamientos<\/h5>\n<p>El g\u00e9nero conocido como \u2018mapa\u2019 ha, en gran medida, evolucionado a partir de una abstracci\u00f3n bidimensional impresa en papel que muestra s\u00edmbolos y representaciones de los accidentes del terreno a un modelo tridimensional interactivo que recrea la superficie de la tierra tal y como lo que realmente es. ASC ofrece im\u00e1genes y datos de posicionamiento para garantizar la facilidad de uso, as\u00ed como la integridad de estos modelos.<\/p>\n<p>&#8211; La sofisticada tecnolog\u00eda de imagen Vexcel que integra todos los sistemas de precisi\u00f3n de posicionamiento a\u00e9reos existentes (incluyendo KGPS e IMU) y las im\u00e1genes digitales se muestran con par\u00e1metros totales de orientaci\u00f3n interior y exterior para ser utilizados dentro de los SIG y otros dispositivos de cobertura visual.<br \/>\n&#8211; La necesidad de usar modelos generados por LIDAR se ha reducido mediante la utilizaci\u00f3n de georreferencia directa integrada, producci\u00f3n casi autom\u00e1tica de ortofotos y procesos r\u00e1pidos de triangulaci\u00f3n a\u00e9rea.<br \/>\n&#8211; La s\u00f3lida arquitectura de puntos de atadura ofrece una triangulaci\u00f3n de alta precisi\u00f3n. La claridad de la imagen permite una m\u00e1s r\u00e1pida y m\u00e1s precisa correlaci\u00f3n de puntos de atadura que cualquier otra tecnolog\u00eda de detecci\u00f3n.<br \/>\n&#8211; La Radiometr\u00eda (a color) equilibra im\u00e1genes individuales o archivos completos de fotos y un rango din\u00e1mico mas elevado facilita el trazado de mapas en corredores urbanos densos y sitios de alto contraste tales como el litoral y zonas boscosas.<br \/>\n&#8211; Combinando la imagen digital con la ortocertificaci\u00f3n permite que Airborne Sensing proporcione un Modelo Digital de Superficie (MDS) m\u00e1s exacto, permitiendo una extremadamente r\u00e1pida transformaci\u00f3n de la imagen bidimensional a su correspondiente representaci\u00f3n terrestre tridimensional.<\/p>\n","protected":false},"excerpt":{"rendered":"<p>Cartograf\u00eda y Levantamientos El g\u00e9nero conocido como \u2018mapa\u2019 ha, en gran medida, evolucionado a partir de una abstracci\u00f3n bidimensional impresa en papel que muestra s\u00edmbolos y representaciones de los accidentes del terreno a un modelo tridimensional interactivo que recrea la superficie de la tierra tal&hellip;<\/p>\n","protected":false},"author":1,"featured_media":0,"parent":502,"menu_order":4,"comment_status":"closed","ping_status":"closed","template":"template_fullwidth.php","meta":{"_monsterinsights_skip_tracking":false,"_monsterinsights_sitenote_active":false,"_monsterinsights_sitenote_note":"","_monsterinsights_sitenote_category":0,"footnotes":""},"class_list":["post-556","page","type-page","status-publish","hentry"],"_links":{"self":[{"href":"https:\/\/airsensing.com\/es\/wp-json\/wp\/v2\/pages\/556","targetHints":{"allow":["GET"]}}],"collection":[{"href":"https:\/\/airsensing.com\/es\/wp-json\/wp\/v2\/pages"}],"about":[{"href":"https:\/\/airsensing.com\/es\/wp-json\/wp\/v2\/types\/page"}],"author":[{"embeddable":true,"href":"https:\/\/airsensing.com\/es\/wp-json\/wp\/v2\/users\/1"}],"replies":[{"embeddable":true,"href":"https:\/\/airsensing.com\/es\/wp-json\/wp\/v2\/comments?post=556"}],"version-history":[{"count":10,"href":"https:\/\/airsensing.com\/es\/wp-json\/wp\/v2\/pages\/556\/revisions"}],"predecessor-version":[{"id":1486,"href":"https:\/\/airsensing.com\/es\/wp-json\/wp\/v2\/pages\/556\/revisions\/1486"}],"up":[{"embeddable":true,"href":"https:\/\/airsensing.com\/es\/wp-json\/wp\/v2\/pages\/502"}],"wp:attachment":[{"href":"https:\/\/airsensing.com\/es\/wp-json\/wp\/v2\/media?parent=556"}],"curies":[{"name":"wp","href":"https:\/\/api.w.org\/{rel}","templated":true}]}}