{"id":572,"date":"2013-05-15T16:14:56","date_gmt":"2013-05-15T16:14:56","guid":{"rendered":"http:\/\/69.195.124.91\/~airsensi\/?page_id=572"},"modified":"2014-08-07T16:31:52","modified_gmt":"2014-08-07T16:31:52","slug":"ingenieria-minera","status":"publish","type":"page","link":"https:\/\/airsensing.com\/es\/para-quien\/ingenieria-minera\/","title":{"rendered":"Ingenier\u00eda Minera"},"content":{"rendered":"<h5><img loading=\"lazy\" decoding=\"async\" class=\"alignnone size-full wp-image-567\" src=\"http:\/\/airsensing.com\/wp-content\/uploads\/2014\/06\/LA_Mining.gif\" alt=\"airborne_sensing_mining_sm_01\" width=\"960\" height=\"640\" \/><\/h5>\n<h5>Ingenier\u00eda Minera<\/h5>\n<p>&#8211; Las im\u00e1genes a\u00e9reas obtenidas a trav\u00e9s de estudios fotogr\u00e1ficos, junto con los modelos de superficie que se pueden extraer de ellas, permiten que el dise\u00f1o y desarrollo de proyectos mineros tengan lugar a partir de datos de fuentes id\u00e9nticas para procesos de ingenier\u00eda tanto cuantitativos como cualitativos.<br \/>\n&#8211; Los datos tridimensionales precisos producidos por ortofotograf\u00eda y MDSs permiten al promotor minero obtener sus objetivos con muy poco movimiento de tierra lo cual se traduce en ahorro financiero y eficiencia ecol\u00f3gica. \u2028<br \/>\n&#8211; La entrega inmediata de ortofotos es beneficiosa para el desarrollo de corredores de transporte para llevar al mercado el mineral\/producto extra\u00eddo con un dise\u00f1o inteligente y econ\u00f3mico.<br \/>\n&#8211; Airborne Sensing ha proporcionado levantamientos a\u00e9reos en varias operaciones mineras importantes. Ejemplo de ello es la mina de extracci\u00f3n de n\u00edquel y metales bases en Raglan, Quebec, y la otra es el yacimiento de hierro Schefferville, Quebec. Ambos proyectos incluyen tambi\u00e9n el levantamiento de conectores: El trazado de mapas para corredores de transporte sobre terrenos casi impenetrables para transportar de forma segura y eficiente el mineral extra\u00eddo a los puntos de distribuci\u00f3n.<\/p>\n","protected":false},"excerpt":{"rendered":"<p>Ingenier\u00eda Minera &#8211; Las im\u00e1genes a\u00e9reas obtenidas a trav\u00e9s de estudios fotogr\u00e1ficos, junto con los modelos de superficie que se pueden extraer de ellas, permiten que el dise\u00f1o y desarrollo de proyectos mineros tengan lugar a partir de datos de fuentes id\u00e9nticas para procesos de&hellip;<\/p>\n","protected":false},"author":1,"featured_media":0,"parent":502,"menu_order":0,"comment_status":"closed","ping_status":"open","template":"template_fullwidth.php","meta":{"_monsterinsights_skip_tracking":false,"_monsterinsights_sitenote_active":false,"_monsterinsights_sitenote_note":"","_monsterinsights_sitenote_category":0,"footnotes":""},"class_list":["post-572","page","type-page","status-publish","hentry"],"_links":{"self":[{"href":"https:\/\/airsensing.com\/es\/wp-json\/wp\/v2\/pages\/572","targetHints":{"allow":["GET"]}}],"collection":[{"href":"https:\/\/airsensing.com\/es\/wp-json\/wp\/v2\/pages"}],"about":[{"href":"https:\/\/airsensing.com\/es\/wp-json\/wp\/v2\/types\/page"}],"author":[{"embeddable":true,"href":"https:\/\/airsensing.com\/es\/wp-json\/wp\/v2\/users\/1"}],"replies":[{"embeddable":true,"href":"https:\/\/airsensing.com\/es\/wp-json\/wp\/v2\/comments?post=572"}],"version-history":[{"count":7,"href":"https:\/\/airsensing.com\/es\/wp-json\/wp\/v2\/pages\/572\/revisions"}],"predecessor-version":[{"id":1487,"href":"https:\/\/airsensing.com\/es\/wp-json\/wp\/v2\/pages\/572\/revisions\/1487"}],"up":[{"embeddable":true,"href":"https:\/\/airsensing.com\/es\/wp-json\/wp\/v2\/pages\/502"}],"wp:attachment":[{"href":"https:\/\/airsensing.com\/es\/wp-json\/wp\/v2\/media?parent=572"}],"curies":[{"name":"wp","href":"https:\/\/api.w.org\/{rel}","templated":true}]}}