{"id":585,"date":"2013-05-15T16:24:02","date_gmt":"2013-05-15T16:24:02","guid":{"rendered":"http:\/\/69.195.124.91\/~airsensi\/?page_id=585"},"modified":"2014-08-07T16:32:53","modified_gmt":"2014-08-07T16:32:53","slug":"desarrollo-recreacional-y-turistico","status":"publish","type":"page","link":"https:\/\/airsensing.com\/es\/para-quien\/desarrollo-recreacional-y-turistico\/","title":{"rendered":"Desarrollo Recreacional y Tur\u00edstico"},"content":{"rendered":"<h5><img loading=\"lazy\" decoding=\"async\" class=\"alignnone size-full wp-image-587\" src=\"http:\/\/airsensing.com\/wp-content\/uploads\/2014\/06\/LA_Recreational.gif\" alt=\"airborne_sensing_recreation_la_sm_04\" width=\"960\" height=\"640\" \/><\/h5>\n<h5>Desarrollo Recreacional y Tur\u00edstico<\/h5>\n<p>&#8211; Los modelos digitales proporcionan informaci\u00f3n clave a los promotores inmobiliarios acerca de la localizaci\u00f3n precisa de dunas, manglares bosques y arrecifes, permitiendo el desarrollo de espacios grandes de terreno rural con el m\u00e1ximo aprovechamiento del valor a\u00f1adido por el promotor y m\u00ednima perturbaci\u00f3n de sus caracter\u00edsticas.<br \/>\n&#8211; La entrega inmediata de ortofotos proporciona a los promotores la informaci\u00f3n necesaria en cuanto a la conveniencia, la accesibilidad y la sostenibilidad de un sitio determinado.<\/p>\n","protected":false},"excerpt":{"rendered":"<p>Desarrollo Recreacional y Tur\u00edstico &#8211; Los modelos digitales proporcionan informaci\u00f3n clave a los promotores inmobiliarios acerca de la localizaci\u00f3n precisa de dunas, manglares bosques y arrecifes, permitiendo el desarrollo de espacios grandes de terreno rural con el m\u00e1ximo aprovechamiento del valor a\u00f1adido por el promotor&hellip;<\/p>\n","protected":false},"author":1,"featured_media":0,"parent":502,"menu_order":0,"comment_status":"closed","ping_status":"open","template":"template_fullwidth.php","meta":{"_monsterinsights_skip_tracking":false,"_monsterinsights_sitenote_active":false,"_monsterinsights_sitenote_note":"","_monsterinsights_sitenote_category":0,"footnotes":""},"class_list":["post-585","page","type-page","status-publish","hentry"],"_links":{"self":[{"href":"https:\/\/airsensing.com\/es\/wp-json\/wp\/v2\/pages\/585","targetHints":{"allow":["GET"]}}],"collection":[{"href":"https:\/\/airsensing.com\/es\/wp-json\/wp\/v2\/pages"}],"about":[{"href":"https:\/\/airsensing.com\/es\/wp-json\/wp\/v2\/types\/page"}],"author":[{"embeddable":true,"href":"https:\/\/airsensing.com\/es\/wp-json\/wp\/v2\/users\/1"}],"replies":[{"embeddable":true,"href":"https:\/\/airsensing.com\/es\/wp-json\/wp\/v2\/comments?post=585"}],"version-history":[{"count":7,"href":"https:\/\/airsensing.com\/es\/wp-json\/wp\/v2\/pages\/585\/revisions"}],"predecessor-version":[{"id":1488,"href":"https:\/\/airsensing.com\/es\/wp-json\/wp\/v2\/pages\/585\/revisions\/1488"}],"up":[{"embeddable":true,"href":"https:\/\/airsensing.com\/es\/wp-json\/wp\/v2\/pages\/502"}],"wp:attachment":[{"href":"https:\/\/airsensing.com\/es\/wp-json\/wp\/v2\/media?parent=585"}],"curies":[{"name":"wp","href":"https:\/\/api.w.org\/{rel}","templated":true}]}}