{"id":603,"date":"2013-05-15T16:39:47","date_gmt":"2013-05-15T16:39:47","guid":{"rendered":"http:\/\/69.195.124.91\/~airsensi\/?page_id=603"},"modified":"2014-07-16T16:42:35","modified_gmt":"2014-07-16T16:42:35","slug":"transportationutility-corridors-es","status":"publish","type":"page","link":"https:\/\/airsensing.com\/es\/para-quien\/transportationutility-corridors-es\/","title":{"rendered":"Transportation\/Utility Corridors &#8211; ES"},"content":{"rendered":"<h5><img loading=\"lazy\" decoding=\"async\" class=\"alignnone size-full wp-image-604\" src=\"http:\/\/airsensing.com\/wp-content\/uploads\/2014\/06\/corridor_es.gif\" alt=\"airborne_sensing_transportation_la_sm_01\" width=\"960\" height=\"640\" \/><\/h5>\n<p><b>Desarrollo de Corredores Viales<\/b><\/p>\n<p>&#8211; La recopilaci\u00f3n de datos para la evaluaci\u00f3n ambiental e ingenier\u00eda se pueden canalizar reduciendo el tiempo de planificaci\u00f3n y permitiendo a los planificadores e ingenieros interrelacionar los datos de referencia de las mismas im\u00e1genes.<br \/>\n&#8211; La georreferenciaci\u00f3n precisa y modelado de elevaci\u00f3n digital, integrado con los datos del levantamiento del terreno, se pueden generar a partir de todos los datos fotografiados, lo que permite un c\u00e1lculo m\u00e1s preciso de las pendientes, corte y rellenos y otras caracter\u00edsticas de las carreteras y otros corredores.<br \/>\n&#8211; Los resultados multiespectrales, junto con la precisi\u00f3n superior de la informaci\u00f3n obtenida del levantamiento digital, hacen que sea mucho m\u00e1s f\u00e1cil evitar de zonas sensibles en la fase de planificaci\u00f3n de nuevos proyectos; tambi\u00e9n se puede hacer un seguimiento m\u00e1s exacto de los efectos ambientales que ocurren tanto dentro de un corredor como derivados de \u00e9l.<br \/>\n&#8211; Se puede utilizar con \u00e9xito la misma imagen digital tanto para las presentaciones p\u00fablicas, ya que es visualmente atractiva como para el an\u00e1lisis interno, ya que es t\u00e9cnicamente precisa.<\/p>\n","protected":false},"excerpt":{"rendered":"<p>Desarrollo de Corredores Viales &#8211; La recopilaci\u00f3n de datos para la evaluaci\u00f3n ambiental e ingenier\u00eda se pueden canalizar reduciendo el tiempo de planificaci\u00f3n y permitiendo a los planificadores e ingenieros interrelacionar los datos de referencia de las mismas im\u00e1genes. &#8211; La georreferenciaci\u00f3n precisa y modelado&hellip;<\/p>\n","protected":false},"author":1,"featured_media":0,"parent":502,"menu_order":0,"comment_status":"closed","ping_status":"open","template":"template_fullwidth.php","meta":{"_monsterinsights_skip_tracking":false,"_monsterinsights_sitenote_active":false,"_monsterinsights_sitenote_note":"","_monsterinsights_sitenote_category":0,"footnotes":""},"class_list":["post-603","page","type-page","status-publish","hentry"],"_links":{"self":[{"href":"https:\/\/airsensing.com\/es\/wp-json\/wp\/v2\/pages\/603","targetHints":{"allow":["GET"]}}],"collection":[{"href":"https:\/\/airsensing.com\/es\/wp-json\/wp\/v2\/pages"}],"about":[{"href":"https:\/\/airsensing.com\/es\/wp-json\/wp\/v2\/types\/page"}],"author":[{"embeddable":true,"href":"https:\/\/airsensing.com\/es\/wp-json\/wp\/v2\/users\/1"}],"replies":[{"embeddable":true,"href":"https:\/\/airsensing.com\/es\/wp-json\/wp\/v2\/comments?post=603"}],"version-history":[{"count":7,"href":"https:\/\/airsensing.com\/es\/wp-json\/wp\/v2\/pages\/603\/revisions"}],"predecessor-version":[{"id":1365,"href":"https:\/\/airsensing.com\/es\/wp-json\/wp\/v2\/pages\/603\/revisions\/1365"}],"up":[{"embeddable":true,"href":"https:\/\/airsensing.com\/es\/wp-json\/wp\/v2\/pages\/502"}],"wp:attachment":[{"href":"https:\/\/airsensing.com\/es\/wp-json\/wp\/v2\/media?parent=603"}],"curies":[{"name":"wp","href":"https:\/\/api.w.org\/{rel}","templated":true}]}}