{"id":621,"date":"2013-05-15T18:15:46","date_gmt":"2013-05-15T18:15:46","guid":{"rendered":"http:\/\/69.195.124.91\/~airsensi\/?page_id=621"},"modified":"2014-08-07T16:34:27","modified_gmt":"2014-08-07T16:34:27","slug":"infraestructura-urbana-y-regional","status":"publish","type":"page","link":"https:\/\/airsensing.com\/es\/para-quien\/infraestructura-urbana-y-regional\/","title":{"rendered":"Infraestructura Urbana y Regional"},"content":{"rendered":"<h5><img loading=\"lazy\" decoding=\"async\" class=\"alignnone size-full wp-image-623\" src=\"http:\/\/airsensing.com\/wp-content\/uploads\/2014\/06\/LA_Urban.gif\" alt=\"airborne_sensing_urban_planning_la_sm_03\" width=\"960\" height=\"640\" \/><\/h5>\n<h5>Infraestructura Urbana y Regional<\/h5>\n<p>Las im\u00e1genes de Airborne Sensing se han usado como apoyo en varias campa\u00f1as de planificaci\u00f3n urbana y regional tanto en Canad\u00e1 como en el exterior. Estas im\u00e1genes forman la base de datos tanto para catastro como el trazado de mapas de infraestructura urbana. Ambas instancias son cruciales para la renovaci\u00f3n urbana sostenible, con los antiguos arreglos en disputas previas sobre propiedad y proporciona una base de datos fiable para la generaci\u00f3n de ingresos y el segundo, el cual permite el desarrollo y el mantenimiento de toda la infraestructura municipal.<\/p>\n<p>&#8211; La capacidad de rango din\u00e1mico m\u00e1s alto del sistema de c\u00e1mara digital y multiespectral rinde im\u00e1genes m\u00e1s n\u00edtidas con detalles m\u00e1s predecibles para el mapeo y an\u00e1lisis.<br \/>\n&#8211; La clasificaci\u00f3n autom\u00e1tica de im\u00e1genes permite la detecci\u00f3n de objetos de superficie o atributos similares &#8211; por ejemplo, para determinar la presencia y ubicaci\u00f3n precisa de una especie de planta invasora en alg\u00fan vecindario espec\u00edfico o para calcular la proporci\u00f3n de superficie s\u00f3lida contra la superficie de \u00e1reas verdes dentro de un municipio.<br \/>\n&#8211; Todos los datos de las im\u00e1genes a\u00e9reas se pueden importar a, o utilizar directamente en entornos SIG con capacidades de georreferenciaci\u00f3n total y modelos de elevaci\u00f3n digital (MED) de manera que la informaci\u00f3n catastral en relaci\u00f3n con los l\u00edmites de propiedad puede ser superpuesta inmediatamente a la informaci\u00f3n de ingenier\u00eda para la alineaci\u00f3n efectiva de nuevos corredores o infraestructura de instalaciones.<br \/>\n&#8211; El desarrollo r\u00e1pido y eficaz de los MED facilita la planificaci\u00f3n de corredores e instalaciones para las redes de distribuci\u00f3n de agua y alcantarillado. Esto qued\u00f3 en evidencia con nuestro levantamiento efectuado en 2011 en Santo Domingo, Rep\u00fablica Dominicana, en el que se proporcionaron herramientas de mapeo para una actualizaci\u00f3n completa de los sistemas de alcantarillado sanitario y drenaje de aguas pluviales en la ciudad.<br \/>\n&#8211; Levantamientos fotogram\u00e9tricos precisos de pavimento pueden llegar a tener una exactitud hasta 5 cm, lo que permite amplias posibilidades para la planificaci\u00f3n urbana y la gesti\u00f3n de infraestructuras.<\/p>\n","protected":false},"excerpt":{"rendered":"<p>Infraestructura Urbana y Regional Las im\u00e1genes de Airborne Sensing se han usado como apoyo en varias campa\u00f1as de planificaci\u00f3n urbana y regional tanto en Canad\u00e1 como en el exterior. Estas im\u00e1genes forman la base de datos tanto para catastro como el trazado de mapas de&hellip;<\/p>\n","protected":false},"author":1,"featured_media":0,"parent":502,"menu_order":6,"comment_status":"closed","ping_status":"closed","template":"template_fullwidth.php","meta":{"_monsterinsights_skip_tracking":false,"_monsterinsights_sitenote_active":false,"_monsterinsights_sitenote_note":"","_monsterinsights_sitenote_category":0,"footnotes":""},"class_list":["post-621","page","type-page","status-publish","hentry"],"_links":{"self":[{"href":"https:\/\/airsensing.com\/es\/wp-json\/wp\/v2\/pages\/621","targetHints":{"allow":["GET"]}}],"collection":[{"href":"https:\/\/airsensing.com\/es\/wp-json\/wp\/v2\/pages"}],"about":[{"href":"https:\/\/airsensing.com\/es\/wp-json\/wp\/v2\/types\/page"}],"author":[{"embeddable":true,"href":"https:\/\/airsensing.com\/es\/wp-json\/wp\/v2\/users\/1"}],"replies":[{"embeddable":true,"href":"https:\/\/airsensing.com\/es\/wp-json\/wp\/v2\/comments?post=621"}],"version-history":[{"count":8,"href":"https:\/\/airsensing.com\/es\/wp-json\/wp\/v2\/pages\/621\/revisions"}],"predecessor-version":[{"id":1489,"href":"https:\/\/airsensing.com\/es\/wp-json\/wp\/v2\/pages\/621\/revisions\/1489"}],"up":[{"embeddable":true,"href":"https:\/\/airsensing.com\/es\/wp-json\/wp\/v2\/pages\/502"}],"wp:attachment":[{"href":"https:\/\/airsensing.com\/es\/wp-json\/wp\/v2\/media?parent=621"}],"curies":[{"name":"wp","href":"https:\/\/api.w.org\/{rel}","templated":true}]}}