{"id":651,"date":"2013-03-08T00:59:06","date_gmt":"2013-03-08T00:59:06","guid":{"rendered":"http:\/\/69.195.124.91\/~airsensi\/?page_id=651"},"modified":"2015-03-05T23:56:15","modified_gmt":"2015-03-05T23:56:15","slug":"con-que","status":"publish","type":"page","link":"https:\/\/airsensing.com\/es\/con-que\/","title":{"rendered":"Con Qu\u00e9"},"content":{"rendered":"<h5><img loading=\"lazy\" decoding=\"async\" class=\"alignnone size-full wp-image-674\" src=\"http:\/\/69.195.124.91\/~airsensi\/wp-content\/uploads\/2013\/03\/airborne_sensing_generic_sm_04.jpg\" alt=\"airborne_sensing_generic_sm_04\" width=\"960\" height=\"646\" srcset=\"https:\/\/airsensing.com\/wp-content\/uploads\/2013\/03\/airborne_sensing_generic_sm_04.jpg 960w, https:\/\/airsensing.com\/wp-content\/uploads\/2013\/03\/airborne_sensing_generic_sm_04-300x201.jpg 300w\" sizes=\"auto, (max-width: 960px) 100vw, 960px\" \/><\/h5>\n<h5>Con Qu\u00e9<\/h5>\n<p>Airborne Sensing ofrece orgullosamente una potente combinaci\u00f3n de las mejores plataformas de teledetecci\u00f3n, formidables innovaciones en plataformas de detecci\u00f3n, sistemas de administraci\u00f3n de vuelo insuperables, una tripulaci\u00f3n dedicada y excelentemente capacitada, la \u00faltima tecnolog\u00eda en sensores y una infraestructura geod\u00e9tica y fotogram\u00e9trica de primera categor\u00eda. Desde 1980, Airborne Sensing ha desarrollado o adquirido las herramientas m\u00e1s efectivas para mantener nuestra excelente reputaci\u00f3n como l\u00edderes en la industria en t\u00e9rminos de innovaci\u00f3n y confiabilidad.\u00a0<\/p>\n<p>Inf\u00f3rmese m\u00e1s acerca de nuestras:<\/p>\n<p><a href=\"http:\/\/airsensing.com\/es\/con-que\/plataformas-de-teledeteccion\/\">&gt; Plataformas de teledetecci\u00f3n<\/a><br \/>\n<a href=\"http:\/\/airsensing.com\/es\/con-que\/dedicated-aircrew\/\">&gt; Tripulaci\u00f3n Dedicada\u2028<\/a><br \/>\n<a href=\"http:\/\/airsensing.com\/es\/con-que\/teledetectores\/\">&gt; Teledetectores<\/a><br \/>\n<a href=\"http:\/\/airsensing.com\/es\/con-que\/infraestructura-geodetica-y-fotogrametria\/\">&gt; Infraestructura Geod\u00e9tica y Fotogrametr\u00eda<\/a><\/p>\n","protected":false},"excerpt":{"rendered":"<p>Con Qu\u00e9 Airborne Sensing ofrece orgullosamente una potente combinaci\u00f3n de las mejores plataformas de teledetecci\u00f3n, formidables innovaciones en plataformas de detecci\u00f3n, sistemas de administraci\u00f3n de vuelo insuperables, una tripulaci\u00f3n dedicada y excelentemente capacitada, la \u00faltima tecnolog\u00eda en sensores y una infraestructura geod\u00e9tica y fotogram\u00e9trica de&hellip;<\/p>\n","protected":false},"author":1,"featured_media":0,"parent":0,"menu_order":0,"comment_status":"closed","ping_status":"closed","template":"template_fullwidth.php","meta":{"_monsterinsights_skip_tracking":false,"_monsterinsights_sitenote_active":false,"_monsterinsights_sitenote_note":"","_monsterinsights_sitenote_category":0,"footnotes":""},"class_list":["post-651","page","type-page","status-publish","hentry"],"_links":{"self":[{"href":"https:\/\/airsensing.com\/es\/wp-json\/wp\/v2\/pages\/651","targetHints":{"allow":["GET"]}}],"collection":[{"href":"https:\/\/airsensing.com\/es\/wp-json\/wp\/v2\/pages"}],"about":[{"href":"https:\/\/airsensing.com\/es\/wp-json\/wp\/v2\/types\/page"}],"author":[{"embeddable":true,"href":"https:\/\/airsensing.com\/es\/wp-json\/wp\/v2\/users\/1"}],"replies":[{"embeddable":true,"href":"https:\/\/airsensing.com\/es\/wp-json\/wp\/v2\/comments?post=651"}],"version-history":[{"count":13,"href":"https:\/\/airsensing.com\/es\/wp-json\/wp\/v2\/pages\/651\/revisions"}],"predecessor-version":[{"id":1590,"href":"https:\/\/airsensing.com\/es\/wp-json\/wp\/v2\/pages\/651\/revisions\/1590"}],"wp:attachment":[{"href":"https:\/\/airsensing.com\/es\/wp-json\/wp\/v2\/media?parent=651"}],"curies":[{"name":"wp","href":"https:\/\/api.w.org\/{rel}","templated":true}]}}