{"id":702,"date":"2013-05-16T23:14:11","date_gmt":"2013-05-16T23:14:11","guid":{"rendered":"http:\/\/69.195.124.91\/~airsensi\/with-what\/dedicated-aircrew\/"},"modified":"2014-08-07T16:39:28","modified_gmt":"2014-08-07T16:39:28","slug":"dedicated-aircrew","status":"publish","type":"page","link":"https:\/\/airsensing.com\/es\/con-que\/dedicated-aircrew\/","title":{"rendered":"Tripulaci\u00f3n Dedicada"},"content":{"rendered":"<h5><img loading=\"lazy\" decoding=\"async\" class=\"alignnone size-full wp-image-698\" src=\"http:\/\/69.195.124.91\/~airsensi\/wp-content\/uploads\/2013\/05\/airborne_sensing_generic_sm_08.jpg\" alt=\"airborne_sensing_generic_sm_08\" width=\"960\" height=\"714\" srcset=\"https:\/\/airsensing.com\/wp-content\/uploads\/2013\/05\/airborne_sensing_generic_sm_08.jpg 960w, https:\/\/airsensing.com\/wp-content\/uploads\/2013\/05\/airborne_sensing_generic_sm_08-300x223.jpg 300w\" sizes=\"auto, (max-width: 960px) 100vw, 960px\" \/><\/h5>\n<h5>Tripulaci\u00f3n Dedicada<\/h5>\n<p>Con el objeto de realizar misiones de medici\u00f3n a\u00e9rea en Canad\u00e1, y el resto de los pa\u00edses de las Am\u00e9ricas incluyendo el Caribe, Airborne Sensing necesita la cooperaci\u00f3n de una tripulaci\u00f3n altamente especializada. El trabajo involucra frecuentemente largas horas de espera hasta conseguir las condiciones perfectas necesarias para el proyecto y entonces, una vez que estas condiciones se alcanzan, deben realizar el trabajo sin cometer errores. En muchos casos la tripulaci\u00f3n necesita realizar medidas GPS en tierra, mantener una cercana coordinaci\u00f3n con el Control de Tr\u00e1fico A\u00e9reo (ATC), trabajar bajo temperaturas extremas, y desempe\u00f1ar una gran variedad de funciones simult\u00e1neamente. Frecuentemente el trabajo de llevarse a cabo en otros idiomas diferentes al ingl\u00e9s.<\/p>\n<p>La tripulaci\u00f3n de Airborne Sensing est\u00e1 muy orgullosa no s\u00f3lo por estar altamente capacitada en varias especialidades, sino tambi\u00e9n por su disponibilidad de entrenamiento en otras tareas que requieren de una r\u00e1pida adopci\u00f3n de destrezas nuevas.<\/p>\n<p><strong>Capacitados<\/strong><br \/>\nAdem\u00e1s de nuestros propios programas de capacitaci\u00f3n, muchos miembros de nuestra tripulaci\u00f3n han tomado entrenamiento adicional con nuestros proveedores de equipos y programas tales como Vexcel, Track\u2019Air y Applanix.<\/p>\n<p>Nuestros requerimientos m\u00ednimos para la contrataci\u00f3n de pilotos para nuestras operaciones exceden en mucho los est\u00e1ndares de la industria aeron\u00e1utica; como resultado, nuestros pilotos son capaces de volar bajo condiciones tremendas con incre\u00edble nivel de precisi\u00f3n.<\/p>\n<p><strong>Enfocados<\/strong><br \/>\nLa tripulaci\u00f3n est\u00e1 altamente enfocada en terminar el trabajo que requiere de un tiempo limitado de realizaci\u00f3n, con gran nivel de precisi\u00f3n.<\/p>\n<p><strong>Pluriling\u00fce<\/strong><br \/>\nExperiencia Internacional: El personal de ASC ha trabajado en m\u00e1s de una docena de pa\u00edses y vivido en muchos otros m\u00e1s. Nuestras operaciones han llevado a nuestro personal a trav\u00e9s de Canad\u00e1, los Estados Unidos, M\u00e9xico, Rep\u00fablica Dominicana, Ecuador, Jamaica, Belice, San Crist\u00f3bal y Nieves, Guatemala, Las Antillas Holandesas, San Vicente y las Granadinas, Puerto Rico, Las Bahamas, Jamaica, Turcas y Caicos, Bermuda, Islas Caim\u00e1n y las Islas V\u00edrgenes.<\/p>\n","protected":false},"excerpt":{"rendered":"<p>Tripulaci\u00f3n Dedicada Con el objeto de realizar misiones de medici\u00f3n a\u00e9rea en Canad\u00e1, y el resto de los pa\u00edses de las Am\u00e9ricas incluyendo el Caribe, Airborne Sensing necesita la cooperaci\u00f3n de una tripulaci\u00f3n altamente especializada. El trabajo involucra frecuentemente largas horas de espera hasta conseguir&hellip;<\/p>\n","protected":false},"author":1,"featured_media":0,"parent":651,"menu_order":0,"comment_status":"closed","ping_status":"open","template":"template_fullwidth.php","meta":{"_monsterinsights_skip_tracking":false,"_monsterinsights_sitenote_active":false,"_monsterinsights_sitenote_note":"","_monsterinsights_sitenote_category":0,"footnotes":""},"class_list":["post-702","page","type-page","status-publish","hentry"],"_links":{"self":[{"href":"https:\/\/airsensing.com\/es\/wp-json\/wp\/v2\/pages\/702","targetHints":{"allow":["GET"]}}],"collection":[{"href":"https:\/\/airsensing.com\/es\/wp-json\/wp\/v2\/pages"}],"about":[{"href":"https:\/\/airsensing.com\/es\/wp-json\/wp\/v2\/types\/page"}],"author":[{"embeddable":true,"href":"https:\/\/airsensing.com\/es\/wp-json\/wp\/v2\/users\/1"}],"replies":[{"embeddable":true,"href":"https:\/\/airsensing.com\/es\/wp-json\/wp\/v2\/comments?post=702"}],"version-history":[{"count":4,"href":"https:\/\/airsensing.com\/es\/wp-json\/wp\/v2\/pages\/702\/revisions"}],"predecessor-version":[{"id":1493,"href":"https:\/\/airsensing.com\/es\/wp-json\/wp\/v2\/pages\/702\/revisions\/1493"}],"up":[{"embeddable":true,"href":"https:\/\/airsensing.com\/es\/wp-json\/wp\/v2\/pages\/651"}],"wp:attachment":[{"href":"https:\/\/airsensing.com\/es\/wp-json\/wp\/v2\/media?parent=702"}],"curies":[{"name":"wp","href":"https:\/\/api.w.org\/{rel}","templated":true}]}}