{"id":716,"date":"2013-05-16T23:43:06","date_gmt":"2013-05-16T23:43:06","guid":{"rendered":"http:\/\/69.195.124.91\/~airsensi\/with-what\/airborne-sensors\/"},"modified":"2014-08-07T16:41:25","modified_gmt":"2014-08-07T16:41:25","slug":"teledetectores","status":"publish","type":"page","link":"https:\/\/airsensing.com\/es\/con-que\/teledetectores\/","title":{"rendered":"Teledetectores"},"content":{"rendered":"<h5><img loading=\"lazy\" decoding=\"async\" class=\"alignnone size-full wp-image-712\" alt=\"airborne_sensing_generic_sm_09\" src=\"http:\/\/69.195.124.91\/~airsensi\/wp-content\/uploads\/2013\/05\/airborne_sensing_generic_sm_09.jpg\" width=\"960\" height=\"640\" srcset=\"https:\/\/airsensing.com\/wp-content\/uploads\/2013\/05\/airborne_sensing_generic_sm_09.jpg 960w, https:\/\/airsensing.com\/wp-content\/uploads\/2013\/05\/airborne_sensing_generic_sm_09-300x200.jpg 300w\" sizes=\"auto, (max-width: 960px) 100vw, 960px\" \/><\/h5>\n<h5>Teledetectores<\/h5>\n<p>Airborne Sensing ha sido l\u00edder en tecnolog\u00eda de teledetectores por m\u00e1s de 30 a\u00f1os. La llegada de la tecnolog\u00eda de imagen digital nos ha proporcionado m\u00e1s oportunidades de mostrar nuestra adaptabilidad en este campo. A continuaci\u00f3n puede encontrar m\u00e1s informaci\u00f3n acerca de nuestras c\u00e1maras digitales multiespectrales de gran formato, sistemas de posicionamiento preciso, sistema de orientaci\u00f3n y posicionamiento (POS) basado en GPS\/IMU y nuestras c\u00e1maras anal\u00f3gicas de gran formato.<\/p>\n<p><b>C\u00e1maras Digitales Multiespectrales de gran formato:<\/b><br \/>\nLas \u00faltimas c\u00e1maras a\u00e9reas digitales y programas superan todas las soluciones anal\u00f3gicas y Airborne ha identificado una tecnolog\u00eda de vanguardia como la mejor: la c\u00e1mara digital de gran formato UltraCam desarrollado en Austria por Vexcel Corporation (ahora parte de Microsoft Virtual Earth). Combinando nuestra experiencia en la fotograf\u00eda a\u00e9rea con fotogrametr\u00eda digital normativa de Vexcel, podemos ofrecer im\u00e1genes verificables de alta calidad, necesarias para trazar mapas del mundo y la exactitud inflexible de tomar decisiones con seguridad.<\/p>\n<p>Nuestro Vexcel UCX ofrece im\u00e1genes con un rango din\u00e1mico mejor que 12 bits por p\u00edxel (en contraste con las c\u00e1maras de pel\u00edcula de menos de &lt;br&gt; 8 bits por p\u00edxel), sin ning\u00fan ruido de grano. El resultado es una radiometr\u00eda sin igual con mejor precisi\u00f3n de correlaci\u00f3n, lo que permite m\u00e1s d\u00edas de vuelo en mal tiempo as\u00ed como una mejor interpretabilidad, mejor est\u00e9reo-\u00f3ptica y procesos automatizados m\u00e1s exitosos.<\/p>\n<p>Imagen digital de gran formato en color natural con falso color infrarrojo ensamblada por un detector paralelo distribuido v\u00eda 8 conos \u00f3pticos. Cada uno de los 13 CCDs de matriz de \u00e1rea alimenta las se\u00f1ales en su propia y compacta configuraci\u00f3n electr\u00f3nica y ruta de datos. El \u00abcono maestro\u00bb proporciona un sistema de coordenadas de imagen sencilla y control de la precisi\u00f3n geom\u00e9trica.<\/p>\n<p>Cada CCD est\u00e1 secundado por componentes \u00abprivados\u00bb de procesamiento y almacenamiento separados, con capacidad para almacenamiento de doble redundancia. Usando potente sistema de a bordo de 15 CPU del UltraCam, no s\u00f3lo podemos adquirir im\u00e1genes, sino que tambi\u00e9n podemos comenzar el preprocesamiento durante el vuelo. A diferencia de nuestro sistema anal\u00f3gico, las im\u00e1genes pueden ser introducidas en los flujos de trabajo fotogram\u00e9tricos existentes utilizando la redundancia sin costo para mejorar enormemente la automatizaci\u00f3n.<\/p>\n<p><b>Posicionamiento Preciso: <\/b><br \/>\nEl equipo de Airborne Sensing ha desarrollado un interfaz que env\u00eda el punto medio de una se\u00f1al de exposici\u00f3n al archivo marcador de evento del GPS. El sistema GPS reconoce exactamente cuando el obturador de la c\u00e1mara esta abierto en su punto medio y permite la localizaci\u00f3n precisa (menos de 300 mu\/\/ \u00b5) del centro de perspectiva al momento de la exposici\u00f3n. Los par\u00e1metros de excentricidad entre el centro fase de la antena y el punto nodal \u00f3ptico son reconocidos dentro de 1 mm. x.y,z. El sistema archiva los datos GPS en vuelo para un posterior post-procesamiento.<\/p>\n<p><b>Sistemas de Posicionamiento y Orientaci\u00f3n basados en GNSS\/IMU:<\/b>\u2028<br \/>\nEl Sistema de Posicionamiento y Orientaci\u00f3n GNSS\/IMU (POS) usado por Airborne Sensing fue desarrollado por Applanix Corporation. El GNSS\/IMU POS recolecta datos de posicionamiento GNSS durante vuelos a 1Hz o 2Hz, y datos IMU a 200Hz. Mide la posici\u00f3n relativa de la c\u00e1mara con respecto al centro de la tierra con una aproximaci\u00f3n de menos de 15 cm., as\u00ed como el \u00e1ngulo relativo de la c\u00e1mara con respecto a la superficie matem\u00e1tica de la tierra con una precisi\u00f3n de cerca de 1\/1000 de grado. Los resultados de este dispositivo son post-procesados utilizando el post-procesamiento GNSS\/IMU y algoritmos de filtrado para computar las coordenadas (x,y,z) y (w,p,k) de la c\u00e1mara al momento de la exposici\u00f3n. Los resultados son utilizables inmediatamente en un sistema fotogram\u00e9trico anal\u00edtico de cualquier usuario para vectores, im\u00e1genes y otros tipos de cartograf\u00eda.<\/p>\n<p>&nbsp;<\/p>\n","protected":false},"excerpt":{"rendered":"<p>Teledetectores Airborne Sensing ha sido l\u00edder en tecnolog\u00eda de teledetectores por m\u00e1s de 30 a\u00f1os. La llegada de la tecnolog\u00eda de imagen digital nos ha proporcionado m\u00e1s oportunidades de mostrar nuestra adaptabilidad en este campo. A continuaci\u00f3n puede encontrar m\u00e1s informaci\u00f3n acerca de nuestras c\u00e1maras&hellip;<\/p>\n","protected":false},"author":1,"featured_media":0,"parent":651,"menu_order":0,"comment_status":"closed","ping_status":"open","template":"template_fullwidth.php","meta":{"_monsterinsights_skip_tracking":false,"_monsterinsights_sitenote_active":false,"_monsterinsights_sitenote_note":"","_monsterinsights_sitenote_category":0,"footnotes":""},"class_list":["post-716","page","type-page","status-publish","hentry"],"_links":{"self":[{"href":"https:\/\/airsensing.com\/es\/wp-json\/wp\/v2\/pages\/716","targetHints":{"allow":["GET"]}}],"collection":[{"href":"https:\/\/airsensing.com\/es\/wp-json\/wp\/v2\/pages"}],"about":[{"href":"https:\/\/airsensing.com\/es\/wp-json\/wp\/v2\/types\/page"}],"author":[{"embeddable":true,"href":"https:\/\/airsensing.com\/es\/wp-json\/wp\/v2\/users\/1"}],"replies":[{"embeddable":true,"href":"https:\/\/airsensing.com\/es\/wp-json\/wp\/v2\/comments?post=716"}],"version-history":[{"count":6,"href":"https:\/\/airsensing.com\/es\/wp-json\/wp\/v2\/pages\/716\/revisions"}],"predecessor-version":[{"id":1495,"href":"https:\/\/airsensing.com\/es\/wp-json\/wp\/v2\/pages\/716\/revisions\/1495"}],"up":[{"embeddable":true,"href":"https:\/\/airsensing.com\/es\/wp-json\/wp\/v2\/pages\/651"}],"wp:attachment":[{"href":"https:\/\/airsensing.com\/es\/wp-json\/wp\/v2\/media?parent=716"}],"curies":[{"name":"wp","href":"https:\/\/api.w.org\/{rel}","templated":true}]}}