{"id":730,"date":"2013-05-17T00:16:10","date_gmt":"2013-05-17T00:16:10","guid":{"rendered":"http:\/\/69.195.124.91\/~airsensi\/with-what\/geodetic-and-photogrammetric-infrastructure\/"},"modified":"2014-08-07T20:14:17","modified_gmt":"2014-08-07T20:14:17","slug":"infraestructura-geodetica-y-fotogrametria","status":"publish","type":"page","link":"https:\/\/airsensing.com\/es\/con-que\/infraestructura-geodetica-y-fotogrametria\/","title":{"rendered":"Infraestructura Geod\u00e9tica y Fotogrametr\u00eda"},"content":{"rendered":"<h5><img loading=\"lazy\" decoding=\"async\" class=\"alignnone size-full wp-image-725\" src=\"http:\/\/69.195.124.91\/~airsensi\/wp-content\/uploads\/2013\/05\/airborne_sensing_generic_sm_10.jpg\" alt=\"airborne_sensing_generic_sm_10\" width=\"960\" height=\"600\" srcset=\"https:\/\/airsensing.com\/wp-content\/uploads\/2013\/05\/airborne_sensing_generic_sm_10.jpg 960w, https:\/\/airsensing.com\/wp-content\/uploads\/2013\/05\/airborne_sensing_generic_sm_10-300x187.jpg 300w\" sizes=\"auto, (max-width: 960px) 100vw, 960px\" \/><\/h5>\n<h5>Infraestructura Geod\u00e9tica y Fotogrametr\u00eda<\/h5>\n<p>Las im\u00e1genes a\u00e9reas de alta calidad y precisi\u00f3n proporcionadas por Airborne Sensing est\u00e1n combinadas con los \u00faltimos avances en geodetica y fotogrametr\u00eda en todos nuestros trabajos para asegurar que el resultado final exceda las especificaciones del cliente. Con m\u00e1s de 20 a\u00f1os de experiencia en post-procesamiento de GNSS (Sistema Global de Navegaci\u00f3n por Sat\u00e9lite) a\u00e9reo, contamos con una completa infraestructura de planificaci\u00f3n, un perito geod\u00e9tico profesional permanente, Georeferencia directa con nuestro Sistema de Orientaci\u00f3n Posicional (POS) GNSS\/IMU, proceso automatizado de triangulaci\u00f3n a\u00e9rea con supervisi\u00f3n manual, capacidad de agrimensura geod\u00e9tica y la creaci\u00f3n de Modelos de Superficie Digital (MSDs) y ortofotograf\u00ecas. Adem\u00e1s disponemos de un equipo de exploraci\u00f3n para transformar material f\u00edlmico an\u00e1logo en im\u00e1genes digitales en ambientes de procesamiento fotogram\u00e9trico.<\/p>\n<p><strong>Experiencia en Posicionamiento Preciso<\/strong><br \/>\nHace un poco m\u00e1s de 20 anos Airborne Sensingdesarroll\u00f3 un interfaz que env\u00eda el punto medio de una se\u00f1al de exposici\u00f3n al logaritmo del marcador de evento GNSS. El sistema detecta exactamente cuando el obturador de la c\u00e1mara est\u00e1 abierto en su punto medio y permite la localizaci\u00f3n precisa (inferior a 300mu\/\/ \u00b5) del centro de perspectiva al momento de la exposici\u00f3n. Los par\u00e1metros de excentricidad entre el centro de la fase de antena y el punto nodal \u00f3ptico son reconocidos dentro de 1mm x,y,z. El sistema archiva todos los datos GNSS en vuelo para un posterior post-procesamiento.<\/p>\n<p><strong>Planificaci\u00f3n Total de Proyecto<\/strong><br \/>\nAirborne Sensing ha establecido procedimientos de planificaci\u00f3n de proyectos para asegurar que todo el material entregado concuerda con las especificaciones del cliente y nuestras medidas est\u00e1n dise\u00f1adas de acuerdo al uso de redes activas en el \u00e1rea y observaciones GNSS est\u00e1ticas.<\/p>\n<p>Usando Sistemas de Informaci\u00f3n Geogr\u00e1fica (SIG), elaboramos mapas de trayectorias de vuelo, bases de aeropuertos, \u00e1reas de proyecto y controles geod\u00e9ticos existentes.<\/p>\n<p>A partir de estos mapas, consultamos con agencias de control y referencia espacial (a nivel municipal, provincial y nacional) para determinar los niveles de exactitud disponibles y como \u00e9stos se relacionan a las especificaciones del trabajo, nosotros mismos determinamos que redes GNSS activas existen en el \u00e1rea (Ej.: CORS, CACS y otras redes de Sistemas de Referencia Virtual (SRV)). Luego computamos las transformaciones de estas redes.<\/p>\n<p>Los mapas producidos a partir de SIG tambi\u00e9n forman la base de nuestro control fotogr\u00e1fico. Utilizando los puntos comunes establecidos por el control geod\u00e9tico, podemos dise\u00f1ar el proyecto fotogr\u00e1fico para alinear los traslapes con el SIG. En conjunto con el cliente, dise\u00f1amos el proyecto con objetivos aceptables y tipos identificables por foto.<\/p>\n<p>Los productos geod\u00e9ticos y fotogram\u00e9tricos se procesan con los siguientes programas:<\/p>\n<p>&#8211; <em>Applanix<\/em>: Georeferencia Directa<br \/>\n&#8211; <em>Inpho<\/em>: Observaciones de Triangulaci\u00f3n A\u00e9rea<br \/>\n&#8211; <em>BINGO<\/em>: Triangulaci\u00f3n A\u00e9rea<br \/>\n&#8211; <em>Grafnav<\/em>: Procesamiento GNSS Cinem\u00e1tico desde un sensor a\u00e9reo sin entrada de IMU<br \/>\n&#8211; <em>Graf Net<\/em>: Estad\u00edstica de ajuste de la red GNSS desde una estaci\u00f3n base GNSS.<br \/>\n&#8211; <em>PPP<\/em>: Posicionamiento Puntual Preciso para computar las coordenadas de la estaci\u00f3n base GNSS<br \/>\n&#8211; <em>TRNX<\/em>: Programa de Transformaci\u00f3n Federal para transformar marcos de referencia a\u00f1o tras a\u00f1o<br \/>\n&#8211; <em>NTV2<\/em>: Programa de conversi\u00f3n de datos nacionales<br \/>\n&#8211; <em>Global Mapper\/ AutoCAD\/Google Earth<\/em>: SIG para desarrollar traslapes de mapas.<\/p>\n<p><strong>Perito Profesional Permanente<\/strong><br \/>\nNuestro gerente de Geom\u00e1tica, Robin Poot, tiene m\u00e1s de 20 a\u00f1os de experiencia como perito profesional en ingenier\u00eda, geod\u00e9tica y mediciones fotogram\u00e9tricas en proyectos grandes y peque\u00f1os en Norteam\u00e9rica, Centro y Sur Am\u00e9rica y el Caribe. Tiene estudios realizados en Alemania, Canad\u00e1 y EE.UU. y est\u00e1 inscrito como perito geod\u00e9tico en el Colegio de Top\u00f3grafos de Ontario (AOLS).<\/p>\n<p><strong>Georeferencia Directa y Triangulaci\u00f3n A\u00e9rea<\/strong><br \/>\nEl Sistema de Orientaci\u00f3n y Posicionamiento (POS) GNSS\/IMU utilizado por Airborne Sensing fue desarrollado por Applanix Corporation. El GNSS\/IMU POS recolecta datos de posicionamiento GNSS durante vuelos a 1Hz o 2Hz, y datos IMU a 200Hz. Mide la posici\u00f3n relativo de la c\u00e1mara con respecto al centro de la tierra con un precisi\u00f3n de 15 cm as\u00ed como el \u00e1ngulo relativo de la c\u00e1mara respecto a la superficie matem\u00e1tica de la tierra a casi 1\/1000 de grado. Los resultados de este dispositivo son procesados usando post-procesamiento GNSS\/IMU y algoritmos filtrados para computar las coordenadas \u2018xyz\u2019 y la orientaci\u00f3n \u2018opk\u2019 de la c\u00e1mara al momento de la exposici\u00f3n.<\/p>\n<p>Los resultados del GNSS\/IMU POS se pueden utilizar para la georreferenciaci\u00f3n directa de datos de imagen. Esta georreferenciaci\u00f3n directa proporciona una precisi\u00f3n moderada con una respuesta r\u00e1pida. Estos datos tambi\u00e9n se pueden poner en un proceso de transformaci\u00f3n adicional para la triangulaci\u00f3n a\u00e9rea completa.<\/p>\n<p>Nuestro sistema de triangulaci\u00f3n a\u00e9rea est\u00e1 casi completamente automatizado, lo que permite un procesamiento r\u00e1pido de datos a trav\u00e9s de los programas Applanix, Inpho y BINGO. Hay varios puntos de supervisi\u00f3n manual en el sistema para asegurar la exactitud de acuerdo a las especificaciones del cliente.<\/p>\n<p>Los resultados son inmediatamente utilizables en el sistema fotogram\u00e9trico anal\u00edtico de cualquier usuario para cartograf\u00eda vectorizada, mapeo de imagen u otros tipos de mapeo.<\/p>\n<p><strong>Estaci\u00f3n Base de levantamientos geod\u00e9ticos<\/strong><br \/>\nAirborne Sensing tiene 4 estaciones base Novatel DL Milennium con antenas geod\u00e9ticas, tr\u00edpodes, fuentes de alimentaci\u00f3n y computadoras para el registro de datos. Combinando los datos de la estaci\u00f3n base con los valores obtenidos de una estaci\u00f3n de referencia terrestre en una grabaci\u00f3n simult\u00e1nea, podemos determinar los centros de perspectiva de estas estaciones con una precisi\u00f3n de menos de 10 cm de \u2018x, y\u2019 y 15 cm de \u2018z\u2019. Airborne Sensing ayud\u00f3 a desarrollar el uso de esta tecnolog\u00eda por primera vez en la fotogrametr\u00eda a\u00e9rea.<\/p>\n<p>Estas estaciones base proporcionan la unidad de recolecci\u00f3n de datos del terreno de mayor y amplio despliegue disponible; esta vers\u00e1til estructura nos permite realizar operaciones con gran precisi\u00f3n en las zonas en donde las redes geod\u00e9ticas de levantamiento geod\u00e9tico existentes son escasas, poco fiables o de otra forma inaccesibles o inutilizables. Airborne Sensing realiza la mayor\u00eda de sus operaciones en Canad\u00e1, donde muchas regiones tienen las redes geod\u00e9ticas dispersas; este sistema ha sido muy beneficioso para las operaciones en otras regiones, como Santo Domingo y Jamaica.<\/p>\n<p><strong>Modelos Digital de Superficie (MDS) y la producci\u00f3n de ortofotos<\/strong><br \/>\nPodemos extraer r\u00e1pidamente los modelos digitales de superficie a trav\u00e9s de la comparaci\u00f3n de im\u00e1genes a una fracci\u00f3n del costo de la fotogrametr\u00eda tradicional o LIDAR. Estos modelos, especialmente cuando est\u00e1n hechos en \u00e1reas con escasa vegetaci\u00f3n, son adecuados para: producci\u00f3n de ortofotos, modelos de ingenier\u00eda, volumen de computaci\u00f3n y dise\u00f1o inicial de ingenier\u00eda.<\/p>\n<p>Airborne Sensing tambi\u00e9n produce ortofotos para clientes, generando mosaicos de im\u00e1genes sin fisuras y radiom\u00e9tricamente equilibradas. Estas se desarrollan a partir de MDS producidos por nosotros u otros modelos existentes, como los levantamientos de LIDAR o conjunto de datos provinciales o municipales.<\/p>\n<p><strong>Sondeo<\/strong><br \/>\nComo proveedor de productos (an\u00e1logos) de material f\u00edlmico a\u00e9reo tradicional, Airborne Sensing reconoce la necesidad de que estas im\u00e1genes deban ser manipuladas dentro de las infraestructuras digitales para producci\u00f3n de MDS y ortofotograf\u00eda. A trav\u00e9s del sondeo a\u00e9reo ofrecemos soluciones avanzadas para escanear material filmico en un entorno digital, utilizando los siguientes equipos:<\/p>\n<p>&#8211; Vexcel 4000HT esc\u00e1ner fotogram\u00e9trico para convertir im\u00e1genes f\u00edlmicas en archivos de mapa de bits para copias fotogram\u00e9tricas y procesamiento digital de im\u00e1genes. (Mejor que 1 micra de precisi\u00f3n geom\u00e9trica &#8211; equivalente a 1cm sobre el terreno en escala fotogr\u00e1fica de 1:10.000.)<br \/>\n&#8211; Vexcel UltraScan 5000 para capacidad adicional, as\u00ed como de 10 bits en escala de grises.<\/p>\n","protected":false},"excerpt":{"rendered":"<p>Infraestructura Geod\u00e9tica y Fotogrametr\u00eda Las im\u00e1genes a\u00e9reas de alta calidad y precisi\u00f3n proporcionadas por Airborne Sensing est\u00e1n combinadas con los \u00faltimos avances en geodetica y fotogrametr\u00eda en todos nuestros trabajos para asegurar que el resultado final exceda las especificaciones del cliente. Con m\u00e1s de 20&hellip;<\/p>\n","protected":false},"author":1,"featured_media":0,"parent":651,"menu_order":0,"comment_status":"closed","ping_status":"open","template":"","meta":{"_monsterinsights_skip_tracking":false,"_monsterinsights_sitenote_active":false,"_monsterinsights_sitenote_note":"","_monsterinsights_sitenote_category":0,"footnotes":""},"class_list":["post-730","page","type-page","status-publish","hentry"],"_links":{"self":[{"href":"https:\/\/airsensing.com\/es\/wp-json\/wp\/v2\/pages\/730","targetHints":{"allow":["GET"]}}],"collection":[{"href":"https:\/\/airsensing.com\/es\/wp-json\/wp\/v2\/pages"}],"about":[{"href":"https:\/\/airsensing.com\/es\/wp-json\/wp\/v2\/types\/page"}],"author":[{"embeddable":true,"href":"https:\/\/airsensing.com\/es\/wp-json\/wp\/v2\/users\/1"}],"replies":[{"embeddable":true,"href":"https:\/\/airsensing.com\/es\/wp-json\/wp\/v2\/comments?post=730"}],"version-history":[{"count":9,"href":"https:\/\/airsensing.com\/es\/wp-json\/wp\/v2\/pages\/730\/revisions"}],"predecessor-version":[{"id":1499,"href":"https:\/\/airsensing.com\/es\/wp-json\/wp\/v2\/pages\/730\/revisions\/1499"}],"up":[{"embeddable":true,"href":"https:\/\/airsensing.com\/es\/wp-json\/wp\/v2\/pages\/651"}],"wp:attachment":[{"href":"https:\/\/airsensing.com\/es\/wp-json\/wp\/v2\/media?parent=730"}],"curies":[{"name":"wp","href":"https:\/\/api.w.org\/{rel}","templated":true}]}}