{"id":106,"date":"2013-03-08T14:55:17","date_gmt":"2013-03-08T14:55:17","guid":{"rendered":"http:\/\/69.195.124.91\/~airsensi\/?page_id=106"},"modified":"2014-08-06T15:50:28","modified_gmt":"2014-08-06T15:50:28","slug":"qui","status":"publish","type":"page","link":"https:\/\/airsensing.com\/fr\/qui\/","title":{"rendered":"Qui"},"content":{"rendered":"<h5>QUI?<\/h5>\n<p>Install\u00e9e depuis 1980 \u00e0 Toronto, l\u2019entreprise Airborne Sensing est un chef de file de la photographie a\u00e9rienne tant au Canada qu\u2019\u00e0 l\u2019\u00e9tranger. Notre r\u00e9cente adoption de l\u2019imagerie num\u00e9rique de qualit\u00e9 sup\u00e9rieure d\u00e9montre notre engagement durable \u00e0 demeurer \u00e0 l\u2019avant-garde de l\u2019innovation. Nous demeurons toujours \u00e0 l\u2019aff\u00fbt des derniers perfectionnements technologiques qui nous permettent d\u2019atteindre le meilleur r\u00e9sultat possible avec pr\u00e9cision et rapidit\u00e9, en temps voulu et en respectant le budget accord\u00e9.\u00a0Deux atouts \u00e9vidents expliquent notre succ\u00e8s ininterrompu\u00a0:<\/p>\n<p><strong>Nos solides ant\u00e9c\u00e9dents<\/strong><\/p>\n<p>Nous nous sommes b\u00e2ti une r\u00e9putation de travailleurs rapides et efficaces, capables de planifier intelligemment et de g\u00e9rer brillamment nos projets. Nous avons relev\u00e9 avec succ\u00e8s les d\u00e9fis les plus divers, depuis les impr\u00e9visibles brouillards de Terre-Neuve jusqu\u2019\u00e0 la mesure pr\u00e9cise des pistes de NASCAR dans le sud des \u00c9tats-Unis, en passant par la logistique n\u00e9cessaire pour travailler au-dessus de l\u2019oc\u00e9an \u00e0 des endroits tels le Belize ou les \u00celes Turks et Caicos. Lorsqu\u2019on nous confie un travail, nous le faisons \u00e0 la perfection.<\/p>\n<p><strong>Notre savoir-faire \u00e9prouv\u00e9<\/strong><\/p>\n<p>L\u2019\u00e9quipe solidaire d\u2019Airborne Sensing r\u00e9unit des sp\u00e9cialistes aguerris de l\u2019imagerie, un ing\u00e9nieur en g\u00e9omatique et nos indispensables pilotes professionnels. En vol comme au sol, nous connaissons bien notre travail et nous savons ce qu\u2019il faut faire pour obtenir les r\u00e9sultats qu\u2019il vous faut, que ce soit au moyen de notre nouvel \u00e9quipement \u00e0 la fine pointe de la technologie num\u00e9rique ou en utilisant de mani\u00e8re impeccable les techniques de la photographie argentique qui nous ont permis d\u2019\u00e9tablir notre r\u00e9putation.<\/p>\n","protected":false},"excerpt":{"rendered":"<p>QUI? Install\u00e9e depuis 1980 \u00e0 Toronto, l\u2019entreprise Airborne Sensing est un chef de file de la photographie a\u00e9rienne tant au Canada qu\u2019\u00e0 l\u2019\u00e9tranger. Notre r\u00e9cente adoption de l\u2019imagerie num\u00e9rique de qualit\u00e9 sup\u00e9rieure d\u00e9montre notre engagement durable \u00e0 demeurer \u00e0 l\u2019avant-garde de l\u2019innovation. Nous demeurons toujours&hellip;<\/p>\n","protected":false},"author":1,"featured_media":0,"parent":0,"menu_order":0,"comment_status":"closed","ping_status":"closed","template":"template_fullwidth.php","meta":{"_monsterinsights_skip_tracking":false,"_monsterinsights_sitenote_active":false,"_monsterinsights_sitenote_note":"","_monsterinsights_sitenote_category":0,"footnotes":""},"class_list":["post-106","page","type-page","status-publish","hentry"],"_links":{"self":[{"href":"https:\/\/airsensing.com\/fr\/wp-json\/wp\/v2\/pages\/106","targetHints":{"allow":["GET"]}}],"collection":[{"href":"https:\/\/airsensing.com\/fr\/wp-json\/wp\/v2\/pages"}],"about":[{"href":"https:\/\/airsensing.com\/fr\/wp-json\/wp\/v2\/types\/page"}],"author":[{"embeddable":true,"href":"https:\/\/airsensing.com\/fr\/wp-json\/wp\/v2\/users\/1"}],"replies":[{"embeddable":true,"href":"https:\/\/airsensing.com\/fr\/wp-json\/wp\/v2\/comments?post=106"}],"version-history":[{"count":11,"href":"https:\/\/airsensing.com\/fr\/wp-json\/wp\/v2\/pages\/106\/revisions"}],"predecessor-version":[{"id":1432,"href":"https:\/\/airsensing.com\/fr\/wp-json\/wp\/v2\/pages\/106\/revisions\/1432"}],"wp:attachment":[{"href":"https:\/\/airsensing.com\/fr\/wp-json\/wp\/v2\/media?parent=106"}],"curies":[{"name":"wp","href":"https:\/\/api.w.org\/{rel}","templated":true}]}}