{"id":1391,"date":"2014-07-16T18:00:09","date_gmt":"2014-07-16T18:00:09","guid":{"rendered":"http:\/\/airsensing.com\/?page_id=1391"},"modified":"2014-08-06T18:07:55","modified_gmt":"2014-08-06T18:07:55","slug":"ou","status":"publish","type":"page","link":"https:\/\/airsensing.com\/fr\/ou\/","title":{"rendered":"O\u00d9?"},"content":{"rendered":"<div class=\"one-half\">\n<img loading=\"lazy\" decoding=\"async\" class=\"alignleft size-full wp-image-330\" alt=\"Airborne_Sensing_contact_main_03\" src=\"http:\/\/69.195.124.91\/~airsensi\/wp-content\/uploads\/2013\/03\/Airborne_Sensing_contact_main_03.jpg\" width=\"465\" height=\"465\" srcset=\"https:\/\/airsensing.com\/wp-content\/uploads\/2013\/03\/Airborne_Sensing_contact_main_03.jpg 465w, https:\/\/airsensing.com\/wp-content\/uploads\/2013\/03\/Airborne_Sensing_contact_main_03-150x150.jpg 150w, https:\/\/airsensing.com\/wp-content\/uploads\/2013\/03\/Airborne_Sensing_contact_main_03-300x300.jpg 300w\" sizes=\"auto, (max-width: 465px) 100vw, 465px\" \/><\/div>\n<div class=\"one-half last\">\n<h5>O\u00d9?<\/h5>\n<p>Depuis le 30 avril 2012, nos bureaux sont situ\u00e9s \u00e0 l\u2019adresse suivante\u00a0:<\/p>\n<p>The Airborne Sensing Corporation<br \/>\n555, rue Richmond ouest, bureau 912\u2028<br \/>\nCase postale 1008, Toronto (Ontario) M5V 3B1 Canada<br \/>\nLatitude : 43\u00b038\u201948\u201d<br \/>\nLongitude : -79\u00b024\u20198\u201d<br \/>\nT\u00e9l\u00e9phone : 416-203-9858<\/p>\n<p>T\u00e9l\u00e9copieur : 416-203-9843<\/p>\n<p>Alexander M. Giannelia, B.A.A., pr\u00e9sident\u2028<br \/>\nPeter Cimbron, B.TECH., directeur de l\u2019imagerie<br \/>\nRobin Poot, B.Sc., O.L.S., O.L.I.P., directeur de la g\u00e9omatique<\/p>\n<p><b>Pour nous envoyer un courriel, veuillez remplir le formulaire suivant\u00a0:<\/b><\/p>\n<p><em>Airborne Sensing<sup>MD<\/sup> et les logos qui y sont associ\u00e9s sont des marques d\u00e9pos\u00e9es aupr\u00e8s du United States Patent and Trademark Office et de l\u2019Office de la propri\u00e9t\u00e9 intellectuelle du Canada. <\/em><\/p>\n<p><em>La soci\u00e9t\u00e9 Airborne Sensing est seule propri\u00e9taire et utilisatrice de ces marques.<\/em><\/p>\n<\/div>\n<div class=\"clearfix\"><\/div>\n","protected":false},"excerpt":{"rendered":"<p>O\u00d9? Depuis le 30 avril 2012, nos bureaux sont situ\u00e9s \u00e0 l\u2019adresse suivante\u00a0: The Airborne Sensing Corporation 555, rue Richmond ouest, bureau 912\u2028 Case postale 1008, Toronto (Ontario) M5V 3B1 Canada Latitude : 43\u00b038\u201948\u201d Longitude : -79\u00b024\u20198\u201d T\u00e9l\u00e9phone : 416-203-9858 T\u00e9l\u00e9copieur : 416-203-9843 Alexander M.&hellip;<\/p>\n","protected":false},"author":3,"featured_media":0,"parent":0,"menu_order":0,"comment_status":"closed","ping_status":"closed","template":"template_contact.php","meta":{"_monsterinsights_skip_tracking":false,"_monsterinsights_sitenote_active":false,"_monsterinsights_sitenote_note":"","_monsterinsights_sitenote_category":0,"footnotes":""},"class_list":["post-1391","page","type-page","status-publish","hentry"],"_links":{"self":[{"href":"https:\/\/airsensing.com\/fr\/wp-json\/wp\/v2\/pages\/1391","targetHints":{"allow":["GET"]}}],"collection":[{"href":"https:\/\/airsensing.com\/fr\/wp-json\/wp\/v2\/pages"}],"about":[{"href":"https:\/\/airsensing.com\/fr\/wp-json\/wp\/v2\/types\/page"}],"author":[{"embeddable":true,"href":"https:\/\/airsensing.com\/fr\/wp-json\/wp\/v2\/users\/3"}],"replies":[{"embeddable":true,"href":"https:\/\/airsensing.com\/fr\/wp-json\/wp\/v2\/comments?post=1391"}],"version-history":[{"count":11,"href":"https:\/\/airsensing.com\/fr\/wp-json\/wp\/v2\/pages\/1391\/revisions"}],"predecessor-version":[{"id":1479,"href":"https:\/\/airsensing.com\/fr\/wp-json\/wp\/v2\/pages\/1391\/revisions\/1479"}],"wp:attachment":[{"href":"https:\/\/airsensing.com\/fr\/wp-json\/wp\/v2\/media?parent=1391"}],"curies":[{"name":"wp","href":"https:\/\/api.w.org\/{rel}","templated":true}]}}