{"id":190,"date":"2013-03-13T15:47:18","date_gmt":"2013-03-13T15:47:18","guid":{"rendered":"http:\/\/69.195.124.91\/~airsensi\/?page_id=190"},"modified":"2014-08-06T15:51:55","modified_gmt":"2014-08-06T15:51:55","slug":"quoi","status":"publish","type":"page","link":"https:\/\/airsensing.com\/fr\/quoi\/","title":{"rendered":"QUOI"},"content":{"rendered":"<h5>QUOI?<\/h5>\n<p>Depuis notre premier lev\u00e9 a\u00e9rien en 1980, Airborne Sensing a r\u00e9alis\u00e9 les projets les plus divers en photographie a\u00e9rienne : bassins hydrographiques, faune, inventaires forestiers, \u00e9tudes environnementales et qualit\u00e9 de l\u2019eau, prospection mini\u00e8re, topographie et beaucoup d\u2019autres encore. Nos \u00e9quipages chevronn\u00e9s sillonnent le ciel de l\u2019Am\u00e9rique du Nord, des Antilles et de l\u2019Am\u00e9rique Centrale. Nos appareils polyvalents, \u00e9quip\u00e9s de la toute derni\u00e8re technologie d\u2019imagerie et de syst\u00e8mes de GPS d\u2019une pr\u00e9cision extr\u00eame sont pr\u00eats \u00e0 s\u2019envoler pour r\u00e9pondre \u00e0 vos besoins particuliers de photographie a\u00e9rienne.<\/p>\n<p><strong>Nous poss\u00e9dons d\u00e9sormais l\u2019avantage num\u00e9rique<\/strong><br \/>\nQualit\u00e9 et pr\u00e9cision d\u2019image in\u00e9gal\u00e9es, rapidit\u00e9 et simplicit\u00e9 de traitement, voil\u00e0 quelques-uns seulement des avantages de la photographie num\u00e9rique. Dans ce domaine d\u2019avant-garde, Airborne exploite parall\u00e8lement \u00e0 la photographie a\u00e9rienne argentique la toute derni\u00e8re g\u00e9n\u00e9ration d\u2019appareils num\u00e9riques et de logiciels Vexcel.<\/p>\n<p><strong>Des images plus nettes regorgeant de d\u00e9tails<\/strong><br \/>\nCe qui constituait jadis des zones d\u2019ombre s\u2019\u00e9claircit jusqu\u2019au moindre pixel et nous captons simultan\u00e9ment, en plus du noir et blanc, des donn\u00e9es allant de l\u2019infrarouge aux couleurs les plus vives.<\/p>\n<p><strong>GPS int\u00e9gr\u00e9<\/strong><br \/>\nL\u2019imagerie se combine instantan\u00e9ment \u00e0 un relev\u00e9 GPS pour effectuer des lev\u00e9s topographiques.<\/p>\n<p><strong>Automatisation simplifi\u00e9e<\/strong><br \/>\nIl est beaucoup plus facile et moins co\u00fbteux d\u2019obtenir des cartes perfectionn\u00e9es \u00e0 partir de l\u2019imagerie num\u00e9rique.<\/p>\n","protected":false},"excerpt":{"rendered":"<p>QUOI? Depuis notre premier lev\u00e9 a\u00e9rien en 1980, Airborne Sensing a r\u00e9alis\u00e9 les projets les plus divers en photographie a\u00e9rienne : bassins hydrographiques, faune, inventaires forestiers, \u00e9tudes environnementales et qualit\u00e9 de l\u2019eau, prospection mini\u00e8re, topographie et beaucoup d\u2019autres encore. Nos \u00e9quipages chevronn\u00e9s sillonnent le ciel&hellip;<\/p>\n","protected":false},"author":1,"featured_media":0,"parent":0,"menu_order":0,"comment_status":"closed","ping_status":"closed","template":"template_fullwidth.php","meta":{"_monsterinsights_skip_tracking":false,"_monsterinsights_sitenote_active":false,"_monsterinsights_sitenote_note":"","_monsterinsights_sitenote_category":0,"footnotes":""},"class_list":["post-190","page","type-page","status-publish","hentry"],"_links":{"self":[{"href":"https:\/\/airsensing.com\/fr\/wp-json\/wp\/v2\/pages\/190","targetHints":{"allow":["GET"]}}],"collection":[{"href":"https:\/\/airsensing.com\/fr\/wp-json\/wp\/v2\/pages"}],"about":[{"href":"https:\/\/airsensing.com\/fr\/wp-json\/wp\/v2\/types\/page"}],"author":[{"embeddable":true,"href":"https:\/\/airsensing.com\/fr\/wp-json\/wp\/v2\/users\/1"}],"replies":[{"embeddable":true,"href":"https:\/\/airsensing.com\/fr\/wp-json\/wp\/v2\/comments?post=190"}],"version-history":[{"count":7,"href":"https:\/\/airsensing.com\/fr\/wp-json\/wp\/v2\/pages\/190\/revisions"}],"predecessor-version":[{"id":1434,"href":"https:\/\/airsensing.com\/fr\/wp-json\/wp\/v2\/pages\/190\/revisions\/1434"}],"wp:attachment":[{"href":"https:\/\/airsensing.com\/fr\/wp-json\/wp\/v2\/media?parent=190"}],"curies":[{"name":"wp","href":"https:\/\/api.w.org\/{rel}","templated":true}]}}