{"id":279,"date":"2013-03-20T14:05:26","date_gmt":"2013-03-20T14:05:26","guid":{"rendered":"http:\/\/69.195.124.91\/~airsensi\/?page_id=279"},"modified":"2015-03-05T23:59:12","modified_gmt":"2015-03-05T23:59:12","slug":"pour-qui","status":"publish","type":"page","link":"https:\/\/airsensing.com\/fr\/pour-qui\/","title":{"rendered":"POUR QUI"},"content":{"rendered":"<p><img loading=\"lazy\" decoding=\"async\" class=\"alignnone size-full wp-image-200\" src=\"http:\/\/69.195.124.91\/~airsensi\/wp-content\/uploads\/2013\/03\/Airborne_Sensing_forwhom_01.jpg\" alt=\"Airborne_Sensing_forwhom_01\" width=\"960\" height=\"643\" srcset=\"https:\/\/airsensing.com\/wp-content\/uploads\/2013\/03\/Airborne_Sensing_forwhom_01.jpg 960w, https:\/\/airsensing.com\/wp-content\/uploads\/2013\/03\/Airborne_Sensing_forwhom_01-300x200.jpg 300w\" sizes=\"auto, (max-width: 960px) 100vw, 960px\" \/><\/p>\n<h5>POUR QUI?<\/h5>\n<p>Clich\u00e9 apr\u00e8s clich\u00e9, Airborne Sensing fournit des images de qualit\u00e9 superbe accompagn\u00e9es de donn\u00e9es de positionnement pr\u00e9cises. Un lev\u00e9 a\u00e9rien de pr\u00e9cision constitue l\u2019outil id\u00e9al pour affronter les probl\u00e8mes de demain. Depuis l\u2019analyse de la pr\u00e9carit\u00e9 des r\u00e9gions c\u00f4ti\u00e8res et l\u2019impact \u00e9cologique de l\u2019exploitation mini\u00e8re jusqu\u2019\u00e0 l\u2019imagerie multimodale des for\u00eats et de la faune, les images a\u00e9riennes permettent une prise de d\u00e9cisions responsables \u00e0 chaque \u00e9tape de la planification et de la gestion d\u2019un projet.<\/p>\n<p>La technologie \u00e9volu\u00e9e d\u2019imagerie num\u00e9rique et de positionnement utilis\u00e9e par Airborne Sensing peut produire simultan\u00e9ment des images g\u00e9or\u00e9f\u00e9renc\u00e9es en noir et blanc, en couleurs et en infrarouge couleurs. La production des images num\u00e9riques et la possibilit\u00e9 de lire num\u00e9riquement leurs donn\u00e9es spatiales et spectrales permettent la r\u00e9alisation d\u2019un montage 3D tr\u00e8s pr\u00e9cis. Airborne Sensing peut fournir \u00e0 ses clients des mod\u00e8les surfaciques num\u00e9riques pr\u00e9cis gr\u00e2ce \u00e0 son g\u00e9or\u00e9f\u00e9rencement direct et ses techniques \u00e9volu\u00e9es de triangulation a\u00e9rienne. Ces mod\u00e8les peuvent servir \u00e0 la cartographie de surface de tout projet entra\u00eenant la modification du terrain ou de son usage, ou la surveillance de l\u2019environnement.<\/p>\n<p>Vous trouverez d\u2019autres renseignements sur nos comp\u00e9tences dans les domaines suivants\u00a0:<\/p>\n<p><a href=\"http:\/\/airsensing.com\/fr\/pour-qui\/agriculture\/\">&gt; Agriculture<\/a><br \/>\n<a href=\"http:\/\/airsensing.com\/fr\/pour-qui\/coastal-mapping-fr\/\">&gt; Cartographie c\u00f4ti\u00e8re<\/a><br \/>\n<a href=\"http:\/\/airsensing.com\/fr\/pour-qui\/infrastructure-energetique\/\">&gt; Infrastructure \u00e9nerg\u00e9tique<\/a><br \/>\n<a href=\"http:\/\/airsensing.com\/fr\/pour-qui\/genie-et-environnement\/\">&gt; G\u00e9nie environnemental<\/a><br \/>\n<a href=\"http:\/\/airsensing.com\/fr\/pour-qui\/foresterie\/\">&gt; Foresterie<\/a><br \/>\n<a href=\"http:\/\/airsensing.com\/fr\/pour-qui\/cartographiearpentage\/\">&gt; Cartographie et lev\u00e9s<\/a><br \/>\n<a href=\"http:\/\/airsensing.com\/fr\/pour-qui\/genie-minier\/\">&gt; G\u00e9nie minier<\/a><br \/>\n<a href=\"http:\/\/airsensing.com\/fr\/pour-qui\/developpement-recreatif-et-touristique\/\">&gt; D\u00e9veloppement r\u00e9cr\u00e9atif et touristique<\/a><br \/>\n<a href=\"http:\/\/airsensing.com\/fr\/pour-qui\/developpement-de-corridors\/\">&gt; D\u00e9veloppement de corridors<\/a><br \/>\n<a href=\"http:\/\/airsensing.com\/fr\/pour-qui\/urbanisme\/\">&gt; Infrastructure urbaine et r\u00e9gionale<\/a><\/p>\n<p>&nbsp;<\/p>\n","protected":false},"excerpt":{"rendered":"<p>POUR QUI? Clich\u00e9 apr\u00e8s clich\u00e9, Airborne Sensing fournit des images de qualit\u00e9 superbe accompagn\u00e9es de donn\u00e9es de positionnement pr\u00e9cises. Un lev\u00e9 a\u00e9rien de pr\u00e9cision constitue l\u2019outil id\u00e9al pour affronter les probl\u00e8mes de demain. Depuis l\u2019analyse de la pr\u00e9carit\u00e9 des r\u00e9gions c\u00f4ti\u00e8res et l\u2019impact \u00e9cologique de&hellip;<\/p>\n","protected":false},"author":1,"featured_media":0,"parent":0,"menu_order":0,"comment_status":"closed","ping_status":"closed","template":"template_fullwidth.php","meta":{"_monsterinsights_skip_tracking":false,"_monsterinsights_sitenote_active":false,"_monsterinsights_sitenote_note":"","_monsterinsights_sitenote_category":0,"footnotes":""},"class_list":["post-279","page","type-page","status-publish","hentry"],"_links":{"self":[{"href":"https:\/\/airsensing.com\/fr\/wp-json\/wp\/v2\/pages\/279","targetHints":{"allow":["GET"]}}],"collection":[{"href":"https:\/\/airsensing.com\/fr\/wp-json\/wp\/v2\/pages"}],"about":[{"href":"https:\/\/airsensing.com\/fr\/wp-json\/wp\/v2\/types\/page"}],"author":[{"embeddable":true,"href":"https:\/\/airsensing.com\/fr\/wp-json\/wp\/v2\/users\/1"}],"replies":[{"embeddable":true,"href":"https:\/\/airsensing.com\/fr\/wp-json\/wp\/v2\/comments?post=279"}],"version-history":[{"count":8,"href":"https:\/\/airsensing.com\/fr\/wp-json\/wp\/v2\/pages\/279\/revisions"}],"predecessor-version":[{"id":1585,"href":"https:\/\/airsensing.com\/fr\/wp-json\/wp\/v2\/pages\/279\/revisions\/1585"}],"wp:attachment":[{"href":"https:\/\/airsensing.com\/fr\/wp-json\/wp\/v2\/media?parent=279"}],"curies":[{"name":"wp","href":"https:\/\/api.w.org\/{rel}","templated":true}]}}