{"id":281,"date":"2013-03-20T14:07:10","date_gmt":"2013-03-20T14:07:10","guid":{"rendered":"http:\/\/69.195.124.91\/~airsensi\/?page_id=281"},"modified":"2014-08-06T15:55:47","modified_gmt":"2014-08-06T15:55:47","slug":"agriculture","status":"publish","type":"page","link":"https:\/\/airsensing.com\/fr\/pour-qui\/agriculture\/","title":{"rendered":"Agriculture"},"content":{"rendered":"<p><img loading=\"lazy\" decoding=\"async\" class=\"alignleft size-full wp-image-450\" src=\"http:\/\/airsensing.com\/wp-content\/uploads\/2014\/06\/FRE_Agriculture.gif\" alt=\"airborne_sensing_agriculture_qc_sm_03\" width=\"960\" height=\"640\" \/><\/p>\n<h5>Agriculture<\/h5>\n<p>&#8211; La tr\u00e8s grande pr\u00e9cision photogramm\u00e9trique et l\u2019extr\u00eame polyvalence des clich\u00e9s multispectraux produits par les appareils num\u00e9riques facilitent grandement l\u2019int\u00e9gration pr\u00e9cise de projets agricoles.<br \/>\n\u2028- La nettet\u00e9 sup\u00e9rieure de l\u2019imagerie et la mod\u00e9lisation num\u00e9rique int\u00e9gr\u00e9e des hauteurs permettent de dresser avec une tr\u00e8s grande pr\u00e9cision des cartes de la configuration du drainage, tant naturel qu\u2019artificiel, en plus de faciliter l\u2019application du g\u00e9nie agricole aux projets \u00e0 grande \u00e9chelle.<br \/>\n&#8211; Les cultures et les terrains environnants peuvent \u00eatre photographi\u00e9s simultan\u00e9ment en noir et blanc, en couleurs et en infrarouge couleurs afin que le lev\u00e9 des r\u00e9coltes puisse identifier \u00e0 la fois les esp\u00e8ces v\u00e9g\u00e9tales, leur emplacement exact et leur \u00e9tat de sant\u00e9.<\/p>\n","protected":false},"excerpt":{"rendered":"<p>Agriculture &#8211; La tr\u00e8s grande pr\u00e9cision photogramm\u00e9trique et l\u2019extr\u00eame polyvalence des clich\u00e9s multispectraux produits par les appareils num\u00e9riques facilitent grandement l\u2019int\u00e9gration pr\u00e9cise de projets agricoles. \u2028- La nettet\u00e9 sup\u00e9rieure de l\u2019imagerie et la mod\u00e9lisation num\u00e9rique int\u00e9gr\u00e9e des hauteurs permettent de dresser avec une tr\u00e8s grande&hellip;<\/p>\n","protected":false},"author":1,"featured_media":0,"parent":279,"menu_order":1,"comment_status":"closed","ping_status":"closed","template":"template_fullwidth.php","meta":{"_monsterinsights_skip_tracking":false,"_monsterinsights_sitenote_active":false,"_monsterinsights_sitenote_note":"","_monsterinsights_sitenote_category":0,"footnotes":""},"class_list":["post-281","page","type-page","status-publish","hentry"],"_links":{"self":[{"href":"https:\/\/airsensing.com\/fr\/wp-json\/wp\/v2\/pages\/281","targetHints":{"allow":["GET"]}}],"collection":[{"href":"https:\/\/airsensing.com\/fr\/wp-json\/wp\/v2\/pages"}],"about":[{"href":"https:\/\/airsensing.com\/fr\/wp-json\/wp\/v2\/types\/page"}],"author":[{"embeddable":true,"href":"https:\/\/airsensing.com\/fr\/wp-json\/wp\/v2\/users\/1"}],"replies":[{"embeddable":true,"href":"https:\/\/airsensing.com\/fr\/wp-json\/wp\/v2\/comments?post=281"}],"version-history":[{"count":21,"href":"https:\/\/airsensing.com\/fr\/wp-json\/wp\/v2\/pages\/281\/revisions"}],"predecessor-version":[{"id":1439,"href":"https:\/\/airsensing.com\/fr\/wp-json\/wp\/v2\/pages\/281\/revisions\/1439"}],"up":[{"embeddable":true,"href":"https:\/\/airsensing.com\/fr\/wp-json\/wp\/v2\/pages\/279"}],"wp:attachment":[{"href":"https:\/\/airsensing.com\/fr\/wp-json\/wp\/v2\/media?parent=281"}],"curies":[{"name":"wp","href":"https:\/\/api.w.org\/{rel}","templated":true}]}}