{"id":283,"date":"2013-03-20T14:22:32","date_gmt":"2013-03-20T14:22:32","guid":{"rendered":"http:\/\/69.195.124.91\/~airsensi\/?page_id=283"},"modified":"2014-08-06T16:37:27","modified_gmt":"2014-08-06T16:37:27","slug":"foresterie","status":"publish","type":"page","link":"https:\/\/airsensing.com\/fr\/pour-qui\/foresterie\/","title":{"rendered":"Foresterie"},"content":{"rendered":"<h5><img loading=\"lazy\" decoding=\"async\" class=\"alignnone size-full wp-image-542\" src=\"http:\/\/airsensing.com\/wp-content\/uploads\/2014\/06\/FRE_Forestry.gif\" alt=\"airborne_sensing_forestry_qc_sm_03\" width=\"960\" height=\"640\" \/><\/h5>\n<h5>Foresterie<\/h5>\n<p>Depuis l\u2019invention de l\u2019appareil moderne de cartographie au cours de ann\u00e9es 1920, les relev\u00e9s a\u00e9riens ont constitu\u00e9 le moyen privil\u00e9gi\u00e9 de r\u00e9aliser des inventaires forestiers<\/p>\n<p>ASC a \u00e9t\u00e9 en 1981 l\u2019une des premi\u00e8res \u00e0 utiliser la photographie infrarouge couleurs pour r\u00e9aliser des relev\u00e9s de r\u00e9g\u00e9n\u00e9ration foresti\u00e8re et continue aujourd\u2019hui \u00e0 innover dans ce domaine.<\/p>\n<p>Les for\u00eats sont le poumon de la plan\u00e8te, mais elles agissent \u00e9galement \u00e0 la mani\u00e8re d\u2019une usine d\u2019\u00e9puration des eaux, d\u2019une r\u00e9serve d\u2019\u00e9nergie et d\u2019une source de fibres pouvant servir \u00e0 construire des maisons, tisser des v\u00eatements et fournir le moyen de transmettre l\u2019information. Des photographies num\u00e9riques multispectrales de haute d\u00e9finition combin\u00e9es \u00e0 un g\u00e9or\u00e9f\u00e9rencement de pr\u00e9cision peuvent permettre aux gouvernements, aux gestionnaires forestiers et aux soci\u00e9t\u00e9s publiques et priv\u00e9es d\u2019\u00e9viter les d\u00e9s\u00e9quilibres qui peuvent r\u00e9sulter de la surexploitation de l\u2019un de ces volets par rapport aux autres.<\/p>\n<p>Des photographies multispectrales photogramm\u00e9triquement correctes permettent aux chercheurs et aux gestionnaires forestiers d\u2019identifier les esp\u00e8ces, de mesurer des objets, d\u2019\u00e9valuer l\u2019\u00e9tat de sant\u00e9 de la v\u00e9g\u00e9tation et de surveiller les habitats forestiers (en particulier gr\u00e2ce \u00e0 la mod\u00e9lisation du drainage et des hauteurs), afin de d\u00e9terminer avec grande pr\u00e9cision la valeur de la for\u00eat.<\/p>\n<p>Des interventions bien cibl\u00e9es en mati\u00e8re de r\u00e9g\u00e9n\u00e9ration foresti\u00e8re, telles la protection phytosanitaire et la lutte contre les esp\u00e8ces invasives, sont plus faciles \u00e0 r\u00e9aliser gr\u00e2ce \u00e0 des donn\u00e9es cartographiques pr\u00e9cises.<\/p>\n<p>Un g\u00e9or\u00e9f\u00e9rencement plus pr\u00e9cis facilite la d\u00e9limitation des zones exploitables en tenant compte de caract\u00e9ristiques telles le rivage des cours d\u2019eau et l\u2019emprise des routes, et la mod\u00e9lisation num\u00e9rique des hauteurs peut permettre d\u2019obtenir du terrain des donn\u00e9es d\u00e9taill\u00e9es pour faciliter l\u2019ing\u00e9nierie des chemins forestiers.<\/p>\n<p>Des cartes photographiques orthorectifi\u00e9es peuvent \u00eatre fournies dans des d\u00e9lais tr\u00e8s courts aux organismes du secteur priv\u00e9 et public \u00e0 des fins de sylviculture et d\u2019infrastructure.<\/p>\n<p>La technologie de mod\u00e9lisation num\u00e9rique de la surface du sol permet de mesurer le volume de la biomasse, qui permet \u00e0 son tour d\u2019\u00e9valuer la capacit\u00e9 d\u2019une for\u00eat \u00e0 emprisonner le carbone; Airborne Sensing a fait la d\u00e9monstration de cette aptitude en 2012 \u00e0 l\u2019occasion d\u2019une pr\u00e9sentation \u00e0 l\u2019Instituto Geografico Militar de Quito, en \u00c9quateur.<\/p>\n","protected":false},"excerpt":{"rendered":"<p>Foresterie Depuis l\u2019invention de l\u2019appareil moderne de cartographie au cours de ann\u00e9es 1920, les relev\u00e9s a\u00e9riens ont constitu\u00e9 le moyen privil\u00e9gi\u00e9 de r\u00e9aliser des inventaires forestiers ASC a \u00e9t\u00e9 en 1981 l\u2019une des premi\u00e8res \u00e0 utiliser la photographie infrarouge couleurs pour r\u00e9aliser des relev\u00e9s de&hellip;<\/p>\n","protected":false},"author":1,"featured_media":0,"parent":279,"menu_order":3,"comment_status":"closed","ping_status":"closed","template":"template_fullwidth.php","meta":{"_monsterinsights_skip_tracking":false,"_monsterinsights_sitenote_active":false,"_monsterinsights_sitenote_note":"","_monsterinsights_sitenote_category":0,"footnotes":""},"class_list":["post-283","page","type-page","status-publish","hentry"],"_links":{"self":[{"href":"https:\/\/airsensing.com\/fr\/wp-json\/wp\/v2\/pages\/283","targetHints":{"allow":["GET"]}}],"collection":[{"href":"https:\/\/airsensing.com\/fr\/wp-json\/wp\/v2\/pages"}],"about":[{"href":"https:\/\/airsensing.com\/fr\/wp-json\/wp\/v2\/types\/page"}],"author":[{"embeddable":true,"href":"https:\/\/airsensing.com\/fr\/wp-json\/wp\/v2\/users\/1"}],"replies":[{"embeddable":true,"href":"https:\/\/airsensing.com\/fr\/wp-json\/wp\/v2\/comments?post=283"}],"version-history":[{"count":14,"href":"https:\/\/airsensing.com\/fr\/wp-json\/wp\/v2\/pages\/283\/revisions"}],"predecessor-version":[{"id":1455,"href":"https:\/\/airsensing.com\/fr\/wp-json\/wp\/v2\/pages\/283\/revisions\/1455"}],"up":[{"embeddable":true,"href":"https:\/\/airsensing.com\/fr\/wp-json\/wp\/v2\/pages\/279"}],"wp:attachment":[{"href":"https:\/\/airsensing.com\/fr\/wp-json\/wp\/v2\/media?parent=283"}],"curies":[{"name":"wp","href":"https:\/\/api.w.org\/{rel}","templated":true}]}}