{"id":287,"date":"2013-03-08T00:57:01","date_gmt":"2013-03-08T00:57:01","guid":{"rendered":"http:\/\/69.195.124.91\/~airsensi\/?page_id=287"},"modified":"2014-08-06T16:36:03","modified_gmt":"2014-08-06T16:36:03","slug":"genie-et-environnement","status":"publish","type":"page","link":"https:\/\/airsensing.com\/fr\/pour-qui\/genie-et-environnement\/","title":{"rendered":"G\u00e9nie\u00a0et environnement"},"content":{"rendered":"<h5><img loading=\"lazy\" decoding=\"async\" class=\"alignnone size-full wp-image-529\" src=\"http:\/\/airsensing.com\/wp-content\/uploads\/2014\/06\/FRE_EnvironEngineering.gif\" alt=\"airborne_sensing_environ_engineering_en_sm_01\" width=\"960\" height=\"640\" \/><\/h5>\n<h5>G\u00e9nie\u00a0et environnement<\/h5>\n<p>&#8211; Gr\u00e2ce \u00e0 nos appareils de prise de vue num\u00e9riques de derni\u00e8re g\u00e9n\u00e9ration et \u00e0 la possibilit\u00e9 de produire simultan\u00e9ment des images en noir et blanc, en couleurs et en infrarouge couleurs, il est d\u00e9sormais beaucoup plus facile d\u2019\u00e9valuer une grande diversit\u00e9 de probl\u00e8mes environnementaux.<br \/>\n&#8211; La pr\u00e9cision sup\u00e9rieure de nos images et la mod\u00e9lisation en hauteur int\u00e9gr\u00e9e que permettent nos appareils num\u00e9riques font en sorte que toutes les donn\u00e9es de nos photos a\u00e9riennes sont disponibles dans un format g\u00e9or\u00e9f\u00e9renc\u00e9 qui peut \u00eatre import\u00e9 directement dans un SIG ou tout autre syst\u00e8me de visualisation artificielle afin de permettre l\u2019observation des conditions actuelles et l\u2019obtention de renseignements utiles \u00e0 l\u2019att\u00e9nuation des d\u00e9sastres environnementaux. \u2028<br \/>\n&#8211; La classification automatique des images permet de d\u00e9tecter la pr\u00e9sence d\u2019objets ou de caract\u00e9ristiques de surface semblables, par exemple pour d\u00e9terminer la pr\u00e9sence et l\u2019emplacement exact d\u2019esp\u00e8ces v\u00e9g\u00e9tales invasives.<br \/>\n&#8211; Avec une qualit\u00e9 radiom\u00e9trique in\u00e9gal\u00e9e et une possibilit\u00e9 de mise en correspondance avec pr\u00e9cision, les \u00e9tudes de la faune (recensement des troupeaux) peuvent combiner identification, localisation et mensuration \u00e0 partir du m\u00eame ensemble de donn\u00e9es photographiques, alors que les \u00e9tudes aquatiques permettent de d\u00e9limiter avec pr\u00e9cision les motifs du rivage et d\u2019\u00e9valuer l\u2019emplacement et l\u2019\u00e9tat de sant\u00e9 de la v\u00e9g\u00e9tation.<\/p>\n","protected":false},"excerpt":{"rendered":"<p>G\u00e9nie\u00a0et environnement &#8211; Gr\u00e2ce \u00e0 nos appareils de prise de vue num\u00e9riques de derni\u00e8re g\u00e9n\u00e9ration et \u00e0 la possibilit\u00e9 de produire simultan\u00e9ment des images en noir et blanc, en couleurs et en infrarouge couleurs, il est d\u00e9sormais beaucoup plus facile d\u2019\u00e9valuer une grande diversit\u00e9 de&hellip;<\/p>\n","protected":false},"author":1,"featured_media":0,"parent":279,"menu_order":2,"comment_status":"closed","ping_status":"closed","template":"template_fullwidth.php","meta":{"_monsterinsights_skip_tracking":false,"_monsterinsights_sitenote_active":false,"_monsterinsights_sitenote_note":"","_monsterinsights_sitenote_category":0,"footnotes":""},"class_list":["post-287","page","type-page","status-publish","hentry"],"_links":{"self":[{"href":"https:\/\/airsensing.com\/fr\/wp-json\/wp\/v2\/pages\/287","targetHints":{"allow":["GET"]}}],"collection":[{"href":"https:\/\/airsensing.com\/fr\/wp-json\/wp\/v2\/pages"}],"about":[{"href":"https:\/\/airsensing.com\/fr\/wp-json\/wp\/v2\/types\/page"}],"author":[{"embeddable":true,"href":"https:\/\/airsensing.com\/fr\/wp-json\/wp\/v2\/users\/1"}],"replies":[{"embeddable":true,"href":"https:\/\/airsensing.com\/fr\/wp-json\/wp\/v2\/comments?post=287"}],"version-history":[{"count":18,"href":"https:\/\/airsensing.com\/fr\/wp-json\/wp\/v2\/pages\/287\/revisions"}],"predecessor-version":[{"id":1454,"href":"https:\/\/airsensing.com\/fr\/wp-json\/wp\/v2\/pages\/287\/revisions\/1454"}],"up":[{"embeddable":true,"href":"https:\/\/airsensing.com\/fr\/wp-json\/wp\/v2\/pages\/279"}],"wp:attachment":[{"href":"https:\/\/airsensing.com\/fr\/wp-json\/wp\/v2\/media?parent=287"}],"curies":[{"name":"wp","href":"https:\/\/api.w.org\/{rel}","templated":true}]}}