{"id":290,"date":"2013-03-20T14:26:59","date_gmt":"2013-03-20T14:26:59","guid":{"rendered":"http:\/\/69.195.124.91\/~airsensi\/?page_id=290"},"modified":"2014-08-06T16:38:38","modified_gmt":"2014-08-06T16:38:38","slug":"cartographiearpentage","status":"publish","type":"page","link":"https:\/\/airsensing.com\/fr\/pour-qui\/cartographiearpentage\/","title":{"rendered":"Cartographie\/arpentage"},"content":{"rendered":"<h5><img loading=\"lazy\" decoding=\"async\" class=\"alignnone size-full wp-image-555\" src=\"http:\/\/69.195.124.91\/~airsensi\/wp-content\/uploads\/2013\/03\/airborne_sensing_generic_sm_01.jpg\" alt=\"airborne_sensing_generic_sm_01\" width=\"960\" height=\"640\" srcset=\"https:\/\/airsensing.com\/wp-content\/uploads\/2013\/03\/airborne_sensing_generic_sm_01.jpg 960w, https:\/\/airsensing.com\/wp-content\/uploads\/2013\/03\/airborne_sensing_generic_sm_01-300x200.jpg 300w\" sizes=\"auto, (max-width: 960px) 100vw, 960px\" \/><\/h5>\n<h5>Cartographie et arpentage<\/h5>\n<p>De repr\u00e9sentations abstraites bidimensionnelles imprim\u00e9es sur papier et montrant les caract\u00e9ristiques du terrain sous la forme de symboles conventionnels, les cartes topographiques ont \u00e9volu\u00e9 pour devenir des images tridimensionnelles interactives qui pr\u00e9sentent la surface du sol telle qu\u2019elle existe en r\u00e9alit\u00e9. ASC fournit des images et des donn\u00e9es de positionnement qui assurent que ces repr\u00e9sentations sont \u00e0 la fois exploitables et congrues.<\/p>\n<p>&#8211; \u00a0La technologie avanc\u00e9e de Vexcel est enti\u00e8rement compatible avec tous les syst\u00e8mes a\u00e9roport\u00e9s de positionnement de pr\u00e9cision (y compris le KGPS et le positionnement inertiel) et lesimages num\u00e9riques produites s\u2019accompagnent de tous les param\u00e8tres d\u2019orientation int\u00e9rieurs et ext\u00e9rieurs, ce qui permet leur utilisation dans le SIG et les autres dispositifs de visualisation artificielle.\u2028<br \/>\n&#8211; Le g\u00e9or\u00e9f\u00e9rencement direct int\u00e9gr\u00e9, la production quasi-automatique d\u2019orthophotographies et les proc\u00e9d\u00e9s rapides de triangulation a\u00e9rienne diminuent le recours \u00e0 la mod\u00e9lisation par t\u00e9l\u00e9m\u00e9trie au laser (LIDAR).<br \/>\n\u2028- Une solide architecture des points de raccordement permet une triangulation tr\u00e8s pr\u00e9cise. La nettet\u00e9 des images permet d\u2019apparier les points de passage plus rapidement et avec plus de pr\u00e9cision que toute autre technologie.\u2028<br \/>\n&#8211; L\u2019\u00e9quilibrage chromatique (radiom\u00e9trique) d\u2019une seule photo ou de toute une mosa\u00efque et une plus large gamme dynamique facilitent la cartographie de corridors urbains denses et de zones \u00e0 contraste \u00e9lev\u00e9 telles les rivages et les for\u00eats.<br \/>\n&#8211; La combinaison de la photographie num\u00e9rique et de l\u2019orthorectification permet \u00e0 Airborne Sensing de fournir une mod\u00e9lisation num\u00e9rique pr\u00e9cise de la surface du sol, ce qui permet de transformer extr\u00eamement rapidement des images bidimensionnelles en une repr\u00e9sentation tridimensionnelle du terrain.<\/p>\n","protected":false},"excerpt":{"rendered":"<p>Cartographie et arpentage De repr\u00e9sentations abstraites bidimensionnelles imprim\u00e9es sur papier et montrant les caract\u00e9ristiques du terrain sous la forme de symboles conventionnels, les cartes topographiques ont \u00e9volu\u00e9 pour devenir des images tridimensionnelles interactives qui pr\u00e9sentent la surface du sol telle qu\u2019elle existe en r\u00e9alit\u00e9. ASC&hellip;<\/p>\n","protected":false},"author":1,"featured_media":0,"parent":279,"menu_order":4,"comment_status":"closed","ping_status":"closed","template":"template_fullwidth.php","meta":{"_monsterinsights_skip_tracking":false,"_monsterinsights_sitenote_active":false,"_monsterinsights_sitenote_note":"","_monsterinsights_sitenote_category":0,"footnotes":""},"class_list":["post-290","page","type-page","status-publish","hentry"],"_links":{"self":[{"href":"https:\/\/airsensing.com\/fr\/wp-json\/wp\/v2\/pages\/290","targetHints":{"allow":["GET"]}}],"collection":[{"href":"https:\/\/airsensing.com\/fr\/wp-json\/wp\/v2\/pages"}],"about":[{"href":"https:\/\/airsensing.com\/fr\/wp-json\/wp\/v2\/types\/page"}],"author":[{"embeddable":true,"href":"https:\/\/airsensing.com\/fr\/wp-json\/wp\/v2\/users\/1"}],"replies":[{"embeddable":true,"href":"https:\/\/airsensing.com\/fr\/wp-json\/wp\/v2\/comments?post=290"}],"version-history":[{"count":7,"href":"https:\/\/airsensing.com\/fr\/wp-json\/wp\/v2\/pages\/290\/revisions"}],"predecessor-version":[{"id":1456,"href":"https:\/\/airsensing.com\/fr\/wp-json\/wp\/v2\/pages\/290\/revisions\/1456"}],"up":[{"embeddable":true,"href":"https:\/\/airsensing.com\/fr\/wp-json\/wp\/v2\/pages\/279"}],"wp:attachment":[{"href":"https:\/\/airsensing.com\/fr\/wp-json\/wp\/v2\/media?parent=290"}],"curies":[{"name":"wp","href":"https:\/\/api.w.org\/{rel}","templated":true}]}}