{"id":496,"date":"2013-05-15T14:12:01","date_gmt":"2013-05-15T14:12:01","guid":{"rendered":"http:\/\/69.195.124.91\/~airsensi\/?page_id=496"},"modified":"2014-08-06T16:01:01","modified_gmt":"2014-08-06T16:01:01","slug":"coastal-mapping-fr","status":"publish","type":"page","link":"https:\/\/airsensing.com\/fr\/pour-qui\/coastal-mapping-fr\/","title":{"rendered":"Coastal Mapping &#8211; FR"},"content":{"rendered":"<h5><img loading=\"lazy\" decoding=\"async\" class=\"alignnone size-full wp-image-498\" src=\"http:\/\/airsensing.com\/wp-content\/uploads\/2014\/06\/FRE_CoastalMapping.gif\" alt=\"airborne_sensing_coastal_mapping_qc_am_02\" width=\"960\" height=\"640\" \/><\/h5>\n<h5>Cartographie c\u00f4ti\u00e8re<\/h5>\n<p>Notre savoir-faire combinant sous un m\u00eame toit photographie num\u00e9rique et techniques perfectionn\u00e9es de traitement des donn\u00e9es facilite la planification d\u2019urgence \u00e9volu\u00e9e alors que partout au monde la pr\u00e9carit\u00e9 des r\u00e9gions c\u00f4ti\u00e8res soul\u00e8ve de plus en plus d\u2019inqui\u00e9tude.<br \/>\n&#8211; Les images multispectrales tridimensionnelles permettent aux services d\u2019urgence de simuler la mont\u00e9e des eaux et de pr\u00e9dire son impact sur les r\u00e9gions c\u00f4ti\u00e8res afin d\u2019att\u00e9nuer ses effets avant m\u00eame qu\u2019elle ne se produise.<br \/>\n&#8211; Airborne Sensing est en mesure de r\u00e9aliser toutes les \u00e9tapes de la cartographie c\u00f4ti\u00e8re, depuis les lev\u00e9s terrestres et a\u00e9riens jusqu\u2019\u00e0 la mod\u00e9lisation des hauteurs et la cr\u00e9ation d\u2019images orthorectifi\u00e9es et d\u2019une mod\u00e9lisation 3D.<br \/>\n&#8211; L\u2019obtention d\u2019images pr\u00e9cises des constructions humaines et des caract\u00e9ristiques naturelles est essentielle \u00e0 l\u2019\u00e9tude des habitats tant humains qu\u2019animaux des zones c\u00f4ti\u00e8res.<br \/>\n&#8211; Airborne Sensing n\u2019a pas encore travers\u00e9 l\u2019Atlantique ni le Pacifique, mais la port\u00e9e de notre travail c\u00f4tier, qui s\u2019\u00e9tend de l\u2019Arctique canadien aux rivages de l\u2019\u00c9quateur, des c\u00f4tes rocheuses de Terre-Neuve \u00e0 Vancouver, Nanaimo et San Francisco \u00e0 l\u2019ouest, de m\u00eame qu\u2019\u00e0 plusieurs villes c\u00f4ti\u00e8res du Mexique et des Antilles, illustre bien la polyvalence de notre \u00e9quipement terrestre et a\u00e9rien ainsi que de notre personnel.<\/p>\n","protected":false},"excerpt":{"rendered":"<p>Cartographie c\u00f4ti\u00e8re Notre savoir-faire combinant sous un m\u00eame toit photographie num\u00e9rique et techniques perfectionn\u00e9es de traitement des donn\u00e9es facilite la planification d\u2019urgence \u00e9volu\u00e9e alors que partout au monde la pr\u00e9carit\u00e9 des r\u00e9gions c\u00f4ti\u00e8res soul\u00e8ve de plus en plus d\u2019inqui\u00e9tude. &#8211; Les images multispectrales tridimensionnelles permettent&hellip;<\/p>\n","protected":false},"author":1,"featured_media":0,"parent":279,"menu_order":0,"comment_status":"closed","ping_status":"open","template":"template_fullwidth.php","meta":{"_monsterinsights_skip_tracking":false,"_monsterinsights_sitenote_active":false,"_monsterinsights_sitenote_note":"","_monsterinsights_sitenote_category":0,"footnotes":""},"class_list":["post-496","page","type-page","status-publish","hentry"],"_links":{"self":[{"href":"https:\/\/airsensing.com\/fr\/wp-json\/wp\/v2\/pages\/496","targetHints":{"allow":["GET"]}}],"collection":[{"href":"https:\/\/airsensing.com\/fr\/wp-json\/wp\/v2\/pages"}],"about":[{"href":"https:\/\/airsensing.com\/fr\/wp-json\/wp\/v2\/types\/page"}],"author":[{"embeddable":true,"href":"https:\/\/airsensing.com\/fr\/wp-json\/wp\/v2\/users\/1"}],"replies":[{"embeddable":true,"href":"https:\/\/airsensing.com\/fr\/wp-json\/wp\/v2\/comments?post=496"}],"version-history":[{"count":9,"href":"https:\/\/airsensing.com\/fr\/wp-json\/wp\/v2\/pages\/496\/revisions"}],"predecessor-version":[{"id":1443,"href":"https:\/\/airsensing.com\/fr\/wp-json\/wp\/v2\/pages\/496\/revisions\/1443"}],"up":[{"embeddable":true,"href":"https:\/\/airsensing.com\/fr\/wp-json\/wp\/v2\/pages\/279"}],"wp:attachment":[{"href":"https:\/\/airsensing.com\/fr\/wp-json\/wp\/v2\/media?parent=496"}],"curies":[{"name":"wp","href":"https:\/\/api.w.org\/{rel}","templated":true}]}}