{"id":516,"date":"2013-05-15T14:27:39","date_gmt":"2013-05-15T14:27:39","guid":{"rendered":"http:\/\/69.195.124.91\/~airsensi\/?page_id=516"},"modified":"2014-08-06T16:31:07","modified_gmt":"2014-08-06T16:31:07","slug":"infrastructure-energetique","status":"publish","type":"page","link":"https:\/\/airsensing.com\/fr\/pour-qui\/infrastructure-energetique\/","title":{"rendered":"Infrastructure \u00e9nerg\u00e9tique"},"content":{"rendered":"<h5><img loading=\"lazy\" decoding=\"async\" class=\"alignnone size-full wp-image-517\" src=\"http:\/\/airsensing.com\/wp-content\/uploads\/2014\/06\/FRE_Energy.gif\" alt=\"airborne_sensing_energy_qc_sm_02\" width=\"960\" height=\"640\" \/><\/h5>\n<h5>Infrastructure \u00e9nerg\u00e9tique<\/h5>\n<p>&#8211; Une imagerie num\u00e9rique de pr\u00e9cision et une mod\u00e9lisation num\u00e9rique de la surface sont essentielles aux \u00e9tudes de faisabilit\u00e9 pr\u00e9alables \u00e0 la conception et \u00e0 l\u2019exploitation de projets d\u2019extraction de combustibles fossiles tels le charbon et le gaz naturel, et \u00e0 l\u2019implantation de centrales hydro\u00e9lectriques ou d\u2019\u00e9oliennes, ainsi qu\u2019\u00e0 l\u2019appui de l\u2019exploitation de ces entreprises.<br \/>\n&#8211; La photographie a\u00e9rienne permet de cartographier avec pr\u00e9cision les corridors de transport de l\u2019\u00e9nergie, tels le trac\u00e9 des lignes \u00e9lectriques, des pipelines et des voies ferr\u00e9es.<br \/>\n\u2028- La production rapide d\u2019orthophotographies de haute qualit\u00e9 et la triangulation a\u00e9rienne gr\u00e2ce \u00e0 nos dispositifs automatiques int\u00e9gr\u00e9s permettent d\u2019\u00e9valuer avec pr\u00e9cision la qualit\u00e9 de l\u2019infrastructure actuelle afin de faciliter la gestion du risque li\u00e9 \u00e0 l\u2019exploitation des hydrocarbures.\u2028<br \/>\n&#8211; La mesure pr\u00e9cise de la surface et du volume des \u00e9difices peut faciliter la production de mod\u00e8les tridimensionnels pr\u00e9cis des pertes et des gains de chaleur en ville, permettant l\u2019\u00e9valuation de la consommation \u00e9nerg\u00e9tique d\u2019une municipalit\u00e9 par le biais de projets tels la cartographie urbaine de la chaleur, des \u00e9tudes de faisabilit\u00e9 de toits verts et des inventaires forestiers urbains.<\/p>\n","protected":false},"excerpt":{"rendered":"<p>Infrastructure \u00e9nerg\u00e9tique &#8211; Une imagerie num\u00e9rique de pr\u00e9cision et une mod\u00e9lisation num\u00e9rique de la surface sont essentielles aux \u00e9tudes de faisabilit\u00e9 pr\u00e9alables \u00e0 la conception et \u00e0 l\u2019exploitation de projets d\u2019extraction de combustibles fossiles tels le charbon et le gaz naturel, et \u00e0 l\u2019implantation de&hellip;<\/p>\n","protected":false},"author":1,"featured_media":0,"parent":279,"menu_order":0,"comment_status":"closed","ping_status":"open","template":"template_fullwidth.php","meta":{"_monsterinsights_skip_tracking":false,"_monsterinsights_sitenote_active":false,"_monsterinsights_sitenote_note":"","_monsterinsights_sitenote_category":0,"footnotes":""},"class_list":["post-516","page","type-page","status-publish","hentry"],"_links":{"self":[{"href":"https:\/\/airsensing.com\/fr\/wp-json\/wp\/v2\/pages\/516","targetHints":{"allow":["GET"]}}],"collection":[{"href":"https:\/\/airsensing.com\/fr\/wp-json\/wp\/v2\/pages"}],"about":[{"href":"https:\/\/airsensing.com\/fr\/wp-json\/wp\/v2\/types\/page"}],"author":[{"embeddable":true,"href":"https:\/\/airsensing.com\/fr\/wp-json\/wp\/v2\/users\/1"}],"replies":[{"embeddable":true,"href":"https:\/\/airsensing.com\/fr\/wp-json\/wp\/v2\/comments?post=516"}],"version-history":[{"count":11,"href":"https:\/\/airsensing.com\/fr\/wp-json\/wp\/v2\/pages\/516\/revisions"}],"predecessor-version":[{"id":1453,"href":"https:\/\/airsensing.com\/fr\/wp-json\/wp\/v2\/pages\/516\/revisions\/1453"}],"up":[{"embeddable":true,"href":"https:\/\/airsensing.com\/fr\/wp-json\/wp\/v2\/pages\/279"}],"wp:attachment":[{"href":"https:\/\/airsensing.com\/fr\/wp-json\/wp\/v2\/media?parent=516"}],"curies":[{"name":"wp","href":"https:\/\/api.w.org\/{rel}","templated":true}]}}