{"id":570,"date":"2013-05-15T16:13:56","date_gmt":"2013-05-15T16:13:56","guid":{"rendered":"http:\/\/69.195.124.91\/~airsensi\/?page_id=570"},"modified":"2014-08-06T16:39:54","modified_gmt":"2014-08-06T16:39:54","slug":"genie-minier","status":"publish","type":"page","link":"https:\/\/airsensing.com\/fr\/pour-qui\/genie-minier\/","title":{"rendered":"G\u00e9nie minier"},"content":{"rendered":"<h5><img loading=\"lazy\" decoding=\"async\" class=\"alignnone size-full wp-image-880\" src=\"http:\/\/airsensing.com\/wp-content\/uploads\/2014\/06\/FRE_Mining.gif\" alt=\"airborne_sensing_mining_bk_01_REV2\" width=\"960\" height=\"626\" \/><\/h5>\n<h5>G\u00e9nie minier<\/h5>\n<p>&#8211; Les photos a\u00e9riennes obtenues au cours de lev\u00e9s photographiques, combin\u00e9es \u00e0 la mod\u00e9lisation de la surface qu\u2019il est possible d\u2019en extraire, permettent la conception et l\u2019exploitation de la mine en utilisant des donn\u00e9es de source identique pour les travaux de g\u00e9nie tant quantitatifs que qualitatifs.<br \/>\n\u2028- Les donn\u00e9es tridimensionnelles pr\u00e9cises obtenues \u00e0 partir de l\u2019orthophotographie et de la mod\u00e9lisation num\u00e9rique de la surface du sol permettent au promoteur de retirer aussi peu de mort-terrain que possible pour atteindre son objectif, ce qui repr\u00e9sente un gain important d\u2019efficacit\u00e9 \u00e9conomique et \u00e9cologique.\u2028<br \/>\n&#8211; Des photographies orthorectifi\u00e9es peuvent \u00eatre fournies dans des d\u00e9lais tr\u00e8s courts pour permettre l\u2019\u00e9tablissement intelligent et \u00e9conomique de corridors de transport pour sortir le minerai ou les produits miniers.<br \/>\n&#8211; Airborne Sensing a fourni des lev\u00e9s a\u00e9riens pour plusieurs exploitations mini\u00e8res de grande envergure. On peut penser \u00e0 la mine de nickel Raglan ou aux gisements de fer de Schefferville, au Qu\u00e9bec. Ces projets ont tous deux exig\u00e9 des lev\u00e9s suppl\u00e9mentaire pour cartographier dans des zones quasi-imp\u00e9n\u00e9trables des corridors destin\u00e9s au transport du minerai vers la c\u00f4te, o\u00f9 il sera transbord\u00e9 \u00e0 bord de min\u00e9raliers.<\/p>\n","protected":false},"excerpt":{"rendered":"<p>G\u00e9nie minier &#8211; Les photos a\u00e9riennes obtenues au cours de lev\u00e9s photographiques, combin\u00e9es \u00e0 la mod\u00e9lisation de la surface qu\u2019il est possible d\u2019en extraire, permettent la conception et l\u2019exploitation de la mine en utilisant des donn\u00e9es de source identique pour les travaux de g\u00e9nie tant&hellip;<\/p>\n","protected":false},"author":1,"featured_media":0,"parent":279,"menu_order":0,"comment_status":"closed","ping_status":"open","template":"template_fullwidth.php","meta":{"_monsterinsights_skip_tracking":false,"_monsterinsights_sitenote_active":false,"_monsterinsights_sitenote_note":"","_monsterinsights_sitenote_category":0,"footnotes":""},"class_list":["post-570","page","type-page","status-publish","hentry"],"_links":{"self":[{"href":"https:\/\/airsensing.com\/fr\/wp-json\/wp\/v2\/pages\/570","targetHints":{"allow":["GET"]}}],"collection":[{"href":"https:\/\/airsensing.com\/fr\/wp-json\/wp\/v2\/pages"}],"about":[{"href":"https:\/\/airsensing.com\/fr\/wp-json\/wp\/v2\/types\/page"}],"author":[{"embeddable":true,"href":"https:\/\/airsensing.com\/fr\/wp-json\/wp\/v2\/users\/1"}],"replies":[{"embeddable":true,"href":"https:\/\/airsensing.com\/fr\/wp-json\/wp\/v2\/comments?post=570"}],"version-history":[{"count":10,"href":"https:\/\/airsensing.com\/fr\/wp-json\/wp\/v2\/pages\/570\/revisions"}],"predecessor-version":[{"id":1458,"href":"https:\/\/airsensing.com\/fr\/wp-json\/wp\/v2\/pages\/570\/revisions\/1458"}],"up":[{"embeddable":true,"href":"https:\/\/airsensing.com\/fr\/wp-json\/wp\/v2\/pages\/279"}],"wp:attachment":[{"href":"https:\/\/airsensing.com\/fr\/wp-json\/wp\/v2\/media?parent=570"}],"curies":[{"name":"wp","href":"https:\/\/api.w.org\/{rel}","templated":true}]}}