{"id":583,"date":"2013-05-15T16:21:25","date_gmt":"2013-05-15T16:21:25","guid":{"rendered":"http:\/\/69.195.124.91\/~airsensi\/?page_id=583"},"modified":"2014-08-06T16:41:00","modified_gmt":"2014-08-06T16:41:00","slug":"developpement-recreatif-et-touristique","status":"publish","type":"page","link":"https:\/\/airsensing.com\/fr\/pour-qui\/developpement-recreatif-et-touristique\/","title":{"rendered":"D\u00e9veloppement r\u00e9cr\u00e9atif et touristique"},"content":{"rendered":"<p><img loading=\"lazy\" decoding=\"async\" class=\"alignnone size-full wp-image-580\" src=\"http:\/\/airsensing.com\/wp-content\/uploads\/2014\/06\/FRE_Recreational.gif\" alt=\"airborne_sensing_recreation_en_sm_02\" width=\"960\" height=\"640\" \/><\/p>\n<h5>D\u00e9veloppement r\u00e9cr\u00e9atif et touristique<\/h5>\n<p>&#8211; La mod\u00e9lisation num\u00e9rique fournit aux promoteurs des renseignements sur la position pr\u00e9cise des principales caract\u00e9ristiques, telles les dunes de sable, les mangroves, les for\u00eats et les r\u00e9cifs, permettant aux promoteurs de valoriser de vastes zones vertes tout en sauvegardant leurs attraits naturels.<br \/>\n&#8211; Des photographies orthorectifi\u00e9es peuvent \u00eatre fournies dans des d\u00e9lais tr\u00e8s courts afin de fournir aux promoteurs les renseignements qu\u2019ils souhaitent sur l\u2019attrait, l\u2019accessibilit\u00e9 et la durabilit\u00e9 de l\u2019emplacement.<\/p>\n","protected":false},"excerpt":{"rendered":"<p>D\u00e9veloppement r\u00e9cr\u00e9atif et touristique &#8211; La mod\u00e9lisation num\u00e9rique fournit aux promoteurs des renseignements sur la position pr\u00e9cise des principales caract\u00e9ristiques, telles les dunes de sable, les mangroves, les for\u00eats et les r\u00e9cifs, permettant aux promoteurs de valoriser de vastes zones vertes tout en sauvegardant leurs&hellip;<\/p>\n","protected":false},"author":1,"featured_media":0,"parent":279,"menu_order":0,"comment_status":"closed","ping_status":"open","template":"template_fullwidth.php","meta":{"_monsterinsights_skip_tracking":false,"_monsterinsights_sitenote_active":false,"_monsterinsights_sitenote_note":"","_monsterinsights_sitenote_category":0,"footnotes":""},"class_list":["post-583","page","type-page","status-publish","hentry"],"_links":{"self":[{"href":"https:\/\/airsensing.com\/fr\/wp-json\/wp\/v2\/pages\/583","targetHints":{"allow":["GET"]}}],"collection":[{"href":"https:\/\/airsensing.com\/fr\/wp-json\/wp\/v2\/pages"}],"about":[{"href":"https:\/\/airsensing.com\/fr\/wp-json\/wp\/v2\/types\/page"}],"author":[{"embeddable":true,"href":"https:\/\/airsensing.com\/fr\/wp-json\/wp\/v2\/users\/1"}],"replies":[{"embeddable":true,"href":"https:\/\/airsensing.com\/fr\/wp-json\/wp\/v2\/comments?post=583"}],"version-history":[{"count":7,"href":"https:\/\/airsensing.com\/fr\/wp-json\/wp\/v2\/pages\/583\/revisions"}],"predecessor-version":[{"id":1459,"href":"https:\/\/airsensing.com\/fr\/wp-json\/wp\/v2\/pages\/583\/revisions\/1459"}],"up":[{"embeddable":true,"href":"https:\/\/airsensing.com\/fr\/wp-json\/wp\/v2\/pages\/279"}],"wp:attachment":[{"href":"https:\/\/airsensing.com\/fr\/wp-json\/wp\/v2\/media?parent=583"}],"curies":[{"name":"wp","href":"https:\/\/api.w.org\/{rel}","templated":true}]}}