{"id":649,"date":"2013-03-08T00:59:06","date_gmt":"2013-03-08T00:59:06","guid":{"rendered":"http:\/\/69.195.124.91\/~airsensi\/?page_id=649"},"modified":"2015-03-05T23:53:45","modified_gmt":"2015-03-05T23:53:45","slug":"comment","status":"publish","type":"page","link":"https:\/\/airsensing.com\/fr\/comment\/","title":{"rendered":"COMMENT"},"content":{"rendered":"<h5><img loading=\"lazy\" decoding=\"async\" class=\"alignnone size-full wp-image-674\" src=\"http:\/\/69.195.124.91\/~airsensi\/wp-content\/uploads\/2013\/03\/airborne_sensing_generic_sm_04.jpg\" alt=\"airborne_sensing_generic_sm_04\" width=\"960\" height=\"646\" srcset=\"https:\/\/airsensing.com\/wp-content\/uploads\/2013\/03\/airborne_sensing_generic_sm_04.jpg 960w, https:\/\/airsensing.com\/wp-content\/uploads\/2013\/03\/airborne_sensing_generic_sm_04-300x201.jpg 300w\" sizes=\"auto, (max-width: 960px) 100vw, 960px\" \/><\/h5>\n<h5>Comment?<\/h5>\n<p>Airborne Sensing est fi\u00e8re de mettre \u00e0 votre disposition une extraordinaire combinaison des meilleurs moyens techniques, compos\u00e9e d\u2019avions dot\u00e9s de remarquables innovations leur permettant d\u2019accueillir les appareils de photographie a\u00e9rienne les plus modernes, appuy\u00e9s par les syst\u00e8mes de gestion de vol les plus \u00e9volu\u00e9s, les \u00e9quipages les plus comp\u00e9tents et les mieux form\u00e9s et une infrastructure g\u00e9od\u00e9sique et photogramm\u00e9trique de premi\u00e8re qualit\u00e9. Depuis 1980, Airborne Sensing a \u00e9labor\u00e9 ou acquis les outils les plus efficaces pour conserver son excellente r\u00e9putation de chef de file de son secteur pour son esprit novateur et sa fiabilit\u00e9.\u00a0<\/p>\n<p>Renseignez-vous sur nos\u00a0:<\/p>\n<p><a href=\"http:\/\/airsensing.com\/fr\/comment\/nos-avions\/\">&gt; Nos avions<\/a><br \/>\n<a href=\"http:\/\/airsensing.com\/fr\/comment\/des-equipages-specialises\/\">&gt; \u00c9quipages sp\u00e9cialis\u00e9s\u2028<\/a><br \/>\n<a href=\"http:\/\/airsensing.com\/fr\/comment\/appareils-de-photographie-aerienne\/\">&gt; Appareils de photographie a\u00e9rienne<\/a><br \/>\n<a href=\"http:\/\/airsensing.com\/fr\/comment\/infrastructure-geodesique-et-photogrammetrique\/\">&gt; Infrastructureg\u00e9od\u00e9sique et photogramm\u00e9trique<\/a><\/p>\n","protected":false},"excerpt":{"rendered":"<p>Comment? Airborne Sensing est fi\u00e8re de mettre \u00e0 votre disposition une extraordinaire combinaison des meilleurs moyens techniques, compos\u00e9e d\u2019avions dot\u00e9s de remarquables innovations leur permettant d\u2019accueillir les appareils de photographie a\u00e9rienne les plus modernes, appuy\u00e9s par les syst\u00e8mes de gestion de vol les plus \u00e9volu\u00e9s,&hellip;<\/p>\n","protected":false},"author":1,"featured_media":0,"parent":0,"menu_order":0,"comment_status":"closed","ping_status":"closed","template":"template_fullwidth.php","meta":{"_monsterinsights_skip_tracking":false,"_monsterinsights_sitenote_active":false,"_monsterinsights_sitenote_note":"","_monsterinsights_sitenote_category":0,"footnotes":""},"class_list":["post-649","page","type-page","status-publish","hentry"],"_links":{"self":[{"href":"https:\/\/airsensing.com\/fr\/wp-json\/wp\/v2\/pages\/649","targetHints":{"allow":["GET"]}}],"collection":[{"href":"https:\/\/airsensing.com\/fr\/wp-json\/wp\/v2\/pages"}],"about":[{"href":"https:\/\/airsensing.com\/fr\/wp-json\/wp\/v2\/types\/page"}],"author":[{"embeddable":true,"href":"https:\/\/airsensing.com\/fr\/wp-json\/wp\/v2\/users\/1"}],"replies":[{"embeddable":true,"href":"https:\/\/airsensing.com\/fr\/wp-json\/wp\/v2\/comments?post=649"}],"version-history":[{"count":11,"href":"https:\/\/airsensing.com\/fr\/wp-json\/wp\/v2\/pages\/649\/revisions"}],"predecessor-version":[{"id":1589,"href":"https:\/\/airsensing.com\/fr\/wp-json\/wp\/v2\/pages\/649\/revisions\/1589"}],"wp:attachment":[{"href":"https:\/\/airsensing.com\/fr\/wp-json\/wp\/v2\/media?parent=649"}],"curies":[{"name":"wp","href":"https:\/\/api.w.org\/{rel}","templated":true}]}}