{"id":701,"date":"2013-05-16T23:14:11","date_gmt":"2013-05-16T23:14:11","guid":{"rendered":"http:\/\/69.195.124.91\/~airsensi\/with-what\/dedicated-aircrew\/"},"modified":"2014-08-06T17:42:38","modified_gmt":"2014-08-06T17:42:38","slug":"des-equipages-specialises","status":"publish","type":"page","link":"https:\/\/airsensing.com\/fr\/comment\/des-equipages-specialises\/","title":{"rendered":"Des \u00e9quipages sp\u00e9cialis\u00e9s"},"content":{"rendered":"<h5><img loading=\"lazy\" decoding=\"async\" class=\"alignnone size-full wp-image-698\" src=\"http:\/\/69.195.124.91\/~airsensi\/wp-content\/uploads\/2013\/05\/airborne_sensing_generic_sm_08.jpg\" alt=\"airborne_sensing_generic_sm_08\" width=\"960\" height=\"714\" srcset=\"https:\/\/airsensing.com\/wp-content\/uploads\/2013\/05\/airborne_sensing_generic_sm_08.jpg 960w, https:\/\/airsensing.com\/wp-content\/uploads\/2013\/05\/airborne_sensing_generic_sm_08-300x223.jpg 300w\" sizes=\"auto, (max-width: 960px) 100vw, 960px\" \/><\/h5>\n<h5>Des \u00e9quipages sp\u00e9cialis\u00e9s<\/h5>\n<p>Afin de mener des missions de lev\u00e9s a\u00e9riens au Canada, dans toute l\u2019Am\u00e9rique du Nord, du Centre et du Sud ainsi qu\u2019aux Antilles, Airborne Sensing n\u00e9cessite la collaboration d\u2019\u00e9quipages hautement sp\u00e9cialis\u00e9s. Notre travail exige fr\u00e9quemment de longues p\u00e9riodes d\u2019attente des conditions m\u00e9t\u00e9orologiques propices au projet puis, lorsque ces conditions sont r\u00e9unies, d\u2019accomplir sans erreur la mission. Dans plusieurs cas, l\u2019\u00e9quipage doit proc\u00e9der \u00e0 un lev\u00e9 GPS au sol, travailler en \u00e9troite collaboration avec les contr\u00f4leurs a\u00e9riens, travailler sous des temp\u00e9ratures extr\u00eames et assumer plusieurs r\u00f4les \u00e0 la fois. De plus en plus, les \u00e9quipages doivent \u00e9galement travailler dans des langues \u00e9trang\u00e8res.<\/p>\n<p>Les fiers \u00e9quipages d\u2019Airborne Sensing sont non seulement hautement qualifi\u00e9s dans ces diverses disciplines, mais doivent pouvoir adopter rapidement de nouvelles aptitudes pour affronter des t\u00e2ches inconnues jusque l\u00e0.<\/p>\n<p><strong>Bien form\u00e9s<\/strong><br \/>\nEn plus de suivre notre propre programme de formation, plusieurs membres de nos \u00e9quipages ont suivi les cours offerts par les fabricants de nos appareils et logiciels, tels Vexcel, Track\u2019Air et Applanix.<\/p>\n<p>Nos exigences d\u2019emploi minimales pour nos pilotes d\u00e9passent de beaucoup les normes du secteur; il en r\u00e9sulte que nos pilotes sont en mesure de voler sous des conditions difficiles avec un niveau de pr\u00e9cision spectaculaire.<\/p>\n<p><strong>Attentifs<\/strong>\u2028<br \/>\nNos \u00e9quipages sont tr\u00e8s attentifs pour accomplir dans des d\u00e9lais serr\u00e9s un travail exigeant une extr\u00eame pr\u00e9cision.<\/p>\n<p><strong>Multilingues et cosmopolites<\/strong><br \/>\n\u2028Les \u00e9quipages d\u2019ASC ont \u0153uvr\u00e9 dans plus d\u2019une dizaine de pays et v\u00e9cu dans bon nombre d\u2019autres. Leurs missions les ont conduits du Canada aux \u00c9tats-Unis, au Mexique, en R\u00e9publique dominicaine, en \u00c9quateur, en Jama\u00efque, au Belize, \u00e0 Saint-Kitts-et-Nevis, au Guatemala, aux Antilles n\u00e9erlandaises \u00e0 Saint-Vincent-et-les-Grenadines, \u00e0 Porto Rico, aux Bahamas, aux \u00celes Turks et Ca\u00efcos, aux Bermudes, aux \u00eeles Ca\u00efmans et aux \u00eeles Vierges am\u00e9ricaines.<\/p>\n","protected":false},"excerpt":{"rendered":"<p>Des \u00e9quipages sp\u00e9cialis\u00e9s Afin de mener des missions de lev\u00e9s a\u00e9riens au Canada, dans toute l\u2019Am\u00e9rique du Nord, du Centre et du Sud ainsi qu\u2019aux Antilles, Airborne Sensing n\u00e9cessite la collaboration d\u2019\u00e9quipages hautement sp\u00e9cialis\u00e9s. Notre travail exige fr\u00e9quemment de longues p\u00e9riodes d\u2019attente des conditions m\u00e9t\u00e9orologiques&hellip;<\/p>\n","protected":false},"author":1,"featured_media":0,"parent":649,"menu_order":0,"comment_status":"closed","ping_status":"open","template":"template_fullwidth.php","meta":{"_monsterinsights_skip_tracking":false,"_monsterinsights_sitenote_active":false,"_monsterinsights_sitenote_note":"","_monsterinsights_sitenote_category":0,"footnotes":""},"class_list":["post-701","page","type-page","status-publish","hentry"],"_links":{"self":[{"href":"https:\/\/airsensing.com\/fr\/wp-json\/wp\/v2\/pages\/701","targetHints":{"allow":["GET"]}}],"collection":[{"href":"https:\/\/airsensing.com\/fr\/wp-json\/wp\/v2\/pages"}],"about":[{"href":"https:\/\/airsensing.com\/fr\/wp-json\/wp\/v2\/types\/page"}],"author":[{"embeddable":true,"href":"https:\/\/airsensing.com\/fr\/wp-json\/wp\/v2\/users\/1"}],"replies":[{"embeddable":true,"href":"https:\/\/airsensing.com\/fr\/wp-json\/wp\/v2\/comments?post=701"}],"version-history":[{"count":5,"href":"https:\/\/airsensing.com\/fr\/wp-json\/wp\/v2\/pages\/701\/revisions"}],"predecessor-version":[{"id":1465,"href":"https:\/\/airsensing.com\/fr\/wp-json\/wp\/v2\/pages\/701\/revisions\/1465"}],"up":[{"embeddable":true,"href":"https:\/\/airsensing.com\/fr\/wp-json\/wp\/v2\/pages\/649"}],"wp:attachment":[{"href":"https:\/\/airsensing.com\/fr\/wp-json\/wp\/v2\/media?parent=701"}],"curies":[{"name":"wp","href":"https:\/\/api.w.org\/{rel}","templated":true}]}}