{"id":715,"date":"2013-05-16T23:43:06","date_gmt":"2013-05-16T23:43:06","guid":{"rendered":"http:\/\/69.195.124.91\/~airsensi\/with-what\/airborne-sensors\/"},"modified":"2014-08-06T17:44:15","modified_gmt":"2014-08-06T17:44:15","slug":"appareils-de-photographie-aerienne","status":"publish","type":"page","link":"https:\/\/airsensing.com\/fr\/comment\/appareils-de-photographie-aerienne\/","title":{"rendered":"Appareils de photographie a\u00e9rienne"},"content":{"rendered":"<h5><img loading=\"lazy\" decoding=\"async\" class=\"alignnone size-full wp-image-712\" src=\"http:\/\/69.195.124.91\/~airsensi\/wp-content\/uploads\/2013\/05\/airborne_sensing_generic_sm_09.jpg\" alt=\"airborne_sensing_generic_sm_09\" width=\"960\" height=\"640\" srcset=\"https:\/\/airsensing.com\/wp-content\/uploads\/2013\/05\/airborne_sensing_generic_sm_09.jpg 960w, https:\/\/airsensing.com\/wp-content\/uploads\/2013\/05\/airborne_sensing_generic_sm_09-300x200.jpg 300w\" sizes=\"auto, (max-width: 960px) 100vw, 960px\" \/><\/h5>\n<h5>Appareils de photographie a\u00e9rienne<\/h5>\n<p>Airborne Sensing est depuis plus de trente ans chef de file de la technologie des appareils de photographie a\u00e9rienne. La venue de la photographie num\u00e9rique nous a permis de d\u00e9montrer une fois de plus notre savoir-faire dans ce domaine. Vous trouverez ci-dessous de plus amples renseignements sur nos appareils de prise de vue num\u00e9rique multispectrale de grand format, nos syst\u00e8mes de positionnement de haute pr\u00e9cision, notre syst\u00e8me de positionnement et d\u2019orientation par GNSS\/UMI et sur nos appareils de prise de vue argentique.<\/p>\n<p><strong>Appareils de prise de vue num\u00e9rique multispectrale de grand format <\/strong><br \/>\nMaintenant que la photographie a\u00e9rienne num\u00e9rique de pointe et ses logiciels surpassent la photographie argentique, Airborne est d\u2019avis que l\u2019une de ces technologies num\u00e9riques l\u2019emporte nettement sur les autres\u00a0: l\u2019appareil num\u00e9rique de grand format UltraCam, mis au point en Autriche par la soci\u00e9t\u00e9 Vexcel (appartenant \u00e0 Microsoft et utilis\u00e9e pour Virtual Earth). En associant notre savoir-faire en photographie a\u00e9rienne et la photogramm\u00e9trie num\u00e9rique \u00e9volu\u00e9e de Vexcel, nous sommes en mesure de vous fournir l\u2019imagerie de haute qualit\u00e9 qu\u2019il vous faut pour cartographier la plan\u00e8te et la pr\u00e9cision indispensable \u00e0 une prise de d\u00e9cision \u00e9clair\u00e9e.<\/p>\n<p>Notre appareil UCX de Vexcel produit sans granulosit\u00e9 une imagerie dont la gamme dynamique d\u00e9passe 12 bits par pixel (alors que la photographie argentique \u00e9quivaut \u00e0 moins de 8 bits par pixel). Il en r\u00e9sulte une radiom\u00e9trie imbattable qui permet de mieux harmoniser des clich\u00e9s obtenus dans toutes sortes de conditions m\u00e9t\u00e9orologiques et facilite l\u2019interpr\u00e9tation, l\u2019analyse st\u00e9r\u00e9oscopique et le tirage automatique.<\/p>\n<p>Les 8 objectifs de l\u2019appareil permettent d\u2019obtenir en parall\u00e8le des images num\u00e9riques de grand format en noir et blanc, en couleurs naturelles et en infrarouge \u00e0 fausses couleurs. Les donn\u00e9es recueillies par chacune des 13 matrices de CCD sont trait\u00e9es et stock\u00e9es s\u00e9par\u00e9ment. La synth\u00e8se de ces donn\u00e9es fournit une image poss\u00e9dant une pr\u00e9cision g\u00e9om\u00e9trique contr\u00f4l\u00e9e et un syst\u00e8me de coordonn\u00e9es unique.<\/p>\n<p>Chaque matrice de CCD dispose de son propre canal de pr\u00e9traitement et de stockage, avec possibilit\u00e9 de stockage \u00e0 double redondance. Gr\u00e2ce au puissant ordinateur embarqu\u00e9 de l\u2019UltraCam, qui poss\u00e8de 15 processeurs, il nous est possible d\u2019amorcer en vol le pr\u00e9traitement des images. Contrairement \u00e0 la photographie argentique, l\u2019imagerie num\u00e9rique peut s\u2019int\u00e9grer sans frais au processus actuel de la photogramm\u00e9trie, ce qui am\u00e9liore consid\u00e9rablement l\u2019automatisation.<\/p>\n<p><strong>Positionnement de pr\u00e9cision <\/strong><br \/>\n\u2028L\u2019\u00e9quipe d\u2019Airborne Sensing a mis au point une interface qui transmet au journal des positions GPS le point m\u00e9dian du signal d\u00e9clencheur de l\u2019obturateur. Le GPS est ainsi en mesure de conna\u00eetre le moment exact o\u00f9 l\u2019obturateur est grand ouvert, ce qui lui permet, par comparaison avec les donn\u00e9es GPS, de d\u00e9terminer avec une pr\u00e9cision sup\u00e9rieure \u00e0 300 \u00b5 la position de l\u2019axe optique au moment de la prise de vue. Le d\u00e9calage entre le centre de l\u2019antenne GPS et le centre optique de l\u2019appareil photo est connu \u00e0 1 mm pr\u00e8s (x, y, z). Cette interface enregistre les donn\u00e9es GPS du vol en vue de leur traitement ult\u00e9rieur.<\/p>\n<p><strong>Positionnement et orientation par GNSS\/UMI<\/strong><br \/>\n\u2028L\u2019appareil Applanix de g\u00e9or\u00e9f\u00e9rencement direct combin\u00e9 GPS\/positionnement inertiel utilis\u00e9 par Airborne Sensing recueille pendant le vol les donn\u00e9es GPS une ou deux fois par seconde et les donn\u00e9es de positionnement inertiel 200 fois par seconde. Il peut ainsi mesurer \u00e0 moins de 15 cm la distance entre l\u2019appareil photographique et le centre de la terre, ainsi qu\u2019\u00e0 un peu plus de 1\/1000 de degr\u00e9 l\u2019angle de son axe optique par rapport \u00e0 l\u2019horizontale. Les donn\u00e9es fournies par cet appareil sont ensuite post-trait\u00e9es au moyen d\u2019algorithmes de filtration GPS\/positionnement inertiel afin de calculer les coordonn\u00e9es x,y,z et w,p,k de l\u2019appareil photo au moment de la prise de vue. Ses r\u00e9sultats sont imm\u00e9diatement utilisables par le syst\u00e8me d\u2019analyse photogramm\u00e9trique de l\u2019utilisateur pour cr\u00e9er des cartes vectorielles, matricielles ou autres.<\/p>\n<p>&nbsp;<\/p>\n","protected":false},"excerpt":{"rendered":"<p>Appareils de photographie a\u00e9rienne Airborne Sensing est depuis plus de trente ans chef de file de la technologie des appareils de photographie a\u00e9rienne. La venue de la photographie num\u00e9rique nous a permis de d\u00e9montrer une fois de plus notre savoir-faire dans ce domaine. Vous trouverez&hellip;<\/p>\n","protected":false},"author":1,"featured_media":0,"parent":649,"menu_order":0,"comment_status":"closed","ping_status":"open","template":"template_fullwidth.php","meta":{"_monsterinsights_skip_tracking":false,"_monsterinsights_sitenote_active":false,"_monsterinsights_sitenote_note":"","_monsterinsights_sitenote_category":0,"footnotes":""},"class_list":["post-715","page","type-page","status-publish","hentry"],"_links":{"self":[{"href":"https:\/\/airsensing.com\/fr\/wp-json\/wp\/v2\/pages\/715","targetHints":{"allow":["GET"]}}],"collection":[{"href":"https:\/\/airsensing.com\/fr\/wp-json\/wp\/v2\/pages"}],"about":[{"href":"https:\/\/airsensing.com\/fr\/wp-json\/wp\/v2\/types\/page"}],"author":[{"embeddable":true,"href":"https:\/\/airsensing.com\/fr\/wp-json\/wp\/v2\/users\/1"}],"replies":[{"embeddable":true,"href":"https:\/\/airsensing.com\/fr\/wp-json\/wp\/v2\/comments?post=715"}],"version-history":[{"count":4,"href":"https:\/\/airsensing.com\/fr\/wp-json\/wp\/v2\/pages\/715\/revisions"}],"predecessor-version":[{"id":1466,"href":"https:\/\/airsensing.com\/fr\/wp-json\/wp\/v2\/pages\/715\/revisions\/1466"}],"up":[{"embeddable":true,"href":"https:\/\/airsensing.com\/fr\/wp-json\/wp\/v2\/pages\/649"}],"wp:attachment":[{"href":"https:\/\/airsensing.com\/fr\/wp-json\/wp\/v2\/media?parent=715"}],"curies":[{"name":"wp","href":"https:\/\/api.w.org\/{rel}","templated":true}]}}