{"id":729,"date":"2013-05-17T00:16:10","date_gmt":"2013-05-17T00:16:10","guid":{"rendered":"http:\/\/69.195.124.91\/~airsensi\/with-what\/geodetic-and-photogrammetric-infrastructure\/"},"modified":"2014-08-06T17:50:30","modified_gmt":"2014-08-06T17:50:30","slug":"infrastructure-geodesique-et-photogrammetrique","status":"publish","type":"page","link":"https:\/\/airsensing.com\/fr\/comment\/infrastructure-geodesique-et-photogrammetrique\/","title":{"rendered":"Infrastructure g\u00e9od\u00e9sique et photogramm\u00e9trique"},"content":{"rendered":"<p><img loading=\"lazy\" decoding=\"async\" class=\"alignnone size-full wp-image-725\" src=\"http:\/\/69.195.124.91\/~airsensi\/wp-content\/uploads\/2013\/05\/airborne_sensing_generic_sm_10.jpg\" alt=\"airborne_sensing_generic_sm_10\" width=\"960\" height=\"600\" srcset=\"https:\/\/airsensing.com\/wp-content\/uploads\/2013\/05\/airborne_sensing_generic_sm_10.jpg 960w, https:\/\/airsensing.com\/wp-content\/uploads\/2013\/05\/airborne_sensing_generic_sm_10-300x187.jpg 300w\" sizes=\"auto, (max-width: 960px) 100vw, 960px\" \/><\/p>\n<h5>Infrastructure g\u00e9od\u00e9sique et photogramm\u00e9trique<\/h5>\n<p>\u2028Toutes nos missions b\u00e9n\u00e9ficient de photographies a\u00e9riennes pr\u00e9cises de qualit\u00e9 sup\u00e9rieure auxquelles s\u2019ajoutent les derniers perfectionnements de la g\u00e9od\u00e9sie et de la photogramm\u00e9trie afin de nous assurer que la marchandise que nous livrons r\u00e9ponde aux attentes de nos clients ou m\u00eame les d\u00e9passent. Forts de plus de 20 ans d\u2019exp\u00e9rience en post-traitement des donn\u00e9es GNSS a\u00e9riennes, nous nous enorgueillissons d\u2019offrir une infrastructure compl\u00e8te de planification des missions, notre propre arpenteur professionnel, le g\u00e9or\u00e9f\u00e9rencement direct gr\u00e2ce \u00e0 notre syst\u00e8me de positionnement et d\u2019orientation par GNSS\/UMI, nos proc\u00e9d\u00e9s automatis\u00e9s de triangulation a\u00e9rienne avec possibilit\u00e9 d\u2019intervention humaine, nos possibilit\u00e9s d\u2019arpentage g\u00e9od\u00e9sique au sol et\u00a0la cr\u00e9ation de mod\u00e8les num\u00e9riques de la surface du sol et d\u2019orthophotographies. Nous poss\u00e9dons de plus l\u2019\u00e9quipement n\u00e9cessaire pour num\u00e9riser les photographies argentiques et les rendre ainsi compatibles avec les logiciels de traitement d\u2019image et de photogramm\u00e9trie.<\/p>\n<p><strong>Une exp\u00e9rience du positionnement pr\u00e9cis \u2028 <\/strong><br \/>\n\u2028L\u2019\u00e9quipe d\u2019Airborne Sensing a mis au point il y a plus de 20 ans une interface qui transmet au journal des positions GNSS le point m\u00e9dian du signal d\u00e9clencheur de l\u2019obturateur. Le GPS est ainsi en mesure de conna\u00eetre le moment exact o\u00f9 l\u2019obturateur est grand ouvert, ce qui lui permet, par comparaison avec les donn\u00e9es GNSS, de d\u00e9terminer avec une pr\u00e9cision sup\u00e9rieure \u00e0 300 \u00b5 la position de l\u2019axe optique au moment de la prise de vue. Le d\u00e9calage entre le centre de l\u2019antenne GPS et le centre optique de l\u2019appareil photo est connu \u00e0 1 mm pr\u00e8s (x, y, z). Cette interface enregistre les donn\u00e9es GNSS du vol en vue de leur traitement ult\u00e9rieur.<\/p>\n<p><strong>Une infrastructure compl\u00e8te de planification des missions \u2028 <\/strong><br \/>\nAirborne Sensing s\u2019est dot\u00e9e d\u2019un protocole de planification des missions afin de faire en sorte que toute la marchandise livr\u00e9e r\u00e9ponde aux exigences du client et nos lev\u00e9s sont con\u00e7us en fonction des r\u00e9seaux actifs utilis\u00e9s localement et des observations GNSS statiques.<\/p>\n<p>Au moyen d\u2019un syst\u00e8me d\u2019information g\u00e9ographique (SIG), nous cartographions notre plan de vol, la zone des lev\u00e9s, les bases a\u00e9roportuaires et les stations g\u00e9od\u00e9siques d\u00e9j\u00e0 en place.<\/p>\n<p>\u00c0 l\u2019aide de ces cartes, nous consultons les organismes de contr\u00f4le et de r\u00e9f\u00e9rence spatiale (aux niveaux municipal, provincial et f\u00e9d\u00e9ral) afin de d\u00e9terminer la pr\u00e9cision disponible et dans quelle mesure celle-ci peut s\u2019appliquer aux exigences de la mission, puis nous d\u00e9terminons quel r\u00e9seau actif de GNSS existe dans la r\u00e9gion (p. ex. SCRO, CACS ou autres r\u00e9seaux virtuels de r\u00e9f\u00e9rence). Nous calculons ensuite la translation depuis ces r\u00e9seaux.<\/p>\n<p>Les cartes produites \u00e0 partir du SIG forment \u00e9galement la base de r\u00e9f\u00e9rence de nos photographies. En utilisant les points de recoupement tir\u00e9s de la r\u00e9f\u00e9rence g\u00e9od\u00e9sique, nous pouvons organiser nos missions afin qu\u2019elles s\u2019alignent sur les calques du SIG. Apr\u00e8s consultation avec le client, nous dotons la mission des cibles appropri\u00e9es et de caract\u00e9ristiques photographiquement identifiables.<\/p>\n<p>Nous utilisons les logiciels suivants pour traiter les donn\u00e9es g\u00e9od\u00e9siques et photogramm\u00e9triques\u00a0:<\/p>\n<p>&#8211; Applanix\u00a0: g\u00e9or\u00e9f\u00e9rencement direct<br \/>\n&#8211; Inpho\u00a0: observations de triangulation a\u00e9rienne<br \/>\n&#8211; BINGO\u00a0: triangulation a\u00e9rienne<br \/>\n&#8211; Grafnav\u00a0: donn\u00e9es GNSS en vol fournies par l\u2019antenne de GPS de l\u2019avion, sans les donn\u00e9es inertielles<br \/>\n&#8211; Grafnet\u00a0: ajustement des donn\u00e9es statiques du r\u00e9seau GNSS \u00e0 partir des stations terrestres GNSS<br \/>\n&#8211; PPP\u00a0: positionnement pr\u00e9cis servant \u00e0 calculer les coordonn\u00e9es des stations terrestres GNSS<br \/>\n&#8211; TRNX\u00a0: logiciel f\u00e9d\u00e9ral de transformation servant \u00e0 la translation d\u2019une ann\u00e9e \u00e0 l\u2019autre du cadre de r\u00e9f\u00e9rence<br \/>\n&#8211; NTV2\u00a0: logiciel de conversion du plan national de r\u00e9f\u00e9rence<br \/>\n&#8211; Global Mapper\/AutoCAD\/Google Earth\u00a0: SIG afin d\u2019\u00e9laborer des calques cartographiques<\/p>\n<p><strong>Notre propre arpenteur professionnel<\/strong><br \/>\n\u2028Robin Poot, notre directeur de la g\u00e9omatique, poss\u00e8de plus de 20 ans d\u2019exp\u00e9rience \u00e0 titre d\u2019arpenteur professionnel dans le cadre de missions d\u2019arpentage de g\u00e9nie, g\u00e9od\u00e9sique et photogramm\u00e9trique pour des projets de toutes tailles en Am\u00e9rique du Nord, en Am\u00e9rique Latine et aux Antilles. Form\u00e9 en Allemagne, au Canada et aux \u00c9tats-Unis, Robin est reconnu comme arpenteur g\u00e9od\u00e9sique par l\u2019Association of Ontario Land Surveyors (AOLS).<\/p>\n<p><strong>G\u00e9or\u00e9f\u00e9rencement direct et triangulation \u2028a\u00e9rienne<\/strong><br \/>\nLe syst\u00e8me de positionnement et d\u2019orientation par GNSS\/UMI qu\u2019utilise Airborne Sensing a \u00e9t\u00e9 mis au point par la soci\u00e9t\u00e9 Applanix. L\u2019appareil de g\u00e9or\u00e9f\u00e9rencement direct combin\u00e9 GNSS\/positionnement inertiel recueille pendant le vol les donn\u00e9es GNSS une ou deux fois par seconde et les donn\u00e9es de positionnement inertiel 200 fois par seconde. Il peut ainsi mesurer \u00e0 moins de 15 cm la position de l\u2019appareil photographique par rapport au centre de la terre, ainsi qu\u2019\u00e0 un peu plus de 1\/1000 de degr\u00e9 l\u2019angle de son axe optique par rapport \u00e0 l\u2019horizontale. Les donn\u00e9es fournies par cet appareil sont ensuite post-trait\u00e9es au moyen d\u2019algorithmes de filtration GNSS\/positionnement inertiel afin de calculer les coordonn\u00e9es x,y,z et w,p,k de l\u2019appareil photo au moment de la prise de vue.<\/p>\n<p>Les donn\u00e9es obtenues \u00e0 partir du syst\u00e8me de positionnement et d\u2019orientation par GNSS\/UMI peuvent servir au direct des images. Ce g\u00e9or\u00e9f\u00e9rencement direct procure tr\u00e8s rapidement une pr\u00e9cision moyenne. Ces donn\u00e9es peuvent \u00eatre par la suite retransform\u00e9es pour permettre une triangulation a\u00e9rienne compl\u00e8te.<\/p>\n<p>Notre syst\u00e8me de triangulation a\u00e9rienne est presque enti\u00e8rement automatis\u00e9, ce qui permet un traitement rapide des donn\u00e9es gr\u00e2ce aux logiciels Applanix, Inpho et BINGO. Ce syst\u00e8me permet une intervention humaine \u00e0 de nombreuses \u00e9tapes afin de garantir une pr\u00e9cision conforme aux exigences du client.<\/p>\n<p>Les r\u00e9sultats sont imm\u00e9diatement utilisables par le syst\u00e8me d\u2019analyse photogramm\u00e9trique de l\u2019utilisateur pour cr\u00e9er des cartes vectorielles, matricielles ou autres.<\/p>\n<p><strong>Lev\u00e9s g\u00e9od\u00e9siques terrestres\u2028 <\/strong><br \/>\nAirborne Sensing dispose de 4 stations au sol DL Millennium de Novatel, toutes munies d\u2019une antenne g\u00e9od\u00e9sique, d\u2019un tr\u00e9pied, d\u2019une alimentation \u00e9lectrique et d\u2019un ordinateur portable pour fins de journalisation des donn\u00e9es. En combinant les donn\u00e9es des stations au sol \u00e0 celles enregistr\u00e9es simultan\u00e9ment depuis une station de r\u00e9f\u00e9rence, nous sommes en mesure de d\u00e9terminer le point de prise de vue \u00e0 moins de 10 cm pour les coordonn\u00e9es x et y et moins de 15 cm pour z. Airborne Sensing est l\u2019un des pionniers de l\u2019utilisation de cette technologie en photogramm\u00e9trie a\u00e9rienne.<\/p>\n<p>Ces stations au sol repr\u00e9sentent le moyen le plus largement d\u00e9ployable qui soit pour la cueillette de donn\u00e9es au sol; Cet \u00e9quipement polyvalent nous permet de mener des missions de grande pr\u00e9cision dans des r\u00e9gions o\u00f9 les r\u00e9seaux de lev\u00e9s g\u00e9od\u00e9siques sont rares, peu fiables, inaccessibles ou inutilisables. La plupart des missions d\u2019Airborne Sensing se d\u00e9roulent au Canada, o\u00f9 les r\u00e9seaux g\u00e9od\u00e9siques sont rares dans plusieurs r\u00e9gions; ce syst\u00e8me nous a \u00e9galement \u00e9t\u00e9 tr\u00e8s utile lors de missions dans d\u2019autres r\u00e9gions, particuli\u00e8rement \u00e0 Santo Domingo et en Jama\u00efque.<\/p>\n<p><strong>Cr\u00e9ation de mod\u00e8les num\u00e9riques de la surface et d\u2019orthophotographies\u2028 <\/strong><br \/>\nNous pouvons obtenir rapidement des mod\u00e8les num\u00e9riques de la surfacepar appariement d\u2019images, \u00e0 une fraction du co\u00fbt de la photogramm\u00e9trie traditionnelle ou du LIDAR. Ces mod\u00e8les, particuli\u00e8rement dans le cas de r\u00e9gions peu dens\u00e9ment couvertes par la v\u00e9g\u00e9tation, peuvent servir \u00e0 la cr\u00e9ation d\u2019orthophotographies et de mod\u00e8les d\u2019ing\u00e9nierie, aux calculs volum\u00e9triques et aux \u00e9bauches d\u2019ing\u00e9nierie.<\/p>\n<p>Airborne Sensing produit \u00e9galement pour certains clients des orthophotographies \u00e0 partir desquelles il est possible de cr\u00e9er des photomosa\u00efques continues et radiom\u00e9triquement \u00e9quilibr\u00e9es. Nous les \u00e9laborons \u00e0 partir des mod\u00e8les num\u00e9riques de la surface du sol que nous produisons ou d\u2019autres mod\u00e8les disponibles, tels des lev\u00e9s au LIDAR ou des donn\u00e9es provinciales ou municipales.<\/p>\n<p><strong>Num\u00e9risation \u2028<\/strong><br \/>\n\u00c0 titre de cr\u00e9ateur de photographies argentiques traditionnelles, Airborne Sensing reconna\u00eet la n\u00e9cessit\u00e9 de pouvoir manipuler ces images dans un environnement num\u00e9rique afin de cr\u00e9er des mod\u00e8les num\u00e9riques de la surface et des orthophotographies. Par l\u2019entremise de notre filiale Airborne Scans, nous offrons des moyens \u00e9volu\u00e9s permettant de num\u00e9riser les photographies argentiques. Nous utilisons les appareils suivants\u00a0:<\/p>\n<p>&#8211; Num\u00e9riseur photogramm\u00e9trique Vexcel 4000HT pour convertir les images photographiques en fichiers tram\u00e9s pour la photogramm\u00e9trie \u00e9lectronique et le traitement num\u00e9rique de l\u2019imagerie. (Pr\u00e9cision g\u00e9om\u00e9trique sup\u00e9rieure \u00e0 1 micron \u2013 ce qui \u00e9quivaut \u00e0 1 cm au sol sur une photographie \u00e0 l\u2019\u00e9chelle 1:10,000.)<br \/>\n&#8211; Num\u00e9riseur d\u2019appoint Vexcel ULTRASCAN 5000 avec gamme de gris de 10 bits.<\/p>\n","protected":false},"excerpt":{"rendered":"<p>Infrastructure g\u00e9od\u00e9sique et photogramm\u00e9trique \u2028Toutes nos missions b\u00e9n\u00e9ficient de photographies a\u00e9riennes pr\u00e9cises de qualit\u00e9 sup\u00e9rieure auxquelles s\u2019ajoutent les derniers perfectionnements de la g\u00e9od\u00e9sie et de la photogramm\u00e9trie afin de nous assurer que la marchandise que nous livrons r\u00e9ponde aux attentes de nos clients ou m\u00eame&hellip;<\/p>\n","protected":false},"author":1,"featured_media":0,"parent":649,"menu_order":0,"comment_status":"closed","ping_status":"open","template":"","meta":{"_monsterinsights_skip_tracking":false,"_monsterinsights_sitenote_active":false,"_monsterinsights_sitenote_note":"","_monsterinsights_sitenote_category":0,"footnotes":""},"class_list":["post-729","page","type-page","status-publish","hentry"],"_links":{"self":[{"href":"https:\/\/airsensing.com\/fr\/wp-json\/wp\/v2\/pages\/729","targetHints":{"allow":["GET"]}}],"collection":[{"href":"https:\/\/airsensing.com\/fr\/wp-json\/wp\/v2\/pages"}],"about":[{"href":"https:\/\/airsensing.com\/fr\/wp-json\/wp\/v2\/types\/page"}],"author":[{"embeddable":true,"href":"https:\/\/airsensing.com\/fr\/wp-json\/wp\/v2\/users\/1"}],"replies":[{"embeddable":true,"href":"https:\/\/airsensing.com\/fr\/wp-json\/wp\/v2\/comments?post=729"}],"version-history":[{"count":9,"href":"https:\/\/airsensing.com\/fr\/wp-json\/wp\/v2\/pages\/729\/revisions"}],"predecessor-version":[{"id":1471,"href":"https:\/\/airsensing.com\/fr\/wp-json\/wp\/v2\/pages\/729\/revisions\/1471"}],"up":[{"embeddable":true,"href":"https:\/\/airsensing.com\/fr\/wp-json\/wp\/v2\/pages\/649"}],"wp:attachment":[{"href":"https:\/\/airsensing.com\/fr\/wp-json\/wp\/v2\/media?parent=729"}],"curies":[{"name":"wp","href":"https:\/\/api.w.org\/{rel}","templated":true}]}}